{"id":30639,"date":"2015-06-17T10:41:48","date_gmt":"2015-06-17T10:41:48","guid":{"rendered":"https:\/\/shop.metal-badge.ch\/?product=menottes-de-pied-argent-double-lock-inox-avec-2-cles"},"modified":"2015-06-17T10:46:16","modified_gmt":"2015-06-17T10:46:16","slug":"menottes-de-pied-argent-double-lock-inox-avec-2-cles","status":"publish","type":"product","link":"https:\/\/metal-badge.ch\/fr\/product\/30639\/menottes-de-pied-argent-double-lock-inox-avec-2-cles\/","title":{"rendered":"Menottes de pied, argent, double lock, inox, avec 2 cl\u00e9s"},"content":{"rendered":"<p>Les menottes de pied en inox convainc par sa vraie qualit\u00e9 de pro et dispose d&rsquo;un bouton de blocage (double lock). <br \/>\nLa cha\u00eene entre les deux menottes mesure 48 cm de longueur. Cette longueur permet de marcher\/courir malgr\u00e9 les menottes. Le diam\u00e8tre maximal des menottes est d&rsquo;env. 9 cm. Un sac en nylon avec fermeture-\u00e9clair est \u00e9galement fourni.<\/p>\n<p>&#8211; Poids : 650 g. <br \/>\n&#8211; Couleur : Argent<br \/>\n&#8211; Mat\u00e9riau : Acier inox<br \/>\n&#8211; Avec 2 cl\u00e9s<br \/>\n&#8211; Longueur de la cha\u00eene<\/p>\n","protected":false},"excerpt":{"rendered":"<p>Les menottes de pied en inox convainc par sa vraie qualit\u00e9 de pro et dispose d&rsquo;un bouton de blocage (double lock). La cha\u00eene entre les deux menottes mesure 48 cm de longueur. Cette longueur permet de marcher\/courir malgr\u00e9 les menottes. Le diam\u00e8tre maximal des menottes est d&rsquo;env. 9 cm. Un sac en nylon avec fermeture-\u00e9clair [&hellip;]<\/p>\n","protected":false},"featured_media":90787,"comment_status":"open","ping_status":"closed","template":"","meta":{"inline_featured_image":false},"product_brand":[],"product_cat":[1463],"product_tag":[1781],"class_list":{"0":"post-30639","1":"product","2":"type-product","3":"status-publish","4":"has-post-thumbnail","6":"product_cat-menottes-bracelets-de-cheville-zak-tool","7":"product_tag-police-securite","9":"first","10":"instock","11":"taxable","12":"shipping-taxable","13":"purchasable","14":"product-type-simple"},"_links":{"self":[{"href":"https:\/\/metal-badge.ch\/fr\/wp-json\/wp\/v2\/product\/30639","targetHints":{"allow":["GET"]}}],"collection":[{"href":"https:\/\/metal-badge.ch\/fr\/wp-json\/wp\/v2\/product"}],"about":[{"href":"https:\/\/metal-badge.ch\/fr\/wp-json\/wp\/v2\/types\/product"}],"replies":[{"embeddable":true,"href":"https:\/\/metal-badge.ch\/fr\/wp-json\/wp\/v2\/comments?post=30639"}],"wp:featuredmedia":[{"embeddable":true,"href":"https:\/\/metal-badge.ch\/fr\/wp-json\/wp\/v2\/media\/90787"}],"wp:attachment":[{"href":"https:\/\/metal-badge.ch\/fr\/wp-json\/wp\/v2\/media?parent=30639"}],"wp:term":[{"taxonomy":"product_brand","embeddable":true,"href":"https:\/\/metal-badge.ch\/fr\/wp-json\/wp\/v2\/product_brand?post=30639"},{"taxonomy":"product_cat","embeddable":true,"href":"https:\/\/metal-badge.ch\/fr\/wp-json\/wp\/v2\/product_cat?post=30639"},{"taxonomy":"product_tag","embeddable":true,"href":"https:\/\/metal-badge.ch\/fr\/wp-json\/wp\/v2\/product_tag?post=30639"}],"curies":[{"name":"wp","href":"https:\/\/api.w.org\/{rel}","templated":true}]}}