{"id":30604,"date":"2015-06-16T19:17:28","date_gmt":"2015-06-16T19:17:28","guid":{"rendered":"https:\/\/shop.metal-badge.ch\/?product=chapeau-de-pluie-vert-olive-313-th5"},"modified":"2024-11-24T16:08:45","modified_gmt":"2024-11-24T15:08:45","slug":"chapeau-de-pluie-vert-olive-313-th5","status":"publish","type":"product","link":"https:\/\/metal-badge.ch\/fr\/product\/30604\/chapeau-de-pluie-vert-olive-313-th5\/","title":{"rendered":"Chapeau de pluie vert olive 313-TH5"},"content":{"rendered":"<p>Chapeau de pluie formable 100 % \u00e9tanche en polyester, nylon. Ce chapeau de pluie est tr\u00e8s agr\u00e9able \u00e0 porter et est disponible dans diverses dimensions. Id\u00e9al en ext\u00e9rieur, pour la chasse et la p\u00eache. Couleur : olive Le large bord prot\u00e8ge du soleil et de la pluie. Peut \u00eatre roul\u00e9 pour un rangement compact. Sangle r\u00e9glable au menton. Avec bande de fixation sur le pourtour pour le mat\u00e9riel de camouflage etc.<br \/>\nTailles : S=56 \/ M=57 \/ L=58 \/ XL = 60<\/p>\n","protected":false},"excerpt":{"rendered":"<p>Chapeau de pluie formable 100 % \u00e9tanche en polyester, nylon. Ce chapeau de pluie est tr\u00e8s agr\u00e9able \u00e0 porter et est disponible dans diverses dimensions. Id\u00e9al en ext\u00e9rieur, pour la chasse et la p\u00eache. Couleur : olive Le large bord prot\u00e8ge du soleil et de la pluie. Peut \u00eatre roul\u00e9 pour un rangement compact. Sangle [&hellip;]<\/p>\n","protected":false},"featured_media":90799,"comment_status":"open","ping_status":"closed","template":"","meta":{"inline_featured_image":false},"product_brand":[],"product_cat":[1347,1622,1586],"product_tag":[1769,1777,1773,1765],"class_list":{"0":"post-30604","1":"product","2":"type-product","3":"status-publish","4":"has-post-thumbnail","6":"product_cat-accessoires-militaires-de-chasse","7":"product_cat-cappes","8":"product_cat-protection-contre-la-pluie","9":"product_tag-army-survival-fr","10":"product_tag-camping-voyage","11":"product_tag-chasse-peche","12":"product_tag-sport-outdoor-fr","14":"first","15":"instock","16":"taxable","17":"shipping-taxable","18":"purchasable","19":"product-type-simple"},"_links":{"self":[{"href":"https:\/\/metal-badge.ch\/fr\/wp-json\/wp\/v2\/product\/30604","targetHints":{"allow":["GET"]}}],"collection":[{"href":"https:\/\/metal-badge.ch\/fr\/wp-json\/wp\/v2\/product"}],"about":[{"href":"https:\/\/metal-badge.ch\/fr\/wp-json\/wp\/v2\/types\/product"}],"replies":[{"embeddable":true,"href":"https:\/\/metal-badge.ch\/fr\/wp-json\/wp\/v2\/comments?post=30604"}],"wp:featuredmedia":[{"embeddable":true,"href":"https:\/\/metal-badge.ch\/fr\/wp-json\/wp\/v2\/media\/90799"}],"wp:attachment":[{"href":"https:\/\/metal-badge.ch\/fr\/wp-json\/wp\/v2\/media?parent=30604"}],"wp:term":[{"taxonomy":"product_brand","embeddable":true,"href":"https:\/\/metal-badge.ch\/fr\/wp-json\/wp\/v2\/product_brand?post=30604"},{"taxonomy":"product_cat","embeddable":true,"href":"https:\/\/metal-badge.ch\/fr\/wp-json\/wp\/v2\/product_cat?post=30604"},{"taxonomy":"product_tag","embeddable":true,"href":"https:\/\/metal-badge.ch\/fr\/wp-json\/wp\/v2\/product_tag?post=30604"}],"curies":[{"name":"wp","href":"https:\/\/api.w.org\/{rel}","templated":true}]}}