{"id":30597,"date":"2015-06-16T18:48:57","date_gmt":"2015-06-16T18:48:57","guid":{"rendered":"https:\/\/shop.metal-badge.ch\/?product=chemise-olive-rip-stop"},"modified":"2015-06-17T15:35:52","modified_gmt":"2015-06-17T15:35:52","slug":"chemise-olive-rip-stop","status":"publish","type":"product","link":"https:\/\/metal-badge.ch\/fr\/product\/30597\/chemise-olive-rip-stop\/","title":{"rendered":"Chemise olive Rip-Stop"},"content":{"rendered":"<p>Un favori au poids l\u00e9ger. Fabriqu\u00e9 dans un mat\u00e9riau solide Rip-Stop. Deux poches sur le torse avec bouton contribuent \u00e0 votre confort. Cette chemise couleur olive en version manches longues poss\u00e8de deux passants d&rsquo;\u00e9paules. Le tissu ripstop extr\u00eamement solide est de plus r\u00e9sistant \u00e0 la salet\u00e9, \u00e0 l&rsquo;eau et aux t\u00e2ches. Notre<\/p>\n","protected":false},"excerpt":{"rendered":"<p>Un favori au poids l\u00e9ger. Fabriqu\u00e9 dans un mat\u00e9riau solide Rip-Stop. Deux poches sur le torse avec bouton contribuent \u00e0 votre confort. Cette chemise couleur olive en version manches longues poss\u00e8de deux passants d&rsquo;\u00e9paules. Le tissu ripstop extr\u00eamement solide est de plus r\u00e9sistant \u00e0 la salet\u00e9, \u00e0 l&rsquo;eau et aux t\u00e2ches. Notre<\/p>\n","protected":false},"featured_media":90801,"comment_status":"open","ping_status":"closed","template":"","meta":{"inline_featured_image":false},"product_brand":[],"product_cat":[1347,1579],"product_tag":[1769,1773,1765],"class_list":{"0":"post-30597","1":"product","2":"type-product","3":"status-publish","4":"has-post-thumbnail","6":"product_cat-accessoires-militaires-de-chasse","7":"product_cat-chemises","8":"product_tag-army-survival-fr","9":"product_tag-chasse-peche","10":"product_tag-sport-outdoor-fr","12":"first","13":"instock","14":"taxable","15":"shipping-taxable","16":"purchasable","17":"product-type-simple"},"_links":{"self":[{"href":"https:\/\/metal-badge.ch\/fr\/wp-json\/wp\/v2\/product\/30597","targetHints":{"allow":["GET"]}}],"collection":[{"href":"https:\/\/metal-badge.ch\/fr\/wp-json\/wp\/v2\/product"}],"about":[{"href":"https:\/\/metal-badge.ch\/fr\/wp-json\/wp\/v2\/types\/product"}],"replies":[{"embeddable":true,"href":"https:\/\/metal-badge.ch\/fr\/wp-json\/wp\/v2\/comments?post=30597"}],"wp:featuredmedia":[{"embeddable":true,"href":"https:\/\/metal-badge.ch\/fr\/wp-json\/wp\/v2\/media\/90801"}],"wp:attachment":[{"href":"https:\/\/metal-badge.ch\/fr\/wp-json\/wp\/v2\/media?parent=30597"}],"wp:term":[{"taxonomy":"product_brand","embeddable":true,"href":"https:\/\/metal-badge.ch\/fr\/wp-json\/wp\/v2\/product_brand?post=30597"},{"taxonomy":"product_cat","embeddable":true,"href":"https:\/\/metal-badge.ch\/fr\/wp-json\/wp\/v2\/product_cat?post=30597"},{"taxonomy":"product_tag","embeddable":true,"href":"https:\/\/metal-badge.ch\/fr\/wp-json\/wp\/v2\/product_tag?post=30597"}],"curies":[{"name":"wp","href":"https:\/\/api.w.org\/{rel}","templated":true}]}}