{"id":30590,"date":"2015-06-16T18:38:34","date_gmt":"2015-06-16T18:38:34","guid":{"rendered":"https:\/\/shop.metal-badge.ch\/?product=chemise-casual-a-manches-longues-de-yveslous-en-olive"},"modified":"2015-06-16T18:41:33","modified_gmt":"2015-06-16T18:41:33","slug":"chemise-casual-a-manches-longues-de-yveslous-en-olive","status":"publish","type":"product","link":"https:\/\/metal-badge.ch\/fr\/product\/30590\/chemise-casual-a-manches-longues-de-yveslous-en-olive\/","title":{"rendered":"Chemise casual \u00e0 manches longues de Yveslous en olive"},"content":{"rendered":"<p>Chemise \u00e0 manches longues tr\u00e8s confortable et pratique. 100 % pur coton, cette chemise en twill est particuli\u00e8rement agr\u00e9able \u00e0 porter. Cette chemise poss\u00e8de deux poches appliqu\u00e9es sur le torse avec des boutons ainsi que des boucles sur les \u00e9paules. Cette chemise olive est atemporelle et parfaitement combinable. Manches roll up avec boutons. Cette chemise poss\u00e8de des doubles coutures et est tr\u00e8s r\u00e9sistante et elle garantit ainsi une longue dur\u00e9e de vie. Forme classique.<\/p>\n","protected":false},"excerpt":{"rendered":"<p>Chemise \u00e0 manches longues tr\u00e8s confortable et pratique. 100 % pur coton, cette chemise en twill est particuli\u00e8rement agr\u00e9able \u00e0 porter. Cette chemise poss\u00e8de deux poches appliqu\u00e9es sur le torse avec des boutons ainsi que des boucles sur les \u00e9paules. Cette chemise olive est atemporelle et parfaitement combinable. Manches roll up avec boutons. Cette chemise [&hellip;]<\/p>\n","protected":false},"featured_media":55697,"comment_status":"open","ping_status":"closed","template":"","meta":{"inline_featured_image":false},"product_brand":[],"product_cat":[1347,1579],"product_tag":[1769,1773,1765],"class_list":{"0":"post-30590","1":"product","2":"type-product","3":"status-publish","4":"has-post-thumbnail","6":"product_cat-accessoires-militaires-de-chasse","7":"product_cat-chemises","8":"product_tag-army-survival-fr","9":"product_tag-chasse-peche","10":"product_tag-sport-outdoor-fr","12":"first","13":"instock","14":"taxable","15":"shipping-taxable","16":"purchasable","17":"product-type-simple"},"_links":{"self":[{"href":"https:\/\/metal-badge.ch\/fr\/wp-json\/wp\/v2\/product\/30590","targetHints":{"allow":["GET"]}}],"collection":[{"href":"https:\/\/metal-badge.ch\/fr\/wp-json\/wp\/v2\/product"}],"about":[{"href":"https:\/\/metal-badge.ch\/fr\/wp-json\/wp\/v2\/types\/product"}],"replies":[{"embeddable":true,"href":"https:\/\/metal-badge.ch\/fr\/wp-json\/wp\/v2\/comments?post=30590"}],"wp:featuredmedia":[{"embeddable":true,"href":"https:\/\/metal-badge.ch\/fr\/wp-json\/wp\/v2\/media\/55697"}],"wp:attachment":[{"href":"https:\/\/metal-badge.ch\/fr\/wp-json\/wp\/v2\/media?parent=30590"}],"wp:term":[{"taxonomy":"product_brand","embeddable":true,"href":"https:\/\/metal-badge.ch\/fr\/wp-json\/wp\/v2\/product_brand?post=30590"},{"taxonomy":"product_cat","embeddable":true,"href":"https:\/\/metal-badge.ch\/fr\/wp-json\/wp\/v2\/product_cat?post=30590"},{"taxonomy":"product_tag","embeddable":true,"href":"https:\/\/metal-badge.ch\/fr\/wp-json\/wp\/v2\/product_tag?post=30590"}],"curies":[{"name":"wp","href":"https:\/\/api.w.org\/{rel}","templated":true}]}}