{"id":30580,"date":"2015-06-16T18:30:19","date_gmt":"2015-06-16T18:30:19","guid":{"rendered":"https:\/\/shop.metal-badge.ch\/?product=casquette-de-baseball-security-313-tc2"},"modified":"2020-08-02T01:13:57","modified_gmt":"2020-08-02T01:13:57","slug":"casquette-de-baseball-security-313-tc2","status":"publish","type":"product","link":"https:\/\/metal-badge.ch\/fr\/product\/30580\/casquette-de-baseball-security-313-tc2\/","title":{"rendered":"Casquette de baseball Security 313-TC2"},"content":{"rendered":"<p>La casquette est noire, brod\u00e9e avec l&rsquo;inscription SECURITY sur la visi\u00e8re et le devant. La taille est r\u00e9glable et peut \u00eatre r\u00e9gl\u00e9e individuellement avec une fermeture autogrippante.. Elle est faite d&rsquo;un m\u00e9lange de coton et de mati\u00e8re jean. Tr\u00e8s bonne qualit\u00e9 Coupe optimale. Visi\u00e8re bomb\u00e9e et bandeau anti-sueur int\u00e9gr\u00e9.<\/p>\n","protected":false},"excerpt":{"rendered":"<p>La casquette est noire, brod\u00e9e avec l&rsquo;inscription SECURITY sur la visi\u00e8re et le devant. La taille est r\u00e9glable et peut \u00eatre r\u00e9gl\u00e9e individuellement avec une fermeture autogrippante.. Elle est faite d&rsquo;un m\u00e9lange de coton et de mati\u00e8re jean. Tr\u00e8s bonne qualit\u00e9 Coupe optimale. Visi\u00e8re bomb\u00e9e et bandeau anti-sueur int\u00e9gr\u00e9.<\/p>\n","protected":false},"featured_media":74467,"comment_status":"open","ping_status":"closed","template":"","meta":{"inline_featured_image":false},"product_brand":[],"product_cat":[1622],"product_tag":[1773,1765],"class_list":{"0":"post-30580","1":"product","2":"type-product","3":"status-publish","4":"has-post-thumbnail","6":"product_cat-cappes","7":"product_tag-chasse-peche","8":"product_tag-sport-outdoor-fr","10":"first","11":"instock","12":"taxable","13":"shipping-taxable","14":"purchasable","15":"product-type-simple"},"_links":{"self":[{"href":"https:\/\/metal-badge.ch\/fr\/wp-json\/wp\/v2\/product\/30580","targetHints":{"allow":["GET"]}}],"collection":[{"href":"https:\/\/metal-badge.ch\/fr\/wp-json\/wp\/v2\/product"}],"about":[{"href":"https:\/\/metal-badge.ch\/fr\/wp-json\/wp\/v2\/types\/product"}],"replies":[{"embeddable":true,"href":"https:\/\/metal-badge.ch\/fr\/wp-json\/wp\/v2\/comments?post=30580"}],"wp:featuredmedia":[{"embeddable":true,"href":"https:\/\/metal-badge.ch\/fr\/wp-json\/wp\/v2\/media\/74467"}],"wp:attachment":[{"href":"https:\/\/metal-badge.ch\/fr\/wp-json\/wp\/v2\/media?parent=30580"}],"wp:term":[{"taxonomy":"product_brand","embeddable":true,"href":"https:\/\/metal-badge.ch\/fr\/wp-json\/wp\/v2\/product_brand?post=30580"},{"taxonomy":"product_cat","embeddable":true,"href":"https:\/\/metal-badge.ch\/fr\/wp-json\/wp\/v2\/product_cat?post=30580"},{"taxonomy":"product_tag","embeddable":true,"href":"https:\/\/metal-badge.ch\/fr\/wp-json\/wp\/v2\/product_tag?post=30580"}],"curies":[{"name":"wp","href":"https:\/\/api.w.org\/{rel}","templated":true}]}}