{"id":30573,"date":"2015-06-16T18:19:56","date_gmt":"2015-06-16T18:19:56","guid":{"rendered":"https:\/\/shop.metal-badge.ch\/?product=casquette-de-baseball-pour-les-chasseurs-en-couleur-camouflage"},"modified":"2020-08-02T01:13:54","modified_gmt":"2020-08-02T01:13:54","slug":"casquette-de-baseball-pour-les-chasseurs-en-couleur-camouflage","status":"publish","type":"product","link":"https:\/\/metal-badge.ch\/fr\/product\/30573\/casquette-de-baseball-pour-les-chasseurs-en-couleur-camouflage\/","title":{"rendered":"Casquette de baseball pour les chasseurs en couleur camouflage"},"content":{"rendered":"<p>Prot\u00e8ge du soleil. Garde la t\u00eate au frais.<br \/>\nLa casquette couleur camouflage convient \u00e0 la chasse et aux activit\u00e9s d&rsquo;ext\u00e9rieur. La taille est r\u00e9glable et peut \u00eatre r\u00e9gl\u00e9e individuellement avec une fermeture. Le mat\u00e9riau est fait d&rsquo;un mat\u00e9riau mixte 70 % polyester et 30 % coton. Tr\u00e8s bonne qualit\u00e9 Coupe optimale. Visi\u00e8re bomb\u00e9e et bandeau anti-sueur int\u00e9gr\u00e9.<\/p>\n","protected":false},"excerpt":{"rendered":"<p>Prot\u00e8ge du soleil. Garde la t\u00eate au frais. La casquette couleur camouflage convient \u00e0 la chasse et aux activit\u00e9s d&rsquo;ext\u00e9rieur. La taille est r\u00e9glable et peut \u00eatre r\u00e9gl\u00e9e individuellement avec une fermeture. Le mat\u00e9riau est fait d&rsquo;un mat\u00e9riau mixte 70 % polyester et 30 % coton. Tr\u00e8s bonne qualit\u00e9 Coupe optimale. Visi\u00e8re bomb\u00e9e et bandeau [&hellip;]<\/p>\n","protected":false},"featured_media":90803,"comment_status":"open","ping_status":"closed","template":"","meta":{"inline_featured_image":false},"product_brand":[],"product_cat":[1347,1622],"product_tag":[1769,1773,1765],"class_list":{"0":"post-30573","1":"product","2":"type-product","3":"status-publish","4":"has-post-thumbnail","6":"product_cat-accessoires-militaires-de-chasse","7":"product_cat-cappes","8":"product_tag-army-survival-fr","9":"product_tag-chasse-peche","10":"product_tag-sport-outdoor-fr","12":"first","13":"instock","14":"taxable","15":"shipping-taxable","16":"purchasable","17":"product-type-simple"},"_links":{"self":[{"href":"https:\/\/metal-badge.ch\/fr\/wp-json\/wp\/v2\/product\/30573","targetHints":{"allow":["GET"]}}],"collection":[{"href":"https:\/\/metal-badge.ch\/fr\/wp-json\/wp\/v2\/product"}],"about":[{"href":"https:\/\/metal-badge.ch\/fr\/wp-json\/wp\/v2\/types\/product"}],"replies":[{"embeddable":true,"href":"https:\/\/metal-badge.ch\/fr\/wp-json\/wp\/v2\/comments?post=30573"}],"wp:featuredmedia":[{"embeddable":true,"href":"https:\/\/metal-badge.ch\/fr\/wp-json\/wp\/v2\/media\/90803"}],"wp:attachment":[{"href":"https:\/\/metal-badge.ch\/fr\/wp-json\/wp\/v2\/media?parent=30573"}],"wp:term":[{"taxonomy":"product_brand","embeddable":true,"href":"https:\/\/metal-badge.ch\/fr\/wp-json\/wp\/v2\/product_brand?post=30573"},{"taxonomy":"product_cat","embeddable":true,"href":"https:\/\/metal-badge.ch\/fr\/wp-json\/wp\/v2\/product_cat?post=30573"},{"taxonomy":"product_tag","embeddable":true,"href":"https:\/\/metal-badge.ch\/fr\/wp-json\/wp\/v2\/product_tag?post=30573"}],"curies":[{"name":"wp","href":"https:\/\/api.w.org\/{rel}","templated":true}]}}