{"id":30567,"date":"2015-06-16T16:23:02","date_gmt":"2015-06-16T16:23:02","guid":{"rendered":"https:\/\/shop.metal-badge.ch\/?product=casquette-de-police-de-deguisement"},"modified":"2015-06-16T16:32:33","modified_gmt":"2015-06-16T16:32:33","slug":"casquette-de-police-de-deguisement","status":"publish","type":"product","link":"https:\/\/metal-badge.ch\/fr\/product\/30567\/casquette-de-police-de-deguisement\/","title":{"rendered":"Casquette de police de d\u00e9guisement"},"content":{"rendered":"<p>Nous vous proposons une casquette tr\u00e8s cool pour faire sensation. Elle est bleu fonc\u00e9e avec une visi\u00e8re et une insigne noires. Cette casquette convient \u00e9galement aux adultes.<br \/>\nCASQUETTE DE POLICE bleue pour les enfants et les adultes<br \/>\nCouleur : bleue fonc\u00e9e  56 cm extensible<br \/> <br \/>\nMati\u00e8re : Nylon \/ polyester<\/p>\n","protected":false},"excerpt":{"rendered":"<p>Nous vous proposons une casquette tr\u00e8s cool pour faire sensation. Elle est bleu fonc\u00e9e avec une visi\u00e8re et une insigne noires. Cette casquette convient \u00e9galement aux adultes. CASQUETTE DE POLICE bleue pour les enfants et les adultes Couleur : bleue fonc\u00e9e 56 cm extensible Mati\u00e8re : Nylon \/ polyester<\/p>\n","protected":false},"featured_media":90805,"comment_status":"open","ping_status":"closed","template":"","meta":{"inline_featured_image":false},"product_brand":[],"product_cat":[1211],"product_tag":[1789],"class_list":{"0":"post-30567","1":"product","2":"type-product","3":"status-publish","4":"has-post-thumbnail","6":"product_cat-enfants-divertissement","7":"product_tag-enfants-divertissement","9":"first","10":"instock","11":"taxable","12":"shipping-taxable","13":"purchasable","14":"product-type-simple"},"_links":{"self":[{"href":"https:\/\/metal-badge.ch\/fr\/wp-json\/wp\/v2\/product\/30567","targetHints":{"allow":["GET"]}}],"collection":[{"href":"https:\/\/metal-badge.ch\/fr\/wp-json\/wp\/v2\/product"}],"about":[{"href":"https:\/\/metal-badge.ch\/fr\/wp-json\/wp\/v2\/types\/product"}],"replies":[{"embeddable":true,"href":"https:\/\/metal-badge.ch\/fr\/wp-json\/wp\/v2\/comments?post=30567"}],"wp:featuredmedia":[{"embeddable":true,"href":"https:\/\/metal-badge.ch\/fr\/wp-json\/wp\/v2\/media\/90805"}],"wp:attachment":[{"href":"https:\/\/metal-badge.ch\/fr\/wp-json\/wp\/v2\/media?parent=30567"}],"wp:term":[{"taxonomy":"product_brand","embeddable":true,"href":"https:\/\/metal-badge.ch\/fr\/wp-json\/wp\/v2\/product_brand?post=30567"},{"taxonomy":"product_cat","embeddable":true,"href":"https:\/\/metal-badge.ch\/fr\/wp-json\/wp\/v2\/product_cat?post=30567"},{"taxonomy":"product_tag","embeddable":true,"href":"https:\/\/metal-badge.ch\/fr\/wp-json\/wp\/v2\/product_tag?post=30567"}],"curies":[{"name":"wp","href":"https:\/\/api.w.org\/{rel}","templated":true}]}}