{"id":30556,"date":"2015-06-16T16:00:35","date_gmt":"2015-06-16T16:00:35","guid":{"rendered":"https:\/\/shop.metal-badge.ch\/?product=pack-de-2-soldats-true-heroes-steel-et-ghost"},"modified":"2020-08-02T01:13:42","modified_gmt":"2020-08-02T01:13:42","slug":"pack-de-2-soldats-true-heroes-steel-et-ghost","status":"publish","type":"product","link":"https:\/\/metal-badge.ch\/fr\/product\/30556\/pack-de-2-soldats-true-heroes-steel-et-ghost\/","title":{"rendered":"Pack de 2 soldats True Heroes &#8211; Steel et Ghost"},"content":{"rendered":"<p>Les leaders du monde libre se sont r\u00e9unis pour former la sentinelle 1, une \u00e9lite de forces sp\u00e9ciales top secr\u00e8tes comprenant les agents militaires les plus qualifi\u00e9s du monde entier. Wolf est l&rsquo;expert de toutes les armes d&rsquo;infanterie l\u00e9g\u00e8res et des armes blanches. Il s&rsquo;est sp\u00e9cialis\u00e9 dans la formation aux armes martiaux, l&rsquo;alpinisme, la survie dans la jungle, le d\u00e9sert et l&rsquo;Arctique. Wolf pr\u00e9f\u00e8re les larges espaces ouverts et dormir \u00e0 la belle \u00e9toile. Lorsqu&rsquo;il est en int\u00e9rieur, il commence \u00e0 faire les cent pas comme un animal en cage. C&rsquo;est un vrai loup solitaire qui a tendance \u00e0 garder ses distances. Dans une embuscade, l&rsquo;animal sauvage sort de lui et vous n&rsquo;aimeriez avoir personne d&rsquo;autre \u00e0 vos c\u00f4t\u00e9s. Les figurines d&rsquo;action Sentinelle 1, les v\u00e9hicules et les sets de jeu sont de grande qualit\u00e9.<br \/>\nTaille : 10 cm <br \/>\nPoids : 130 g<\/p>\n","protected":false},"excerpt":{"rendered":"<p>Les leaders du monde libre se sont r\u00e9unis pour former la sentinelle 1, une \u00e9lite de forces sp\u00e9ciales top secr\u00e8tes comprenant les agents militaires les plus qualifi\u00e9s du monde entier. Wolf est l&rsquo;expert de toutes les armes d&rsquo;infanterie l\u00e9g\u00e8res et des armes blanches. Il s&rsquo;est sp\u00e9cialis\u00e9 dans la formation aux armes martiaux, l&rsquo;alpinisme, la survie [&hellip;]<\/p>\n","protected":false},"featured_media":90809,"comment_status":"open","ping_status":"closed","template":"","meta":{"inline_featured_image":false},"product_brand":[],"product_cat":[1211],"product_tag":[1789],"class_list":{"0":"post-30556","1":"product","2":"type-product","3":"status-publish","4":"has-post-thumbnail","6":"product_cat-enfants-divertissement","7":"product_tag-enfants-divertissement","9":"first","10":"instock","11":"taxable","12":"shipping-taxable","13":"purchasable","14":"product-type-simple"},"_links":{"self":[{"href":"https:\/\/metal-badge.ch\/fr\/wp-json\/wp\/v2\/product\/30556","targetHints":{"allow":["GET"]}}],"collection":[{"href":"https:\/\/metal-badge.ch\/fr\/wp-json\/wp\/v2\/product"}],"about":[{"href":"https:\/\/metal-badge.ch\/fr\/wp-json\/wp\/v2\/types\/product"}],"replies":[{"embeddable":true,"href":"https:\/\/metal-badge.ch\/fr\/wp-json\/wp\/v2\/comments?post=30556"}],"wp:featuredmedia":[{"embeddable":true,"href":"https:\/\/metal-badge.ch\/fr\/wp-json\/wp\/v2\/media\/90809"}],"wp:attachment":[{"href":"https:\/\/metal-badge.ch\/fr\/wp-json\/wp\/v2\/media?parent=30556"}],"wp:term":[{"taxonomy":"product_brand","embeddable":true,"href":"https:\/\/metal-badge.ch\/fr\/wp-json\/wp\/v2\/product_brand?post=30556"},{"taxonomy":"product_cat","embeddable":true,"href":"https:\/\/metal-badge.ch\/fr\/wp-json\/wp\/v2\/product_cat?post=30556"},{"taxonomy":"product_tag","embeddable":true,"href":"https:\/\/metal-badge.ch\/fr\/wp-json\/wp\/v2\/product_tag?post=30556"}],"curies":[{"name":"wp","href":"https:\/\/api.w.org\/{rel}","templated":true}]}}