{"id":30536,"date":"2015-06-16T12:49:03","date_gmt":"2015-06-16T12:49:03","guid":{"rendered":"https:\/\/shop.metal-badge.ch\/?product=t-shirt-ipa-retro-noir"},"modified":"2015-06-16T13:10:39","modified_gmt":"2015-06-16T13:10:39","slug":"t-shirt-ipa-retro-noir","status":"publish","type":"product","link":"https:\/\/metal-badge.ch\/fr\/product\/30536\/t-shirt-ipa-retro-noir\/","title":{"rendered":"T-shirt IPA r\u00e9tro noir"},"content":{"rendered":"<p>Le t-shirt classique avec col rond. Style r\u00e9tro. Qualit\u00e9 extensible et tr\u00e8s confortable. Agr\u00e9able \u00e0 porter et tr\u00e8s facile \u00e0 nettoyer. 100 % coton, 180 GSM single Jersey.<br \/>\nImprim\u00e9 avec POLICE, le logo IPA et le badge. <br \/>\nDisponibles dans plusieurs tailles.<br \/>\nCouleur : noir<\/p>\n","protected":false},"excerpt":{"rendered":"<p>Le t-shirt classique avec col rond. Style r\u00e9tro. Qualit\u00e9 extensible et tr\u00e8s confortable. Agr\u00e9able \u00e0 porter et tr\u00e8s facile \u00e0 nettoyer. 100 % coton, 180 GSM single Jersey. Imprim\u00e9 avec POLICE, le logo IPA et le badge. Disponibles dans plusieurs tailles. Couleur : noir<\/p>\n","protected":false},"featured_media":54814,"comment_status":"open","ping_status":"closed","template":"","meta":{"inline_featured_image":false},"product_brand":[],"product_cat":[1263,1570],"product_tag":[1761,1765],"class_list":{"0":"post-30536","1":"product","2":"type-product","3":"status-publish","4":"has-post-thumbnail","6":"product_cat-ipa-casual-wear-fr","7":"product_cat-t-shirts-polo-shirts-fr","8":"product_tag-ipa-casual-wear-gadgets-fr","9":"product_tag-sport-outdoor-fr","11":"first","12":"instock","13":"taxable","14":"shipping-taxable","15":"purchasable","16":"product-type-simple"},"_links":{"self":[{"href":"https:\/\/metal-badge.ch\/fr\/wp-json\/wp\/v2\/product\/30536","targetHints":{"allow":["GET"]}}],"collection":[{"href":"https:\/\/metal-badge.ch\/fr\/wp-json\/wp\/v2\/product"}],"about":[{"href":"https:\/\/metal-badge.ch\/fr\/wp-json\/wp\/v2\/types\/product"}],"replies":[{"embeddable":true,"href":"https:\/\/metal-badge.ch\/fr\/wp-json\/wp\/v2\/comments?post=30536"}],"wp:featuredmedia":[{"embeddable":true,"href":"https:\/\/metal-badge.ch\/fr\/wp-json\/wp\/v2\/media\/54814"}],"wp:attachment":[{"href":"https:\/\/metal-badge.ch\/fr\/wp-json\/wp\/v2\/media?parent=30536"}],"wp:term":[{"taxonomy":"product_brand","embeddable":true,"href":"https:\/\/metal-badge.ch\/fr\/wp-json\/wp\/v2\/product_brand?post=30536"},{"taxonomy":"product_cat","embeddable":true,"href":"https:\/\/metal-badge.ch\/fr\/wp-json\/wp\/v2\/product_cat?post=30536"},{"taxonomy":"product_tag","embeddable":true,"href":"https:\/\/metal-badge.ch\/fr\/wp-json\/wp\/v2\/product_tag?post=30536"}],"curies":[{"name":"wp","href":"https:\/\/api.w.org\/{rel}","templated":true}]}}