{"id":30522,"date":"2015-06-16T12:25:10","date_gmt":"2015-06-16T12:25:10","guid":{"rendered":"https:\/\/shop.metal-badge.ch\/?product=veste-fonctionnelle-softshell-bleue-avec-logo-ipa"},"modified":"2015-06-16T13:11:10","modified_gmt":"2015-06-16T13:11:10","slug":"veste-fonctionnelle-softshell-bleue-avec-logo-ipa","status":"publish","type":"product","link":"https:\/\/metal-badge.ch\/fr\/product\/30522\/veste-fonctionnelle-softshell-bleue-avec-logo-ipa\/","title":{"rendered":"Veste fonctionnelle softshell bleue avec logo IPA"},"content":{"rendered":"<p>Cette veste softshell d&rsquo;une coupe classique et sportive est dans un \u00ab\u00a0bleu\u00a0\u00bb ultra-tendance. Le softshell est un mat\u00e9riau high-tech parfait pour toutes les activit\u00e9s d&rsquo;ext\u00e9rieur. Notre membrane de qualit\u00e9 est coupe-vent, \u00e9tanche jusqu&rsquo;\u00e0 4.000 m et extr\u00eamement respirante. Ainsi, notre veste softshell reste bien s\u00e8che et chaude. Les fermetures-\u00e9clair sont \u00e9tanches et \u00e9largissent le champ d&rsquo;utilisation de cette veste fonctionnelle. La veste est \u00e9quip\u00e9e de deux grandes poches lat\u00e9rales et d&rsquo;une poche sur le torse, \u00e0 l&rsquo;ext\u00e9rieur. Cette veste est brod\u00e9e sur le bras droit et sur le torse \u00e0 droite avec le logo IPA:<\/p>\n<p>Caract\u00e9ristiques du produit :<br \/> <br \/>\n&#8211; \u00e9tanche &#8211; 4.0000 mm<br \/> <br \/>\n&#8211; coupe-vent<br \/> <br \/>\n&#8211; 2 poches avant avec fermeture-\u00e9clair<br \/> <br \/>\n&#8211; Fermeture-\u00e9clairs s\u00e8ches<br \/> <br \/>\n&#8211; Col haut avec prot\u00e8ge-menton et rembourrage chaud en polaire<br \/> <br \/>\n&#8211; Manche avec bande autogrippante r\u00e9glable<br \/> <br \/>\n&#8211; lavable \u00e0 30 degr\u00e9s<br \/> <br \/>\n&#8211; Couleur : bleu \/ polaire \u00e0 l&rsquo;int\u00e9rieur \/ mat\u00e9riau fonctionnel noir<br \/> <br \/>\n&#8211; 96 % polyester \/ 4 % Spandex \/ 144F polaire<br \/> <br \/>\n&#8211; Poids 285 gm<\/p>\n","protected":false},"excerpt":{"rendered":"<p>Cette veste softshell d&rsquo;une coupe classique et sportive est dans un \u00ab\u00a0bleu\u00a0\u00bb ultra-tendance. Le softshell est un mat\u00e9riau high-tech parfait pour toutes les activit\u00e9s d&rsquo;ext\u00e9rieur. Notre membrane de qualit\u00e9 est coupe-vent, \u00e9tanche jusqu&rsquo;\u00e0 4.000 m et extr\u00eamement respirante. Ainsi, notre veste softshell reste bien s\u00e8che et chaude. Les fermetures-\u00e9clair sont \u00e9tanches et \u00e9largissent le champ [&hellip;]<\/p>\n","protected":false},"featured_media":90819,"comment_status":"open","ping_status":"closed","template":"","meta":{"inline_featured_image":false},"product_brand":[],"product_cat":[1263,1602],"product_tag":[1761,1765],"class_list":{"0":"post-30522","1":"product","2":"type-product","3":"status-publish","4":"has-post-thumbnail","6":"product_cat-ipa-casual-wear-fr","7":"product_cat-vestes-en-softshell-pantalons-et-vetements-haute-visibilite","8":"product_tag-ipa-casual-wear-gadgets-fr","9":"product_tag-sport-outdoor-fr","11":"first","12":"instock","13":"taxable","14":"shipping-taxable","15":"purchasable","16":"product-type-simple"},"_links":{"self":[{"href":"https:\/\/metal-badge.ch\/fr\/wp-json\/wp\/v2\/product\/30522","targetHints":{"allow":["GET"]}}],"collection":[{"href":"https:\/\/metal-badge.ch\/fr\/wp-json\/wp\/v2\/product"}],"about":[{"href":"https:\/\/metal-badge.ch\/fr\/wp-json\/wp\/v2\/types\/product"}],"replies":[{"embeddable":true,"href":"https:\/\/metal-badge.ch\/fr\/wp-json\/wp\/v2\/comments?post=30522"}],"wp:featuredmedia":[{"embeddable":true,"href":"https:\/\/metal-badge.ch\/fr\/wp-json\/wp\/v2\/media\/90819"}],"wp:attachment":[{"href":"https:\/\/metal-badge.ch\/fr\/wp-json\/wp\/v2\/media?parent=30522"}],"wp:term":[{"taxonomy":"product_brand","embeddable":true,"href":"https:\/\/metal-badge.ch\/fr\/wp-json\/wp\/v2\/product_brand?post=30522"},{"taxonomy":"product_cat","embeddable":true,"href":"https:\/\/metal-badge.ch\/fr\/wp-json\/wp\/v2\/product_cat?post=30522"},{"taxonomy":"product_tag","embeddable":true,"href":"https:\/\/metal-badge.ch\/fr\/wp-json\/wp\/v2\/product_tag?post=30522"}],"curies":[{"name":"wp","href":"https:\/\/api.w.org\/{rel}","templated":true}]}}