{"id":30511,"date":"2015-06-16T11:36:18","date_gmt":"2015-06-16T11:36:18","guid":{"rendered":"https:\/\/shop.metal-badge.ch\/?product=t-shirt-a-manches-longues-gris-avec-logo-ipa"},"modified":"2015-06-16T13:11:26","modified_gmt":"2015-06-16T13:11:26","slug":"t-shirt-a-manches-longues-gris-avec-logo-ipa","status":"publish","type":"product","link":"https:\/\/metal-badge.ch\/fr\/product\/30511\/t-shirt-a-manches-longues-gris-avec-logo-ipa\/","title":{"rendered":"T-shirt \u00e0 manches longues gris avec logo IPA"},"content":{"rendered":"<p>-shirt \u00e0 manches longues pr\u00e8s du corps avec col rond. 100 % coton. Le tissu utilis\u00e9 est agr\u00e9ablement doux et garantit un grand confort. Le col est form\u00e9 par un bord-c\u00f4t\u00e9 fin, raffin\u00e9. Logo IPA sur la poitrine.   <br \/>\nMat\u00e9riau : 100 % coton<br \/>\nCouleur : gris \/ noir<br \/>\t<br \/>\nT-shirt d\u00e9contract\u00e9 \u00e0 manches longues<br \/>\nCoupe : Col rond<br \/>\t<br \/>\nForme : Normal<\/p>\n","protected":false},"excerpt":{"rendered":"<p>-shirt \u00e0 manches longues pr\u00e8s du corps avec col rond. 100 % coton. Le tissu utilis\u00e9 est agr\u00e9ablement doux et garantit un grand confort. Le col est form\u00e9 par un bord-c\u00f4t\u00e9 fin, raffin\u00e9. Logo IPA sur la poitrine. Mat\u00e9riau : 100 % coton Couleur : gris \/ noir T-shirt d\u00e9contract\u00e9 \u00e0 manches longues Coupe : [&hellip;]<\/p>\n","protected":false},"featured_media":90821,"comment_status":"open","ping_status":"closed","template":"","meta":{"inline_featured_image":false},"product_brand":[],"product_cat":[1263,1570,1103],"product_tag":[1761,1765],"class_list":{"0":"post-30511","1":"product","2":"type-product","3":"status-publish","4":"has-post-thumbnail","6":"product_cat-ipa-casual-wear-fr","7":"product_cat-t-shirts-polo-shirts-fr","8":"product_cat-vetements","9":"product_tag-ipa-casual-wear-gadgets-fr","10":"product_tag-sport-outdoor-fr","12":"first","13":"instock","14":"taxable","15":"shipping-taxable","16":"purchasable","17":"product-type-simple"},"_links":{"self":[{"href":"https:\/\/metal-badge.ch\/fr\/wp-json\/wp\/v2\/product\/30511","targetHints":{"allow":["GET"]}}],"collection":[{"href":"https:\/\/metal-badge.ch\/fr\/wp-json\/wp\/v2\/product"}],"about":[{"href":"https:\/\/metal-badge.ch\/fr\/wp-json\/wp\/v2\/types\/product"}],"replies":[{"embeddable":true,"href":"https:\/\/metal-badge.ch\/fr\/wp-json\/wp\/v2\/comments?post=30511"}],"wp:featuredmedia":[{"embeddable":true,"href":"https:\/\/metal-badge.ch\/fr\/wp-json\/wp\/v2\/media\/90821"}],"wp:attachment":[{"href":"https:\/\/metal-badge.ch\/fr\/wp-json\/wp\/v2\/media?parent=30511"}],"wp:term":[{"taxonomy":"product_brand","embeddable":true,"href":"https:\/\/metal-badge.ch\/fr\/wp-json\/wp\/v2\/product_brand?post=30511"},{"taxonomy":"product_cat","embeddable":true,"href":"https:\/\/metal-badge.ch\/fr\/wp-json\/wp\/v2\/product_cat?post=30511"},{"taxonomy":"product_tag","embeddable":true,"href":"https:\/\/metal-badge.ch\/fr\/wp-json\/wp\/v2\/product_tag?post=30511"}],"curies":[{"name":"wp","href":"https:\/\/api.w.org\/{rel}","templated":true}]}}