{"id":30504,"date":"2015-06-16T11:20:48","date_gmt":"2015-06-16T11:20:48","guid":{"rendered":"https:\/\/shop.metal-badge.ch\/?product=polo-a-manches-courtes-bleu-clair-blanc-avec-logo-ipa"},"modified":"2015-06-16T13:11:43","modified_gmt":"2015-06-16T13:11:43","slug":"polo-a-manches-courtes-bleu-clair-blanc-avec-logo-ipa","status":"publish","type":"product","link":"https:\/\/metal-badge.ch\/fr\/product\/30504\/polo-a-manches-courtes-bleu-clair-blanc-avec-logo-ipa\/","title":{"rendered":"Polo \u00e0 manches courtes bleu clair-blanc avec logo IPA"},"content":{"rendered":"<p>Polo sportif pour homme bleu clair-blanc. Col finement tricot\u00e9 \u00e0 rabats et boutonni\u00e8re avec quatre boutons. Coton piqu\u00e9 de qualit\u00e9 pour un grand confort. Bandes d\u00e9coratives blanches sur les raglans. Ce polo classique, facile \u00e0 entretenir et \u00e0 la forme parfaite 100 % coton single jersey. Logo IPA imprim\u00e9 sur le torse.<\/p>\n","protected":false},"excerpt":{"rendered":"<p>Polo sportif pour homme bleu clair-blanc. Col finement tricot\u00e9 \u00e0 rabats et boutonni\u00e8re avec quatre boutons. Coton piqu\u00e9 de qualit\u00e9 pour un grand confort. Bandes d\u00e9coratives blanches sur les raglans. Ce polo classique, facile \u00e0 entretenir et \u00e0 la forme parfaite 100 % coton single jersey. Logo IPA imprim\u00e9 sur le torse.<\/p>\n","protected":false},"featured_media":90823,"comment_status":"open","ping_status":"closed","template":"","meta":{"inline_featured_image":false},"product_brand":[],"product_cat":[1263,1570],"product_tag":[1761,1765],"class_list":{"0":"post-30504","1":"product","2":"type-product","3":"status-publish","4":"has-post-thumbnail","6":"product_cat-ipa-casual-wear-fr","7":"product_cat-t-shirts-polo-shirts-fr","8":"product_tag-ipa-casual-wear-gadgets-fr","9":"product_tag-sport-outdoor-fr","11":"first","12":"instock","13":"taxable","14":"shipping-taxable","15":"purchasable","16":"product-type-simple"},"_links":{"self":[{"href":"https:\/\/metal-badge.ch\/fr\/wp-json\/wp\/v2\/product\/30504","targetHints":{"allow":["GET"]}}],"collection":[{"href":"https:\/\/metal-badge.ch\/fr\/wp-json\/wp\/v2\/product"}],"about":[{"href":"https:\/\/metal-badge.ch\/fr\/wp-json\/wp\/v2\/types\/product"}],"replies":[{"embeddable":true,"href":"https:\/\/metal-badge.ch\/fr\/wp-json\/wp\/v2\/comments?post=30504"}],"wp:featuredmedia":[{"embeddable":true,"href":"https:\/\/metal-badge.ch\/fr\/wp-json\/wp\/v2\/media\/90823"}],"wp:attachment":[{"href":"https:\/\/metal-badge.ch\/fr\/wp-json\/wp\/v2\/media?parent=30504"}],"wp:term":[{"taxonomy":"product_brand","embeddable":true,"href":"https:\/\/metal-badge.ch\/fr\/wp-json\/wp\/v2\/product_brand?post=30504"},{"taxonomy":"product_cat","embeddable":true,"href":"https:\/\/metal-badge.ch\/fr\/wp-json\/wp\/v2\/product_cat?post=30504"},{"taxonomy":"product_tag","embeddable":true,"href":"https:\/\/metal-badge.ch\/fr\/wp-json\/wp\/v2\/product_tag?post=30504"}],"curies":[{"name":"wp","href":"https:\/\/api.w.org\/{rel}","templated":true}]}}