{"id":30497,"date":"2015-06-16T11:15:17","date_gmt":"2015-06-16T11:15:17","guid":{"rendered":"https:\/\/shop.metal-badge.ch\/?product=patchs-ipa-noir-avec-bande-autogrippante"},"modified":"2020-08-02T01:13:06","modified_gmt":"2020-08-02T01:13:06","slug":"patchs-ipa-noir-avec-bande-autogrippante","status":"publish","type":"product","link":"https:\/\/metal-badge.ch\/fr\/product\/30497\/patchs-ipa-noir-avec-bande-autogrippante\/","title":{"rendered":"Patchs IPA noir avec bande autogrippante"},"content":{"rendered":"<p>Patch avec verso autogrippant et tissu pelucheux \u00e0 coudre dans la taille correspondante.<br \/>\nConvient \u00e0 tous les textiles. Il suffit de coudre le tissu pelucheux rond sur le verso sur le textile, les vestes, les sacs \u00e0 dos etc. et de placer la partie avant avec bande autogrippante. <br \/>\nLogo IPA avec fil dor\u00e9 (brillant) ou argent\u00e9 (brillant)<br \/>\nDiam\u00e8tre: 70 mm<\/p>\n<p>avec bande velcro sur le verso<br \/>\nFixation et retrait facile<\/p>\n","protected":false},"excerpt":{"rendered":"<p>Patch avec verso autogrippant et tissu pelucheux \u00e0 coudre dans la taille correspondante. Convient \u00e0 tous les textiles. Il suffit de coudre le tissu pelucheux rond sur le verso sur le textile, les vestes, les sacs \u00e0 dos etc. et de placer la partie avant avec bande autogrippante. Logo IPA avec fil dor\u00e9 (brillant) ou [&hellip;]<\/p>\n","protected":false},"featured_media":90825,"comment_status":"open","ping_status":"closed","template":"","meta":{"inline_featured_image":false},"product_brand":[],"product_cat":[1263,1536,963],"product_tag":[1761,1781],"class_list":{"0":"post-30497","1":"product","2":"type-product","3":"status-publish","4":"has-post-thumbnail","6":"product_cat-ipa-casual-wear-fr","7":"product_cat-ipa-gadgets-fr","8":"product_cat-patchs-autocollants","9":"product_tag-ipa-casual-wear-gadgets-fr","10":"product_tag-police-securite","12":"first","13":"instock","14":"taxable","15":"shipping-taxable","16":"purchasable","17":"product-type-simple"},"_links":{"self":[{"href":"https:\/\/metal-badge.ch\/fr\/wp-json\/wp\/v2\/product\/30497","targetHints":{"allow":["GET"]}}],"collection":[{"href":"https:\/\/metal-badge.ch\/fr\/wp-json\/wp\/v2\/product"}],"about":[{"href":"https:\/\/metal-badge.ch\/fr\/wp-json\/wp\/v2\/types\/product"}],"replies":[{"embeddable":true,"href":"https:\/\/metal-badge.ch\/fr\/wp-json\/wp\/v2\/comments?post=30497"}],"wp:featuredmedia":[{"embeddable":true,"href":"https:\/\/metal-badge.ch\/fr\/wp-json\/wp\/v2\/media\/90825"}],"wp:attachment":[{"href":"https:\/\/metal-badge.ch\/fr\/wp-json\/wp\/v2\/media?parent=30497"}],"wp:term":[{"taxonomy":"product_brand","embeddable":true,"href":"https:\/\/metal-badge.ch\/fr\/wp-json\/wp\/v2\/product_brand?post=30497"},{"taxonomy":"product_cat","embeddable":true,"href":"https:\/\/metal-badge.ch\/fr\/wp-json\/wp\/v2\/product_cat?post=30497"},{"taxonomy":"product_tag","embeddable":true,"href":"https:\/\/metal-badge.ch\/fr\/wp-json\/wp\/v2\/product_tag?post=30497"}],"curies":[{"name":"wp","href":"https:\/\/api.w.org\/{rel}","templated":true}]}}