{"id":30485,"date":"2015-06-16T10:43:49","date_gmt":"2015-06-16T10:43:49","guid":{"rendered":"https:\/\/shop.metal-badge.ch\/?product=pull-a-capuche-hoodie-ipa"},"modified":"2015-06-16T10:45:44","modified_gmt":"2015-06-16T10:45:44","slug":"pull-a-capuche-hoodie-ipa","status":"publish","type":"product","link":"https:\/\/metal-badge.ch\/fr\/product\/30485\/pull-a-capuche-hoodie-ipa\/","title":{"rendered":"Pull \u00e0 capuche \/ Hoodie IPA"},"content":{"rendered":"<p>Qualit\u00e9 sweat douce, polaire et tr\u00e8s agr\u00e9able \u00e0 porter. Avec capuche et cordon. R\u00e9gule l&rsquo;humidit\u00e9 et s\u00e8che rapidement. Avec poches kangourou. Large bord-c\u00f4t\u00e9 fermant la largeur, ourlet sur les hanches et les manches. Mati\u00e8re, 65 % Coton, 35 % Polyester.<br \/> <br \/>\nBrod\u00e9 avec le logo IPA sur le bras et le torse.<br \/> <br \/>\nForme : Normal<br \/> <br \/>\nConsignes de nettoyage : Lavage en machine <br \/> <br \/>\nColoris : Gris<\/p>\n","protected":false},"excerpt":{"rendered":"<p>Qualit\u00e9 sweat douce, polaire et tr\u00e8s agr\u00e9able \u00e0 porter. Avec capuche et cordon. R\u00e9gule l&rsquo;humidit\u00e9 et s\u00e8che rapidement. Avec poches kangourou. Large bord-c\u00f4t\u00e9 fermant la largeur, ourlet sur les hanches et les manches. Mati\u00e8re, 65 % Coton, 35 % Polyester. Brod\u00e9 avec le logo IPA sur le bras et le torse. Forme : Normal Consignes [&hellip;]<\/p>\n","protected":false},"featured_media":90829,"comment_status":"open","ping_status":"closed","template":"","meta":{"inline_featured_image":false},"product_brand":[],"product_cat":[1263,1574,1582],"product_tag":[1777,1773,1761,1765],"class_list":{"0":"post-30485","1":"product","2":"type-product","3":"status-publish","4":"has-post-thumbnail","6":"product_cat-ipa-casual-wear-fr","7":"product_cat-pull","8":"product_cat-sweats-a-capuche","9":"product_tag-camping-voyage","10":"product_tag-chasse-peche","11":"product_tag-ipa-casual-wear-gadgets-fr","12":"product_tag-sport-outdoor-fr","14":"first","15":"instock","16":"taxable","17":"shipping-taxable","18":"purchasable","19":"product-type-simple"},"_links":{"self":[{"href":"https:\/\/metal-badge.ch\/fr\/wp-json\/wp\/v2\/product\/30485","targetHints":{"allow":["GET"]}}],"collection":[{"href":"https:\/\/metal-badge.ch\/fr\/wp-json\/wp\/v2\/product"}],"about":[{"href":"https:\/\/metal-badge.ch\/fr\/wp-json\/wp\/v2\/types\/product"}],"replies":[{"embeddable":true,"href":"https:\/\/metal-badge.ch\/fr\/wp-json\/wp\/v2\/comments?post=30485"}],"wp:featuredmedia":[{"embeddable":true,"href":"https:\/\/metal-badge.ch\/fr\/wp-json\/wp\/v2\/media\/90829"}],"wp:attachment":[{"href":"https:\/\/metal-badge.ch\/fr\/wp-json\/wp\/v2\/media?parent=30485"}],"wp:term":[{"taxonomy":"product_brand","embeddable":true,"href":"https:\/\/metal-badge.ch\/fr\/wp-json\/wp\/v2\/product_brand?post=30485"},{"taxonomy":"product_cat","embeddable":true,"href":"https:\/\/metal-badge.ch\/fr\/wp-json\/wp\/v2\/product_cat?post=30485"},{"taxonomy":"product_tag","embeddable":true,"href":"https:\/\/metal-badge.ch\/fr\/wp-json\/wp\/v2\/product_tag?post=30485"}],"curies":[{"name":"wp","href":"https:\/\/api.w.org\/{rel}","templated":true}]}}