{"id":30464,"date":"2015-06-16T10:19:20","date_gmt":"2015-06-16T10:19:20","guid":{"rendered":"https:\/\/shop.metal-badge.ch\/?product=pull-a-capuche-ipa-hoodie-noir-rouge"},"modified":"2017-01-15T11:03:25","modified_gmt":"2017-01-15T11:03:25","slug":"pull-a-capuche-ipa-hoodie-noir-rouge","status":"publish","type":"product","link":"https:\/\/metal-badge.ch\/fr\/product\/30464\/pull-a-capuche-ipa-hoodie-noir-rouge\/","title":{"rendered":"Pull \u00e0 capuche IPA \/ hoodie noir \/ rouge"},"content":{"rendered":"<p>Pull \u00e0 capuche l\u00e9ger avec fermeture-\u00e9clair. La capuche poss\u00e8de un cordon rouge. Toutes les fermeture-\u00e9clair dont les deux poches lat\u00e9rales sont rouges. Sur les extr\u00e9mit\u00e9s des hanches et des manches, ourlet \u00e9lastique. Mati\u00e8re, 65 % Coton, 35 % Polyester Logo IPA brod\u00e9 sur le bras et le torse.<br \/>\nForme : pr\u00e8s du corps<br \/>\nRembourrage rouge de la capuche<br \/>\nConsignes de nettoyage : Lavage en machine<br \/>\nCouleur : noir \/ rouge<\/p>\n<p>\u00a0<\/p>\n<table class=\"casual-wear-hoodie\">\n<tbody>\n<tr>\n<th colspan=\"5\">\n<h3>Hoodie Size<\/h3>\n<\/th>\n<\/tr>\n<tr>\n\t\t<\/tr>\n<tr>\n<th>Size<\/th>\n<th>Shoulder width<\/th>\n<th>Chest<\/th>\n<th>Clothing length<\/th>\n<th>Sleeve lenght<\/th>\n<\/tr>\n<tr>\n<td>S<\/td>\n<td>40 cm<\/td>\n<td>48<\/td>\n<td>66 to 69 cm<\/td>\n<td>60 to 63 cm<\/td>\n<\/tr>\n<tr>\n<td>M<\/td>\n<td>42 cm<\/td>\n<td>51<\/td>\n<td>70 to 72 cm<\/td>\n<td>62 to 65 cm<\/td>\n<\/tr>\n<tr>\n<td>L<\/td>\n<td>45 cm<\/td>\n<td>54<\/td>\n<td>73 to 75 cm<\/td>\n<td>66 to 68 cm<\/td>\n<\/tr>\n<tr>\n<td>XL<\/td>\n<td>48 cm<\/td>\n<td>58<\/td>\n<td>75 to 77 cm<\/td>\n<td>69 to 72 cm<\/td>\n<\/tr>\n<tr>\n<td>XXL<\/td>\n<td>51 cm<\/td>\n<td>61<\/td>\n<td>78 to 80 cm<\/td>\n<td>71 to 75 cm<\/td>\n<\/tr>\n<\/tbody>\n<\/table>\n","protected":false},"excerpt":{"rendered":"<p>Pull \u00e0 capuche l\u00e9ger avec fermeture-\u00e9clair. La capuche poss\u00e8de un cordon rouge. Toutes les fermeture-\u00e9clair dont les deux poches lat\u00e9rales sont rouges. Sur les extr\u00e9mit\u00e9s des hanches et des manches, ourlet \u00e9lastique. Mati\u00e8re, 65 % Coton, 35 % Polyester Logo IPA brod\u00e9 sur le bras et le torse. Forme : pr\u00e8s du corps Rembourrage rouge [&hellip;]<\/p>\n","protected":false},"featured_media":90831,"comment_status":"open","ping_status":"closed","template":"","meta":{"inline_featured_image":false},"product_brand":[],"product_cat":[1263,1574,1582],"product_tag":[1777,1773,1761,1765],"class_list":{"0":"post-30464","1":"product","2":"type-product","3":"status-publish","4":"has-post-thumbnail","6":"product_cat-ipa-casual-wear-fr","7":"product_cat-pull","8":"product_cat-sweats-a-capuche","9":"product_tag-camping-voyage","10":"product_tag-chasse-peche","11":"product_tag-ipa-casual-wear-gadgets-fr","12":"product_tag-sport-outdoor-fr","14":"first","15":"instock","16":"taxable","17":"shipping-taxable","18":"purchasable","19":"product-type-simple"},"_links":{"self":[{"href":"https:\/\/metal-badge.ch\/fr\/wp-json\/wp\/v2\/product\/30464","targetHints":{"allow":["GET"]}}],"collection":[{"href":"https:\/\/metal-badge.ch\/fr\/wp-json\/wp\/v2\/product"}],"about":[{"href":"https:\/\/metal-badge.ch\/fr\/wp-json\/wp\/v2\/types\/product"}],"replies":[{"embeddable":true,"href":"https:\/\/metal-badge.ch\/fr\/wp-json\/wp\/v2\/comments?post=30464"}],"wp:featuredmedia":[{"embeddable":true,"href":"https:\/\/metal-badge.ch\/fr\/wp-json\/wp\/v2\/media\/90831"}],"wp:attachment":[{"href":"https:\/\/metal-badge.ch\/fr\/wp-json\/wp\/v2\/media?parent=30464"}],"wp:term":[{"taxonomy":"product_brand","embeddable":true,"href":"https:\/\/metal-badge.ch\/fr\/wp-json\/wp\/v2\/product_brand?post=30464"},{"taxonomy":"product_cat","embeddable":true,"href":"https:\/\/metal-badge.ch\/fr\/wp-json\/wp\/v2\/product_cat?post=30464"},{"taxonomy":"product_tag","embeddable":true,"href":"https:\/\/metal-badge.ch\/fr\/wp-json\/wp\/v2\/product_tag?post=30464"}],"curies":[{"name":"wp","href":"https:\/\/api.w.org\/{rel}","templated":true}]}}