{"id":30454,"date":"2015-06-16T10:08:06","date_gmt":"2015-06-16T10:08:06","guid":{"rendered":"https:\/\/shop.metal-badge.ch\/?product=polo-homme-blanc-avec-logo-ipa"},"modified":"2015-06-16T14:57:54","modified_gmt":"2015-06-16T14:57:54","slug":"polo-homme-blanc-avec-logo-ipa","status":"publish","type":"product","link":"https:\/\/metal-badge.ch\/fr\/product\/30454\/polo-homme-blanc-avec-logo-ipa\/","title":{"rendered":"Polo homme blanc avec logo IPA"},"content":{"rendered":"<p>T-shirt chic et classique pour le sport et les loisirs. Le t-shirt poss\u00e8de une coupe droite, est ample et n&rsquo;est pas pr\u00e8s du corps. Le coton piqu\u00e9 est agr\u00e9able et a\u00e9rien. Le col et les manchettes en rouge \/ bleu conf\u00e8rent au t-shirt un caract\u00e8re sportif. Le design est atemporel et peut \u00eatre combin\u00e9 parfaitement. Boutonni\u00e8re \u00e0 trois boutons. Logo IPA imprim\u00e9 sur le torse. Le t-shirt est 100 % coton &#8211; d&rsquo;une qualit\u00e9 piqu\u00e9e douce. Rayures sur le col et le bord des manches. Disponibles dans plusieurs tailles.<\/p>\n","protected":false},"excerpt":{"rendered":"<p>T-shirt chic et classique pour le sport et les loisirs. Le t-shirt poss\u00e8de une coupe droite, est ample et n&rsquo;est pas pr\u00e8s du corps. Le coton piqu\u00e9 est agr\u00e9able et a\u00e9rien. Le col et les manchettes en rouge \/ bleu conf\u00e8rent au t-shirt un caract\u00e8re sportif. Le design est atemporel et peut \u00eatre combin\u00e9 parfaitement. [&hellip;]<\/p>\n","protected":false},"featured_media":90833,"comment_status":"open","ping_status":"closed","template":"","meta":{"inline_featured_image":false},"product_brand":[],"product_cat":[1263,1570],"product_tag":[1761,1765],"class_list":{"0":"post-30454","1":"product","2":"type-product","3":"status-publish","4":"has-post-thumbnail","6":"product_cat-ipa-casual-wear-fr","7":"product_cat-t-shirts-polo-shirts-fr","8":"product_tag-ipa-casual-wear-gadgets-fr","9":"product_tag-sport-outdoor-fr","11":"first","12":"instock","13":"taxable","14":"shipping-taxable","15":"purchasable","16":"product-type-simple"},"_links":{"self":[{"href":"https:\/\/metal-badge.ch\/fr\/wp-json\/wp\/v2\/product\/30454","targetHints":{"allow":["GET"]}}],"collection":[{"href":"https:\/\/metal-badge.ch\/fr\/wp-json\/wp\/v2\/product"}],"about":[{"href":"https:\/\/metal-badge.ch\/fr\/wp-json\/wp\/v2\/types\/product"}],"replies":[{"embeddable":true,"href":"https:\/\/metal-badge.ch\/fr\/wp-json\/wp\/v2\/comments?post=30454"}],"wp:featuredmedia":[{"embeddable":true,"href":"https:\/\/metal-badge.ch\/fr\/wp-json\/wp\/v2\/media\/90833"}],"wp:attachment":[{"href":"https:\/\/metal-badge.ch\/fr\/wp-json\/wp\/v2\/media?parent=30454"}],"wp:term":[{"taxonomy":"product_brand","embeddable":true,"href":"https:\/\/metal-badge.ch\/fr\/wp-json\/wp\/v2\/product_brand?post=30454"},{"taxonomy":"product_cat","embeddable":true,"href":"https:\/\/metal-badge.ch\/fr\/wp-json\/wp\/v2\/product_cat?post=30454"},{"taxonomy":"product_tag","embeddable":true,"href":"https:\/\/metal-badge.ch\/fr\/wp-json\/wp\/v2\/product_tag?post=30454"}],"curies":[{"name":"wp","href":"https:\/\/api.w.org\/{rel}","templated":true}]}}