{"id":30447,"date":"2015-06-16T08:45:57","date_gmt":"2015-06-16T08:45:57","guid":{"rendered":"https:\/\/shop.metal-badge.ch\/?product=t-shirt-a-manches-longues-homme-gris-avec-logo-ipa"},"modified":"2015-06-17T09:33:56","modified_gmt":"2015-06-17T09:33:56","slug":"t-shirt-a-manches-longues-homme-gris-avec-logo-ipa","status":"publish","type":"product","link":"https:\/\/metal-badge.ch\/fr\/product\/30447\/t-shirt-a-manches-longues-homme-gris-avec-logo-ipa\/","title":{"rendered":"T-shirt \u00e0 manches longues Homme gris avec logo IPA"},"content":{"rendered":"<p>Un t-shirt culte pour les vrais hommes : t-shirt tendance \u00e0 manches longue dans une qualit\u00e9 \u00e0 double c\u00f4te culte. Le t-shirt gris \u00e0 col rond se distingue par son design moderne avec la triple boutonni\u00e8re. Le t-shirt pur coton avec une forme droite est tr\u00e8s agr\u00e9able \u00e0 porter. Logo IPA imprim\u00e9 sur le torse. 100 % coton.<\/p>\n","protected":false},"excerpt":{"rendered":"<p>Un t-shirt culte pour les vrais hommes : t-shirt tendance \u00e0 manches longue dans une qualit\u00e9 \u00e0 double c\u00f4te culte. Le t-shirt gris \u00e0 col rond se distingue par son design moderne avec la triple boutonni\u00e8re. Le t-shirt pur coton avec une forme droite est tr\u00e8s agr\u00e9able \u00e0 porter. Logo IPA imprim\u00e9 sur le torse. [&hellip;]<\/p>\n","protected":false},"featured_media":90835,"comment_status":"open","ping_status":"closed","template":"","meta":{"inline_featured_image":false},"product_brand":[],"product_cat":[1263,1570],"product_tag":[1761,1765],"class_list":{"0":"post-30447","1":"product","2":"type-product","3":"status-publish","4":"has-post-thumbnail","6":"product_cat-ipa-casual-wear-fr","7":"product_cat-t-shirts-polo-shirts-fr","8":"product_tag-ipa-casual-wear-gadgets-fr","9":"product_tag-sport-outdoor-fr","11":"first","12":"instock","13":"taxable","14":"shipping-taxable","15":"purchasable","16":"product-type-simple"},"_links":{"self":[{"href":"https:\/\/metal-badge.ch\/fr\/wp-json\/wp\/v2\/product\/30447","targetHints":{"allow":["GET"]}}],"collection":[{"href":"https:\/\/metal-badge.ch\/fr\/wp-json\/wp\/v2\/product"}],"about":[{"href":"https:\/\/metal-badge.ch\/fr\/wp-json\/wp\/v2\/types\/product"}],"replies":[{"embeddable":true,"href":"https:\/\/metal-badge.ch\/fr\/wp-json\/wp\/v2\/comments?post=30447"}],"wp:featuredmedia":[{"embeddable":true,"href":"https:\/\/metal-badge.ch\/fr\/wp-json\/wp\/v2\/media\/90835"}],"wp:attachment":[{"href":"https:\/\/metal-badge.ch\/fr\/wp-json\/wp\/v2\/media?parent=30447"}],"wp:term":[{"taxonomy":"product_brand","embeddable":true,"href":"https:\/\/metal-badge.ch\/fr\/wp-json\/wp\/v2\/product_brand?post=30447"},{"taxonomy":"product_cat","embeddable":true,"href":"https:\/\/metal-badge.ch\/fr\/wp-json\/wp\/v2\/product_cat?post=30447"},{"taxonomy":"product_tag","embeddable":true,"href":"https:\/\/metal-badge.ch\/fr\/wp-json\/wp\/v2\/product_tag?post=30447"}],"curies":[{"name":"wp","href":"https:\/\/api.w.org\/{rel}","templated":true}]}}