{"id":30440,"date":"2015-05-14T11:54:05","date_gmt":"2015-05-14T11:54:05","guid":{"rendered":"https:\/\/shop.metal-badge.ch\/?product=walter-brend-fishing-und-hunting-knife"},"modified":"2015-05-15T16:58:10","modified_gmt":"2015-05-15T16:58:10","slug":"walter-brend-fishing-und-hunting-knife","status":"publish","type":"product","link":"https:\/\/metal-badge.ch\/fr\/product\/30440\/walter-brend-fishing-und-hunting-knife\/","title":{"rendered":"&lsquo;Walter Brend Fishing und Hunting knife&rsquo;"},"content":{"rendered":"<p>Marque : Walter Brend<br \/>\nType : Couteau \u00e0 lame fixe<br \/>\nCouleur : camouflage \/ camo <br \/>\nLongueur totale : 22.7 cm<br \/>\nLongueur de la poign\u00e9e :  11.5 cm<br \/>\n\u00c9paisseur de la poign\u00e9e : 1.5 cm<br \/>\nLongueur de la poign\u00e9e : 11.2 cm <br \/>\n\u00c9paisseur de la lame : 4.8 mm<br \/>\nLargeur de la lame : 3 cm<br \/>\nPoids :  300 g. <br \/>\nLame : acier inoxydable AUS-8A<br \/>\n\u00c9paisseur de la lame :  58 HRC<\/p>\n<p>Ce couteau \u00e0 lame fixe, id\u00e9al en ext\u00e9rieur pour les p\u00eacheurs et les chasseurs. Est fourni avec un fourreau en cuir de vachette noir avec un passant \u00e0 ceinture. Le poign\u00e9e est faite de Micarta, fabriqu\u00e9 \u00e0 partir d&rsquo;un plastique renforc\u00e9 de fibres.<\/p>\n","protected":false},"excerpt":{"rendered":"<p>Marque : Walter Brend Type : Couteau \u00e0 lame fixe Couleur : camouflage \/ camo Longueur totale : 22.7 cm Longueur de la poign\u00e9e : 11.5 cm \u00c9paisseur de la poign\u00e9e : 1.5 cm Longueur de la poign\u00e9e : 11.2 cm \u00c9paisseur de la lame : 4.8 mm Largeur de la lame : 3 cm [&hellip;]<\/p>\n","protected":false},"featured_media":90837,"comment_status":"open","ping_status":"closed","template":"","meta":{"inline_featured_image":false},"product_brand":[],"product_cat":[1347,1035],"product_tag":[1769,1773,1765],"class_list":{"0":"post-30440","1":"product","2":"type-product","3":"status-publish","4":"has-post-thumbnail","6":"product_cat-accessoires-militaires-de-chasse","7":"product_cat-couteaux-machettes","8":"product_tag-army-survival-fr","9":"product_tag-chasse-peche","10":"product_tag-sport-outdoor-fr","12":"first","13":"instock","14":"taxable","15":"shipping-taxable","16":"purchasable","17":"product-type-simple"},"_links":{"self":[{"href":"https:\/\/metal-badge.ch\/fr\/wp-json\/wp\/v2\/product\/30440","targetHints":{"allow":["GET"]}}],"collection":[{"href":"https:\/\/metal-badge.ch\/fr\/wp-json\/wp\/v2\/product"}],"about":[{"href":"https:\/\/metal-badge.ch\/fr\/wp-json\/wp\/v2\/types\/product"}],"replies":[{"embeddable":true,"href":"https:\/\/metal-badge.ch\/fr\/wp-json\/wp\/v2\/comments?post=30440"}],"wp:featuredmedia":[{"embeddable":true,"href":"https:\/\/metal-badge.ch\/fr\/wp-json\/wp\/v2\/media\/90837"}],"wp:attachment":[{"href":"https:\/\/metal-badge.ch\/fr\/wp-json\/wp\/v2\/media?parent=30440"}],"wp:term":[{"taxonomy":"product_brand","embeddable":true,"href":"https:\/\/metal-badge.ch\/fr\/wp-json\/wp\/v2\/product_brand?post=30440"},{"taxonomy":"product_cat","embeddable":true,"href":"https:\/\/metal-badge.ch\/fr\/wp-json\/wp\/v2\/product_cat?post=30440"},{"taxonomy":"product_tag","embeddable":true,"href":"https:\/\/metal-badge.ch\/fr\/wp-json\/wp\/v2\/product_tag?post=30440"}],"curies":[{"name":"wp","href":"https:\/\/api.w.org\/{rel}","templated":true}]}}