{"id":30426,"date":"2015-05-14T11:32:57","date_gmt":"2015-05-14T11:32:57","guid":{"rendered":"https:\/\/shop.metal-badge.ch\/?product=usmc-outdoor-survival-knife"},"modified":"2024-07-25T07:34:38","modified_gmt":"2024-07-25T05:34:38","slug":"usmc-outdoor-survival-knife","status":"publish","type":"product","link":"https:\/\/metal-badge.ch\/fr\/product\/30426\/usmc-outdoor-survival-knife\/","title":{"rendered":"USMC Outdoor Survival Knife"},"content":{"rendered":"<p>Marque : USMC<br \/>\nType : Couteau \u00e0 lame fixe<br \/>\nCouleur : marron \/ noir <br \/>\nLongueur totale : 30.0 cm<br \/>\nLongueur de la poign\u00e9e :  12.5 cm<br \/>\n\u00c9paisseur de la poign\u00e9e : 2.5 cm<br \/>\nLongueur de la poign\u00e9e : 17.5 cm <br \/>\n\u00c9paisseur de la lame : 4.0 mm<br \/>\nLargeur de la lame : 3.0 cm<br \/>\nPoids :  300 g. <br \/>\nlame : noir recouvert d&rsquo;acier carbone 1095<br \/>\n\u00c9paisseur de la lame :  55 HRC<\/p>\n<p>Ce couteau \u00e0 lame fixe est id\u00e9al en ext\u00e9rieur. Avec scie et lame. La poign\u00e9e est en boucles de cuir reli\u00e9es. Est fourni avec un fourreau en cuir de vachette..<\/p>\n","protected":false},"excerpt":{"rendered":"<p>Marque : USMC Type : Couteau \u00e0 lame fixe Couleur : marron \/ noir Longueur totale : 30.0 cm Longueur de la poign\u00e9e : 12.5 cm \u00c9paisseur de la poign\u00e9e : 2.5 cm Longueur de la poign\u00e9e : 17.5 cm \u00c9paisseur de la lame : 4.0 mm Largeur de la lame : 3.0 cm Poids [&hellip;]<\/p>\n","protected":false},"featured_media":90841,"comment_status":"open","ping_status":"closed","template":"","meta":{"inline_featured_image":false},"product_brand":[],"product_cat":[1347,1035],"product_tag":[1769,1773,1765],"class_list":{"0":"post-30426","1":"product","2":"type-product","3":"status-publish","4":"has-post-thumbnail","6":"product_cat-accessoires-militaires-de-chasse","7":"product_cat-couteaux-machettes","8":"product_tag-army-survival-fr","9":"product_tag-chasse-peche","10":"product_tag-sport-outdoor-fr","12":"first","13":"instock","14":"taxable","15":"shipping-taxable","16":"purchasable","17":"product-type-simple"},"_links":{"self":[{"href":"https:\/\/metal-badge.ch\/fr\/wp-json\/wp\/v2\/product\/30426","targetHints":{"allow":["GET"]}}],"collection":[{"href":"https:\/\/metal-badge.ch\/fr\/wp-json\/wp\/v2\/product"}],"about":[{"href":"https:\/\/metal-badge.ch\/fr\/wp-json\/wp\/v2\/types\/product"}],"replies":[{"embeddable":true,"href":"https:\/\/metal-badge.ch\/fr\/wp-json\/wp\/v2\/comments?post=30426"}],"wp:featuredmedia":[{"embeddable":true,"href":"https:\/\/metal-badge.ch\/fr\/wp-json\/wp\/v2\/media\/90841"}],"wp:attachment":[{"href":"https:\/\/metal-badge.ch\/fr\/wp-json\/wp\/v2\/media?parent=30426"}],"wp:term":[{"taxonomy":"product_brand","embeddable":true,"href":"https:\/\/metal-badge.ch\/fr\/wp-json\/wp\/v2\/product_brand?post=30426"},{"taxonomy":"product_cat","embeddable":true,"href":"https:\/\/metal-badge.ch\/fr\/wp-json\/wp\/v2\/product_cat?post=30426"},{"taxonomy":"product_tag","embeddable":true,"href":"https:\/\/metal-badge.ch\/fr\/wp-json\/wp\/v2\/product_tag?post=30426"}],"curies":[{"name":"wp","href":"https:\/\/api.w.org\/{rel}","templated":true}]}}