{"id":30417,"date":"2015-05-14T11:24:59","date_gmt":"2015-05-14T11:24:59","guid":{"rendered":"https:\/\/shop.metal-badge.ch\/?product=sr-b428-camouflage-folding-knife-military-version"},"modified":"2020-08-02T01:12:19","modified_gmt":"2020-08-02T01:12:19","slug":"sr-b428-camouflage-folding-knife-military-version","status":"publish","type":"product","link":"https:\/\/metal-badge.ch\/fr\/product\/30417\/sr-b428-camouflage-folding-knife-military-version\/","title":{"rendered":"SR-B428 Camouflage Folding Knife Military Version"},"content":{"rendered":"<p>Marque : SR Columbia<br \/>\nType : Couteau pliant<br \/>\nCouleur : camouflage Military <br \/>\nLongueur totale : 17.5 cm<br \/>\nLongueur de la poign\u00e9e : 10.2 cm<br \/>\n\u00c9paisseur de la poign\u00e9e : 1.6 cm<br \/>\nLongueur de la poign\u00e9e : 7.3 cm<br \/>\n\u00c9paisseur de la lame : 0.2 cm<br \/>\n\u00c9paisseur de la lame : 57 HRC<br \/>\nLargeur de la lame : 2.8 cm au point le plus large<br \/>\nPoids : 130 g. <br \/>\nCoque de la poign\u00e9e : aluminium camouflage Military <\/p>\n<p>Ce couteau de poche peut \u00eatre fix\u00e9 facilement \u00e0 la ceinture gr\u00e2ce \u00e0 un clip. Le blocage Frame Lock peut \u00eatre d\u00e9bloqu\u00e9 en appuyant sur la partie inf\u00e9rieure de la poign\u00e9e. Le couteau de poche en couleur camouflage Military est le compagne id\u00e9al des chasseurs. Il est parfait pour l&rsquo;ext\u00e9rieur. La lame peut \u00eatre verrouill\u00e9 par une coulisse lorsqu&rsquo;elle est repli\u00e9e. Un sac en nylon avec passant de ceinture est fourni.<\/p>\n","protected":false},"excerpt":{"rendered":"<p>Marque : SR Columbia Type : Couteau pliant Couleur : camouflage Military Longueur totale : 17.5 cm Longueur de la poign\u00e9e : 10.2 cm \u00c9paisseur de la poign\u00e9e : 1.6 cm Longueur de la poign\u00e9e : 7.3 cm \u00c9paisseur de la lame : 0.2 cm \u00c9paisseur de la lame : 57 HRC Largeur de la [&hellip;]<\/p>\n","protected":false},"featured_media":90843,"comment_status":"open","ping_status":"closed","template":"","meta":{"inline_featured_image":false},"product_brand":[],"product_cat":[1347,1035],"product_tag":[1769,1773,1765],"class_list":{"0":"post-30417","1":"product","2":"type-product","3":"status-publish","4":"has-post-thumbnail","6":"product_cat-accessoires-militaires-de-chasse","7":"product_cat-couteaux-machettes","8":"product_tag-army-survival-fr","9":"product_tag-chasse-peche","10":"product_tag-sport-outdoor-fr","12":"first","13":"instock","14":"taxable","15":"shipping-taxable","16":"purchasable","17":"product-type-simple"},"_links":{"self":[{"href":"https:\/\/metal-badge.ch\/fr\/wp-json\/wp\/v2\/product\/30417","targetHints":{"allow":["GET"]}}],"collection":[{"href":"https:\/\/metal-badge.ch\/fr\/wp-json\/wp\/v2\/product"}],"about":[{"href":"https:\/\/metal-badge.ch\/fr\/wp-json\/wp\/v2\/types\/product"}],"replies":[{"embeddable":true,"href":"https:\/\/metal-badge.ch\/fr\/wp-json\/wp\/v2\/comments?post=30417"}],"wp:featuredmedia":[{"embeddable":true,"href":"https:\/\/metal-badge.ch\/fr\/wp-json\/wp\/v2\/media\/90843"}],"wp:attachment":[{"href":"https:\/\/metal-badge.ch\/fr\/wp-json\/wp\/v2\/media?parent=30417"}],"wp:term":[{"taxonomy":"product_brand","embeddable":true,"href":"https:\/\/metal-badge.ch\/fr\/wp-json\/wp\/v2\/product_brand?post=30417"},{"taxonomy":"product_cat","embeddable":true,"href":"https:\/\/metal-badge.ch\/fr\/wp-json\/wp\/v2\/product_cat?post=30417"},{"taxonomy":"product_tag","embeddable":true,"href":"https:\/\/metal-badge.ch\/fr\/wp-json\/wp\/v2\/product_tag?post=30417"}],"curies":[{"name":"wp","href":"https:\/\/api.w.org\/{rel}","templated":true}]}}