{"id":30398,"date":"2015-05-14T11:08:18","date_gmt":"2015-05-14T11:08:18","guid":{"rendered":"https:\/\/shop.metal-badge.ch\/?product=smith-wesson-sw53bt-hunter-camouflage-version"},"modified":"2020-08-02T01:12:09","modified_gmt":"2020-08-02T01:12:09","slug":"smith-wesson-sw53bt-hunter-camouflage-version","status":"publish","type":"product","link":"https:\/\/metal-badge.ch\/fr\/product\/30398\/smith-wesson-sw53bt-hunter-camouflage-version\/","title":{"rendered":"SMITH &#038; WESSON SW53BT Hunter Camouflage Version"},"content":{"rendered":"<p>Marque : Smith &#038; Wesson<br \/>\nType : Couteau pliant<br \/>\nCouleur : Camouflage<br \/>\nLongueur totale : 20.5 cm<br \/>\nLongueur de la poign\u00e9e : 12.3 cm<br \/>\n\u00c9paisseur de la poign\u00e9e : 1.5 cm<br \/>\nLongueur de la poign\u00e9e : 8.2 cm<br \/>\n\u00c9paisseur de la lame : 0.35 cm<br \/>\n\u00c9paisseur de la lame : 57 HRC<br \/>\nLargeur de la lame : 2.9 cm au point le plus large<br \/>\nPoids : 148 g. <br \/>\nCoque de la poign\u00e9e : Aluminium couleur camouflage<br \/>\nLame : acier inoxydable 440 <\/p>\n<p>Ce couteau de poche couleur camouflage est id\u00e9al pour les chasseurs et l&rsquo;ext\u00e9rieur. Il peut \u00eatre fix\u00e9 \u00e0 la ceinture gr\u00e2ce \u00e0 un clip. Le blocage Frame Lock peut \u00eatre d\u00e9bloqu\u00e9 en appuyant sur la partie inf\u00e9rieure de la poign\u00e9e.<\/p>\n","protected":false},"excerpt":{"rendered":"<p>Marque : Smith &#038; Wesson Type : Couteau pliant Couleur : Camouflage Longueur totale : 20.5 cm Longueur de la poign\u00e9e : 12.3 cm \u00c9paisseur de la poign\u00e9e : 1.5 cm Longueur de la poign\u00e9e : 8.2 cm \u00c9paisseur de la lame : 0.35 cm \u00c9paisseur de la lame : 57 HRC Largeur de la [&hellip;]<\/p>\n","protected":false},"featured_media":90847,"comment_status":"open","ping_status":"closed","template":"","meta":{"inline_featured_image":false},"product_brand":[],"product_cat":[1347,1035],"product_tag":[1769,1773,1765],"class_list":{"0":"post-30398","1":"product","2":"type-product","3":"status-publish","4":"has-post-thumbnail","6":"product_cat-accessoires-militaires-de-chasse","7":"product_cat-couteaux-machettes","8":"product_tag-army-survival-fr","9":"product_tag-chasse-peche","10":"product_tag-sport-outdoor-fr","12":"first","13":"instock","14":"taxable","15":"shipping-taxable","16":"purchasable","17":"product-type-simple"},"_links":{"self":[{"href":"https:\/\/metal-badge.ch\/fr\/wp-json\/wp\/v2\/product\/30398","targetHints":{"allow":["GET"]}}],"collection":[{"href":"https:\/\/metal-badge.ch\/fr\/wp-json\/wp\/v2\/product"}],"about":[{"href":"https:\/\/metal-badge.ch\/fr\/wp-json\/wp\/v2\/types\/product"}],"replies":[{"embeddable":true,"href":"https:\/\/metal-badge.ch\/fr\/wp-json\/wp\/v2\/comments?post=30398"}],"wp:featuredmedia":[{"embeddable":true,"href":"https:\/\/metal-badge.ch\/fr\/wp-json\/wp\/v2\/media\/90847"}],"wp:attachment":[{"href":"https:\/\/metal-badge.ch\/fr\/wp-json\/wp\/v2\/media?parent=30398"}],"wp:term":[{"taxonomy":"product_brand","embeddable":true,"href":"https:\/\/metal-badge.ch\/fr\/wp-json\/wp\/v2\/product_brand?post=30398"},{"taxonomy":"product_cat","embeddable":true,"href":"https:\/\/metal-badge.ch\/fr\/wp-json\/wp\/v2\/product_cat?post=30398"},{"taxonomy":"product_tag","embeddable":true,"href":"https:\/\/metal-badge.ch\/fr\/wp-json\/wp\/v2\/product_tag?post=30398"}],"curies":[{"name":"wp","href":"https:\/\/api.w.org\/{rel}","templated":true}]}}