{"id":30358,"date":"2015-05-14T10:21:18","date_gmt":"2015-05-14T10:21:18","guid":{"rendered":"https:\/\/shop.metal-badge.ch\/?product=gerber-screwdriver-tool-knife-with-flashlight"},"modified":"2015-05-17T11:44:04","modified_gmt":"2015-05-17T11:44:04","slug":"gerber-screwdriver-tool-knife-with-flashlight","status":"publish","type":"product","link":"https:\/\/metal-badge.ch\/fr\/product\/30358\/gerber-screwdriver-tool-knife-with-flashlight\/","title":{"rendered":"Gerber screwdriver tool knife with flashlight"},"content":{"rendered":"<p>Marque : Gerber<br \/> <br \/>\nType : Couteau pliant<br \/> <br \/>\nCouleur : noir anodis\u00e9<br \/> <br \/>\nLongueur totale : 20.5 cm<br \/> <br \/>\nLongueur de la poign\u00e9e : 12 cm<br \/>\n\u00c9paisseur de la poign\u00e9e : 1.5 cm<br \/>\nLongueur de la poign\u00e9e : 8.5 cm <br \/>\n\u00c9paisseur de la lame : 3.5 mm<br \/>\nLargeur de la lame : 2.7 cm<br \/>\nPoids : 130 g. <br \/>\nCoque de la poign\u00e9e : Plastique et 440 C <br \/>\nLame : acier inoxydable 420<br \/>\nEmballage : Sac en nylon avec passant<\/p>\n<p>Ce couteau de poche peut \u00eatre fix\u00e9 facilement \u00e0 la ceinture gr\u00e2ce \u00e0 un clip. Le blocage Frame Lock peut \u00eatre d\u00e9bloqu\u00e9 en appuyant sur la partie inf\u00e9rieure de la poign\u00e9e. Les coques en plastique noir des poign\u00e9es se pr\u00e9sentent dans un look moderne. Le couteau de poche Multitool avec lampe int\u00e9gr\u00e9e et un tournevis avec support d&#8217;embout aimant\u00e9. Rangement des embouts dans la poign\u00e9e creuse. Embouts : Inbus, Torx, fendue et cruciforme. Au total, 8 embouts au choix. Un sac en nylon avec passant de ceinture est fourni.<\/p>\n","protected":false},"excerpt":{"rendered":"<p>Marque : Gerber Type : Couteau pliant Couleur : noir anodis\u00e9 Longueur totale : 20.5 cm Longueur de la poign\u00e9e : 12 cm \u00c9paisseur de la poign\u00e9e : 1.5 cm Longueur de la poign\u00e9e : 8.5 cm \u00c9paisseur de la lame : 3.5 mm Largeur de la lame : 2.7 cm Poids : 130 g. [&hellip;]<\/p>\n","protected":false},"featured_media":90855,"comment_status":"open","ping_status":"closed","template":"","meta":{"inline_featured_image":false},"product_brand":[],"product_cat":[1347,1035],"product_tag":[1769,1773,1858,1765],"class_list":{"0":"post-30358","1":"product","2":"type-product","3":"status-publish","4":"has-post-thumbnail","6":"product_cat-accessoires-militaires-de-chasse","7":"product_cat-couteaux-machettes","8":"product_tag-army-survival-fr","9":"product_tag-chasse-peche","10":"product_tag-gerber-fr","11":"product_tag-sport-outdoor-fr","13":"first","14":"instock","15":"taxable","16":"shipping-taxable","17":"purchasable","18":"product-type-simple"},"_links":{"self":[{"href":"https:\/\/metal-badge.ch\/fr\/wp-json\/wp\/v2\/product\/30358","targetHints":{"allow":["GET"]}}],"collection":[{"href":"https:\/\/metal-badge.ch\/fr\/wp-json\/wp\/v2\/product"}],"about":[{"href":"https:\/\/metal-badge.ch\/fr\/wp-json\/wp\/v2\/types\/product"}],"replies":[{"embeddable":true,"href":"https:\/\/metal-badge.ch\/fr\/wp-json\/wp\/v2\/comments?post=30358"}],"wp:featuredmedia":[{"embeddable":true,"href":"https:\/\/metal-badge.ch\/fr\/wp-json\/wp\/v2\/media\/90855"}],"wp:attachment":[{"href":"https:\/\/metal-badge.ch\/fr\/wp-json\/wp\/v2\/media?parent=30358"}],"wp:term":[{"taxonomy":"product_brand","embeddable":true,"href":"https:\/\/metal-badge.ch\/fr\/wp-json\/wp\/v2\/product_brand?post=30358"},{"taxonomy":"product_cat","embeddable":true,"href":"https:\/\/metal-badge.ch\/fr\/wp-json\/wp\/v2\/product_cat?post=30358"},{"taxonomy":"product_tag","embeddable":true,"href":"https:\/\/metal-badge.ch\/fr\/wp-json\/wp\/v2\/product_tag?post=30358"}],"curies":[{"name":"wp","href":"https:\/\/api.w.org\/{rel}","templated":true}]}}