{"id":30347,"date":"2015-05-14T10:02:10","date_gmt":"2015-05-14T10:02:10","guid":{"rendered":"https:\/\/shop.metal-badge.ch\/?product=gerber-phantom-steel-folding-knife"},"modified":"2020-08-02T01:11:43","modified_gmt":"2020-08-02T01:11:43","slug":"gerber-phantom-steel-folding-knife","status":"publish","type":"product","link":"https:\/\/metal-badge.ch\/fr\/product\/30347\/gerber-phantom-steel-folding-knife\/","title":{"rendered":"Gerber Phantom steel folding knife"},"content":{"rendered":"<p>Marque : Gerber<br \/>\nType : Couteau pliant<br \/>\nCouleur : Titane <br \/>\nLongueur totale : 13 cm<br \/>\nLongueur de la poign\u00e9e : 7.5 cm<br \/>\nLongueur de la poign\u00e9e : 5.5 cm  <br \/>\n\u00c9paisseur de la lame : 0.22 cm<br \/>\nLargeur de la lame : 2.2 cm au point le plus large<br \/>\nPoids : 60 g. <br \/>\nCoque de poign\u00e9e : acier inoxydable <br \/> <br \/>\nLame : acier inoxydable 440<br \/>\n\u00c9paisseur de la lame : 57 HRC<\/p>\n<p>Ce couteau, tr\u00e8s compact, tient bien dans la main.<br \/>\nLe blocage Frame Lock peut \u00eatre d\u00e9bloqu\u00e9 en appuyant sur la partie inf\u00e9rieure de la poign\u00e9e.<\/p>\n","protected":false},"excerpt":{"rendered":"<p>Marque : Gerber Type : Couteau pliant Couleur : Titane Longueur totale : 13 cm Longueur de la poign\u00e9e : 7.5 cm Longueur de la poign\u00e9e : 5.5 cm \u00c9paisseur de la lame : 0.22 cm Largeur de la lame : 2.2 cm au point le plus large Poids : 60 g. Coque de poign\u00e9e [&hellip;]<\/p>\n","protected":false},"featured_media":90857,"comment_status":"open","ping_status":"closed","template":"","meta":{"inline_featured_image":false},"product_brand":[],"product_cat":[1347,1035],"product_tag":[1769,1773,1858,1765],"class_list":{"0":"post-30347","1":"product","2":"type-product","3":"status-publish","4":"has-post-thumbnail","6":"product_cat-accessoires-militaires-de-chasse","7":"product_cat-couteaux-machettes","8":"product_tag-army-survival-fr","9":"product_tag-chasse-peche","10":"product_tag-gerber-fr","11":"product_tag-sport-outdoor-fr","13":"first","14":"instock","15":"taxable","16":"shipping-taxable","17":"purchasable","18":"product-type-simple"},"_links":{"self":[{"href":"https:\/\/metal-badge.ch\/fr\/wp-json\/wp\/v2\/product\/30347","targetHints":{"allow":["GET"]}}],"collection":[{"href":"https:\/\/metal-badge.ch\/fr\/wp-json\/wp\/v2\/product"}],"about":[{"href":"https:\/\/metal-badge.ch\/fr\/wp-json\/wp\/v2\/types\/product"}],"replies":[{"embeddable":true,"href":"https:\/\/metal-badge.ch\/fr\/wp-json\/wp\/v2\/comments?post=30347"}],"wp:featuredmedia":[{"embeddable":true,"href":"https:\/\/metal-badge.ch\/fr\/wp-json\/wp\/v2\/media\/90857"}],"wp:attachment":[{"href":"https:\/\/metal-badge.ch\/fr\/wp-json\/wp\/v2\/media?parent=30347"}],"wp:term":[{"taxonomy":"product_brand","embeddable":true,"href":"https:\/\/metal-badge.ch\/fr\/wp-json\/wp\/v2\/product_brand?post=30347"},{"taxonomy":"product_cat","embeddable":true,"href":"https:\/\/metal-badge.ch\/fr\/wp-json\/wp\/v2\/product_cat?post=30347"},{"taxonomy":"product_tag","embeddable":true,"href":"https:\/\/metal-badge.ch\/fr\/wp-json\/wp\/v2\/product_tag?post=30347"}],"curies":[{"name":"wp","href":"https:\/\/api.w.org\/{rel}","templated":true}]}}