{"id":30340,"date":"2015-05-14T09:54:48","date_gmt":"2015-05-14T09:54:48","guid":{"rendered":"https:\/\/shop.metal-badge.ch\/?product=gerber-mini-warriors-multifunctional-knife"},"modified":"2020-08-02T01:11:38","modified_gmt":"2020-08-02T01:11:38","slug":"gerber-mini-warriors-multifunctional-knife","status":"publish","type":"product","link":"https:\/\/metal-badge.ch\/fr\/product\/30340\/gerber-mini-warriors-multifunctional-knife\/","title":{"rendered":"Gerber mini warriors multifunctional knife"},"content":{"rendered":"<p>Marque : Gerber <br \/> <br \/>\nType : Couteau pliant <br \/> <br \/>\ncouleur : argent <br \/> <br \/>\nLongueur totale : 14.2 cm<br \/> <br \/>\nLongueur de la poign\u00e9e : 9.0 cm<br \/> <br \/>\nLongueur de la poign\u00e9e : 5.2 cm <br \/> <br \/>\n\u00c9paisseur de la lame : 0.3 cm<br \/> <br \/>\nPoids : 100 g.<br \/> <br \/>\nCoque de la poign\u00e9e : Aluminium et acier inoxydable<br \/> <br \/>\nLame : acier inoxydable 440C<br \/> <br \/>\n\u00c9paisseur de la lame : 56 <\/p>\n<p>Ce couteau de poche peut \u00eatre fix\u00e9 facilement \u00e0 la ceinture gr\u00e2ce \u00e0 un clip. Le blocage Frame Lock peut \u00eatre d\u00e9bloqu\u00e9 en appuyant sur la partie inf\u00e9rieure de la poign\u00e9e. Le couteau est \u00e9quip\u00e9 de deux lames, une scie int\u00e9gr\u00e9e et une lame normale.<\/p>\n","protected":false},"excerpt":{"rendered":"<p>Marque : Gerber Type : Couteau pliant couleur : argent Longueur totale : 14.2 cm Longueur de la poign\u00e9e : 9.0 cm Longueur de la poign\u00e9e : 5.2 cm \u00c9paisseur de la lame : 0.3 cm Poids : 100 g. Coque de la poign\u00e9e : Aluminium et acier inoxydable Lame : acier inoxydable 440C \u00c9paisseur [&hellip;]<\/p>\n","protected":false},"featured_media":90859,"comment_status":"open","ping_status":"closed","template":"","meta":{"inline_featured_image":false},"product_brand":[],"product_cat":[1347,1035],"product_tag":[1769,1773,1858,1765],"class_list":{"0":"post-30340","1":"product","2":"type-product","3":"status-publish","4":"has-post-thumbnail","6":"product_cat-accessoires-militaires-de-chasse","7":"product_cat-couteaux-machettes","8":"product_tag-army-survival-fr","9":"product_tag-chasse-peche","10":"product_tag-gerber-fr","11":"product_tag-sport-outdoor-fr","13":"first","14":"instock","15":"taxable","16":"shipping-taxable","17":"purchasable","18":"product-type-simple"},"_links":{"self":[{"href":"https:\/\/metal-badge.ch\/fr\/wp-json\/wp\/v2\/product\/30340","targetHints":{"allow":["GET"]}}],"collection":[{"href":"https:\/\/metal-badge.ch\/fr\/wp-json\/wp\/v2\/product"}],"about":[{"href":"https:\/\/metal-badge.ch\/fr\/wp-json\/wp\/v2\/types\/product"}],"replies":[{"embeddable":true,"href":"https:\/\/metal-badge.ch\/fr\/wp-json\/wp\/v2\/comments?post=30340"}],"wp:featuredmedia":[{"embeddable":true,"href":"https:\/\/metal-badge.ch\/fr\/wp-json\/wp\/v2\/media\/90859"}],"wp:attachment":[{"href":"https:\/\/metal-badge.ch\/fr\/wp-json\/wp\/v2\/media?parent=30340"}],"wp:term":[{"taxonomy":"product_brand","embeddable":true,"href":"https:\/\/metal-badge.ch\/fr\/wp-json\/wp\/v2\/product_brand?post=30340"},{"taxonomy":"product_cat","embeddable":true,"href":"https:\/\/metal-badge.ch\/fr\/wp-json\/wp\/v2\/product_cat?post=30340"},{"taxonomy":"product_tag","embeddable":true,"href":"https:\/\/metal-badge.ch\/fr\/wp-json\/wp\/v2\/product_tag?post=30340"}],"curies":[{"name":"wp","href":"https:\/\/api.w.org\/{rel}","templated":true}]}}