{"id":30329,"date":"2015-05-14T09:39:22","date_gmt":"2015-05-14T09:39:22","guid":{"rendered":"https:\/\/shop.metal-badge.ch\/?product=gerber-flattop-folding-knife"},"modified":"2020-08-02T01:11:34","modified_gmt":"2020-08-02T01:11:34","slug":"gerber-flattop-folding-knife","status":"publish","type":"product","link":"https:\/\/metal-badge.ch\/fr\/product\/30329\/gerber-flattop-folding-knife\/","title":{"rendered":"Gerber Flattop Folding Knife"},"content":{"rendered":"<p>Marque : Gerber<br \/>\nType : Couteau pliant<br \/>\nCouleur : Gris titane<br \/>\nLongueur totale : 20 cm<br \/>\nLongueur de la poign\u00e9e : 11.5 cm<br \/>\n\u00c9paisseur de la poign\u00e9e : 1.3 cm<br \/>\nLongueur de la poign\u00e9e : 8,5 cm avec scie<br \/>\n\u00c9paisseur de la lame : 2.6 mm<br \/>\nLargeur de la lame : 2.5 cm<br \/>\nPoids : 200 g. <br \/>\nCoque de la poign\u00e9e : acier inoxydable <br \/>\nLame : acier inoxydable 3Cr13<br \/>\n\u00c9paisseur de la lame :  56 HRC<\/p>\n<p>Ce couteau de poche peut \u00eatre fix\u00e9 facilement \u00e0 la ceinture gr\u00e2ce \u00e0 un clip. Le blocage Frame Lock peut \u00eatre d\u00e9bloqu\u00e9 en appuyant sur la partie inf\u00e9rieure de la poign\u00e9e. Les coques grises de la poign\u00e9e en acier inoxydable se pr\u00e9sentent dans un look moderne.<\/p>\n","protected":false},"excerpt":{"rendered":"<p>Marque : Gerber Type : Couteau pliant Couleur : Gris titane Longueur totale : 20 cm Longueur de la poign\u00e9e : 11.5 cm \u00c9paisseur de la poign\u00e9e : 1.3 cm Longueur de la poign\u00e9e : 8,5 cm avec scie \u00c9paisseur de la lame : 2.6 mm Largeur de la lame : 2.5 cm Poids : [&hellip;]<\/p>\n","protected":false},"featured_media":90861,"comment_status":"open","ping_status":"closed","template":"","meta":{"inline_featured_image":false},"product_brand":[],"product_cat":[1347,1035],"product_tag":[1769,1773,1858,1765],"class_list":{"0":"post-30329","1":"product","2":"type-product","3":"status-publish","4":"has-post-thumbnail","6":"product_cat-accessoires-militaires-de-chasse","7":"product_cat-couteaux-machettes","8":"product_tag-army-survival-fr","9":"product_tag-chasse-peche","10":"product_tag-gerber-fr","11":"product_tag-sport-outdoor-fr","13":"first","14":"instock","15":"taxable","16":"shipping-taxable","17":"purchasable","18":"product-type-simple"},"_links":{"self":[{"href":"https:\/\/metal-badge.ch\/fr\/wp-json\/wp\/v2\/product\/30329","targetHints":{"allow":["GET"]}}],"collection":[{"href":"https:\/\/metal-badge.ch\/fr\/wp-json\/wp\/v2\/product"}],"about":[{"href":"https:\/\/metal-badge.ch\/fr\/wp-json\/wp\/v2\/types\/product"}],"replies":[{"embeddable":true,"href":"https:\/\/metal-badge.ch\/fr\/wp-json\/wp\/v2\/comments?post=30329"}],"wp:featuredmedia":[{"embeddable":true,"href":"https:\/\/metal-badge.ch\/fr\/wp-json\/wp\/v2\/media\/90861"}],"wp:attachment":[{"href":"https:\/\/metal-badge.ch\/fr\/wp-json\/wp\/v2\/media?parent=30329"}],"wp:term":[{"taxonomy":"product_brand","embeddable":true,"href":"https:\/\/metal-badge.ch\/fr\/wp-json\/wp\/v2\/product_brand?post=30329"},{"taxonomy":"product_cat","embeddable":true,"href":"https:\/\/metal-badge.ch\/fr\/wp-json\/wp\/v2\/product_cat?post=30329"},{"taxonomy":"product_tag","embeddable":true,"href":"https:\/\/metal-badge.ch\/fr\/wp-json\/wp\/v2\/product_tag?post=30329"}],"curies":[{"name":"wp","href":"https:\/\/api.w.org\/{rel}","templated":true}]}}