{"id":30285,"date":"2015-05-14T09:01:03","date_gmt":"2015-05-14T09:01:03","guid":{"rendered":"https:\/\/shop.metal-badge.ch\/?product=buck-survival-titanium-surface-folding-knife-x11"},"modified":"2020-08-02T01:11:11","modified_gmt":"2020-08-02T01:11:11","slug":"buck-survival-titanium-surface-folding-knife-x11","status":"publish","type":"product","link":"https:\/\/metal-badge.ch\/fr\/product\/30285\/buck-survival-titanium-surface-folding-knife-x11\/","title":{"rendered":"Buck Survival Titanium Surface Folding Knife X11"},"content":{"rendered":"<p>Marque : Buck<br \/>\nType : Couteau pliant<br \/>\nCouleur : argent \/ marron<br \/>\nLongueur totale : 14.7 cm<br \/>\nLongueur de la poign\u00e9e : 8.7 cm<br \/>\nLongueur de la poign\u00e9e : 6 cm<br \/>\n\u00c9paisseur de la lame : 0.28 cm<br \/>\nLargeur de la lame : 2 cm au point le plus large<br \/>\nPoids : 80 g. <br \/>\nCoque de poign\u00e9e : acier inoxydable \/ bois<br \/>\nLame : acier inoxydable 3CR13<br \/>\n\u00c9paisseur de la lame : 56 HRC<br \/>\nSurface de la lame : Titane noir <\/p>\n<p>Ce couteau de poche peut \u00eatre fix\u00e9 facilement \u00e0 la ceinture gr\u00e2ce \u00e0 un clip. Le blocage Frame Lock peut \u00eatre d\u00e9bloqu\u00e9 en appuyant sur la partie inf\u00e9rieure de la poign\u00e9e.<\/p>\n","protected":false},"excerpt":{"rendered":"<p>Marque : Buck Type : Couteau pliant Couleur : argent \/ marron Longueur totale : 14.7 cm Longueur de la poign\u00e9e : 8.7 cm Longueur de la poign\u00e9e : 6 cm \u00c9paisseur de la lame : 0.28 cm Largeur de la lame : 2 cm au point le plus large Poids : 80 g. Coque [&hellip;]<\/p>\n","protected":false},"featured_media":90871,"comment_status":"open","ping_status":"closed","template":"","meta":{"inline_featured_image":false},"product_brand":[],"product_cat":[1347,1035],"product_tag":[1769,1773,1765],"class_list":{"0":"post-30285","1":"product","2":"type-product","3":"status-publish","4":"has-post-thumbnail","6":"product_cat-accessoires-militaires-de-chasse","7":"product_cat-couteaux-machettes","8":"product_tag-army-survival-fr","9":"product_tag-chasse-peche","10":"product_tag-sport-outdoor-fr","12":"first","13":"instock","14":"taxable","15":"shipping-taxable","16":"purchasable","17":"product-type-simple"},"_links":{"self":[{"href":"https:\/\/metal-badge.ch\/fr\/wp-json\/wp\/v2\/product\/30285","targetHints":{"allow":["GET"]}}],"collection":[{"href":"https:\/\/metal-badge.ch\/fr\/wp-json\/wp\/v2\/product"}],"about":[{"href":"https:\/\/metal-badge.ch\/fr\/wp-json\/wp\/v2\/types\/product"}],"replies":[{"embeddable":true,"href":"https:\/\/metal-badge.ch\/fr\/wp-json\/wp\/v2\/comments?post=30285"}],"wp:featuredmedia":[{"embeddable":true,"href":"https:\/\/metal-badge.ch\/fr\/wp-json\/wp\/v2\/media\/90871"}],"wp:attachment":[{"href":"https:\/\/metal-badge.ch\/fr\/wp-json\/wp\/v2\/media?parent=30285"}],"wp:term":[{"taxonomy":"product_brand","embeddable":true,"href":"https:\/\/metal-badge.ch\/fr\/wp-json\/wp\/v2\/product_brand?post=30285"},{"taxonomy":"product_cat","embeddable":true,"href":"https:\/\/metal-badge.ch\/fr\/wp-json\/wp\/v2\/product_cat?post=30285"},{"taxonomy":"product_tag","embeddable":true,"href":"https:\/\/metal-badge.ch\/fr\/wp-json\/wp\/v2\/product_tag?post=30285"}],"curies":[{"name":"wp","href":"https:\/\/api.w.org\/{rel}","templated":true}]}}