{"id":30245,"date":"2015-05-13T20:30:34","date_gmt":"2015-05-13T20:30:34","guid":{"rendered":"https:\/\/shop.metal-badge.ch\/?product=buck-da23-side-hole-fast-opening-knife"},"modified":"2020-08-02T01:10:48","modified_gmt":"2020-08-02T01:10:48","slug":"buck-da23-side-hole-fast-opening-knife","status":"publish","type":"product","link":"https:\/\/metal-badge.ch\/fr\/product\/30245\/buck-da23-side-hole-fast-opening-knife\/","title":{"rendered":"Buck DA23 Side Hole fast opening Knife"},"content":{"rendered":"<p>Marque : Buck<br \/>\nType : Couteau pliant<br \/>\nCouleur : gris<br \/>\nLongueur totale : 22.5 cm<br \/>\nLongueur de la poign\u00e9e : 12.8 cm<br \/>\n\u00c9paisseur de la poign\u00e9e : 1.3 cm<br \/>\nLongueur de la poign\u00e9e : 9.7 cm <br \/>\n\u00c9paisseur de la lame : 0.35 cm<br \/>\nLargeur de la lame : 3.0 cm <br \/>\nPoids : 290 g. <br \/>\nCoque de la poign\u00e9e : Aluminium gris<br \/>\nLame : acier inoxydable 440<br \/>\n\u00c9paisseur de la lame : 57 HRC<\/p>\n<p>Ce couteau de poche peut \u00eatre fix\u00e9 facilement \u00e0 la ceinture gr\u00e2ce \u00e0 un clip. Le blocage Frame Lock peut \u00eatre d\u00e9bloqu\u00e9 en appuyant sur la partie inf\u00e9rieure de la poign\u00e9e. Les coques grises en aluminium se pr\u00e9sentent dans un look moderne.<\/p>\n","protected":false},"excerpt":{"rendered":"<p>Marque : Buck Type : Couteau pliant Couleur : gris Longueur totale : 22.5 cm Longueur de la poign\u00e9e : 12.8 cm \u00c9paisseur de la poign\u00e9e : 1.3 cm Longueur de la poign\u00e9e : 9.7 cm \u00c9paisseur de la lame : 0.35 cm Largeur de la lame : 3.0 cm Poids : 290 g. Coque [&hellip;]<\/p>\n","protected":false},"featured_media":90881,"comment_status":"open","ping_status":"closed","template":"","meta":{"inline_featured_image":false},"product_brand":[],"product_cat":[1347,1035],"product_tag":[1769,1773,1765],"class_list":{"0":"post-30245","1":"product","2":"type-product","3":"status-publish","4":"has-post-thumbnail","6":"product_cat-accessoires-militaires-de-chasse","7":"product_cat-couteaux-machettes","8":"product_tag-army-survival-fr","9":"product_tag-chasse-peche","10":"product_tag-sport-outdoor-fr","12":"first","13":"instock","14":"taxable","15":"shipping-taxable","16":"purchasable","17":"product-type-simple"},"_links":{"self":[{"href":"https:\/\/metal-badge.ch\/fr\/wp-json\/wp\/v2\/product\/30245","targetHints":{"allow":["GET"]}}],"collection":[{"href":"https:\/\/metal-badge.ch\/fr\/wp-json\/wp\/v2\/product"}],"about":[{"href":"https:\/\/metal-badge.ch\/fr\/wp-json\/wp\/v2\/types\/product"}],"replies":[{"embeddable":true,"href":"https:\/\/metal-badge.ch\/fr\/wp-json\/wp\/v2\/comments?post=30245"}],"wp:featuredmedia":[{"embeddable":true,"href":"https:\/\/metal-badge.ch\/fr\/wp-json\/wp\/v2\/media\/90881"}],"wp:attachment":[{"href":"https:\/\/metal-badge.ch\/fr\/wp-json\/wp\/v2\/media?parent=30245"}],"wp:term":[{"taxonomy":"product_brand","embeddable":true,"href":"https:\/\/metal-badge.ch\/fr\/wp-json\/wp\/v2\/product_brand?post=30245"},{"taxonomy":"product_cat","embeddable":true,"href":"https:\/\/metal-badge.ch\/fr\/wp-json\/wp\/v2\/product_cat?post=30245"},{"taxonomy":"product_tag","embeddable":true,"href":"https:\/\/metal-badge.ch\/fr\/wp-json\/wp\/v2\/product_tag?post=30245"}],"curies":[{"name":"wp","href":"https:\/\/api.w.org\/{rel}","templated":true}]}}