{"id":30237,"date":"2015-05-13T20:21:35","date_gmt":"2015-05-13T20:21:35","guid":{"rendered":"https:\/\/shop.metal-badge.ch\/?product=browning-hunting-knife"},"modified":"2020-08-02T01:10:43","modified_gmt":"2020-08-02T01:10:43","slug":"browning-hunting-knife","status":"publish","type":"product","link":"https:\/\/metal-badge.ch\/fr\/product\/30237\/browning-hunting-knife\/","title":{"rendered":"Browning Hunting knife"},"content":{"rendered":"<p>Marque : Browning<br \/>\nType : Couteau \u00e0 lame fixe<br \/>\nCouleur : marron poign\u00e9e en corne de b\u0153uf<br \/>\nLongueur totale : 21.2 cm<br \/>\nLongueur de la poign\u00e9e :  11.2 cm<br \/>\n\u00c9paisseur de la poign\u00e9e : 1.3 cm<br \/>\nLongueur de la poign\u00e9e : 10.0 cm <br \/>\n\u00c9paisseur de la lame : 3.3 mm<br \/>\nLargeur de la lame : 2.7 cm<br \/>\nPoids :  240 g. <br \/>\nLame : acier inoxydable 440<br \/>\n\u00c9paisseur de la lame :  58 HRC<\/p>\n<p>Ce couteau \u00e0 lame fixe, id\u00e9al en ext\u00e9rieur pour les chasseurs, est fourni avec un fourreau en cuir avec un passant de ceinture.<\/p>\n","protected":false},"excerpt":{"rendered":"<p>Marque : Browning Type : Couteau \u00e0 lame fixe Couleur : marron poign\u00e9e en corne de b\u0153uf Longueur totale : 21.2 cm Longueur de la poign\u00e9e : 11.2 cm \u00c9paisseur de la poign\u00e9e : 1.3 cm Longueur de la poign\u00e9e : 10.0 cm \u00c9paisseur de la lame : 3.3 mm Largeur de la lame : [&hellip;]<\/p>\n","protected":false},"featured_media":90883,"comment_status":"open","ping_status":"closed","template":"","meta":{"inline_featured_image":false},"product_brand":[],"product_cat":[1347,1035],"product_tag":[1769,1773,1765],"class_list":{"0":"post-30237","1":"product","2":"type-product","3":"status-publish","4":"has-post-thumbnail","6":"product_cat-accessoires-militaires-de-chasse","7":"product_cat-couteaux-machettes","8":"product_tag-army-survival-fr","9":"product_tag-chasse-peche","10":"product_tag-sport-outdoor-fr","12":"first","13":"instock","14":"taxable","15":"shipping-taxable","16":"purchasable","17":"product-type-simple"},"_links":{"self":[{"href":"https:\/\/metal-badge.ch\/fr\/wp-json\/wp\/v2\/product\/30237","targetHints":{"allow":["GET"]}}],"collection":[{"href":"https:\/\/metal-badge.ch\/fr\/wp-json\/wp\/v2\/product"}],"about":[{"href":"https:\/\/metal-badge.ch\/fr\/wp-json\/wp\/v2\/types\/product"}],"replies":[{"embeddable":true,"href":"https:\/\/metal-badge.ch\/fr\/wp-json\/wp\/v2\/comments?post=30237"}],"wp:featuredmedia":[{"embeddable":true,"href":"https:\/\/metal-badge.ch\/fr\/wp-json\/wp\/v2\/media\/90883"}],"wp:attachment":[{"href":"https:\/\/metal-badge.ch\/fr\/wp-json\/wp\/v2\/media?parent=30237"}],"wp:term":[{"taxonomy":"product_brand","embeddable":true,"href":"https:\/\/metal-badge.ch\/fr\/wp-json\/wp\/v2\/product_brand?post=30237"},{"taxonomy":"product_cat","embeddable":true,"href":"https:\/\/metal-badge.ch\/fr\/wp-json\/wp\/v2\/product_cat?post=30237"},{"taxonomy":"product_tag","embeddable":true,"href":"https:\/\/metal-badge.ch\/fr\/wp-json\/wp\/v2\/product_tag?post=30237"}],"curies":[{"name":"wp","href":"https:\/\/api.w.org\/{rel}","templated":true}]}}