{"id":30227,"date":"2015-05-13T19:52:21","date_gmt":"2015-05-13T19:52:21","guid":{"rendered":"https:\/\/shop.metal-badge.ch\/?product=boker-768-folding-knife"},"modified":"2015-05-13T20:08:26","modified_gmt":"2015-05-13T20:08:26","slug":"boker-768-folding-knife","status":"publish","type":"product","link":"https:\/\/metal-badge.ch\/fr\/product\/30227\/boker-768-folding-knife\/","title":{"rendered":"B\u00f6ker-768 folding knife"},"content":{"rendered":"<p>Marque : B\u00f6ker<br \/>\nType : Couteau pliant<br \/>\ncouleur : argent<br \/>\nLongueur totale : 13.2 cm<br \/>\nLongueur de la poign\u00e9e : 7.7 cm<br \/>\nLongueur de la poign\u00e9e : 5.5 cm <br \/>\n\u00c9paisseur de la lame :  0.22 cm<br \/>\nLargeur de la lame : 2.3 cm<br \/>\nPoids : 70 g. <br \/>\nCoque de poign\u00e9e : acier inoxydable<br \/>\nLame : acier inoxydable 3CR13<br \/>\n\u00c9paisseur de la lame : 53 HRC <\/p>\n<p>Plat et compact, ce couteau de poche peut \u00eatre fix\u00e9 facilement \u00e0 la ceinture gr\u00e2ce \u00e0 un clip. Le blocage Frame Lock peut \u00eatre d\u00e9bloqu\u00e9 en appuyant sur la partie inf\u00e9rieure de la poign\u00e9e. Les coques argent\u00e9es des poign\u00e9es se pr\u00e9sentent dans un look moderne.<\/p>\n","protected":false},"excerpt":{"rendered":"<p>Marque : B\u00f6ker Type : Couteau pliant couleur : argent Longueur totale : 13.2 cm Longueur de la poign\u00e9e : 7.7 cm Longueur de la poign\u00e9e : 5.5 cm \u00c9paisseur de la lame : 0.22 cm Largeur de la lame : 2.3 cm Poids : 70 g. Coque de poign\u00e9e : acier inoxydable Lame : [&hellip;]<\/p>\n","protected":false},"featured_media":90885,"comment_status":"open","ping_status":"closed","template":"","meta":{"inline_featured_image":false},"product_brand":[],"product_cat":[1347,1035],"product_tag":[1769,1842,1773,1765],"class_list":{"0":"post-30227","1":"product","2":"type-product","3":"status-publish","4":"has-post-thumbnail","6":"product_cat-accessoires-militaires-de-chasse","7":"product_cat-couteaux-machettes","8":"product_tag-army-survival-fr","9":"product_tag-boker-fr","10":"product_tag-chasse-peche","11":"product_tag-sport-outdoor-fr","13":"first","14":"instock","15":"taxable","16":"shipping-taxable","17":"purchasable","18":"product-type-simple"},"_links":{"self":[{"href":"https:\/\/metal-badge.ch\/fr\/wp-json\/wp\/v2\/product\/30227","targetHints":{"allow":["GET"]}}],"collection":[{"href":"https:\/\/metal-badge.ch\/fr\/wp-json\/wp\/v2\/product"}],"about":[{"href":"https:\/\/metal-badge.ch\/fr\/wp-json\/wp\/v2\/types\/product"}],"replies":[{"embeddable":true,"href":"https:\/\/metal-badge.ch\/fr\/wp-json\/wp\/v2\/comments?post=30227"}],"wp:featuredmedia":[{"embeddable":true,"href":"https:\/\/metal-badge.ch\/fr\/wp-json\/wp\/v2\/media\/90885"}],"wp:attachment":[{"href":"https:\/\/metal-badge.ch\/fr\/wp-json\/wp\/v2\/media?parent=30227"}],"wp:term":[{"taxonomy":"product_brand","embeddable":true,"href":"https:\/\/metal-badge.ch\/fr\/wp-json\/wp\/v2\/product_brand?post=30227"},{"taxonomy":"product_cat","embeddable":true,"href":"https:\/\/metal-badge.ch\/fr\/wp-json\/wp\/v2\/product_cat?post=30227"},{"taxonomy":"product_tag","embeddable":true,"href":"https:\/\/metal-badge.ch\/fr\/wp-json\/wp\/v2\/product_tag?post=30227"}],"curies":[{"name":"wp","href":"https:\/\/api.w.org\/{rel}","templated":true}]}}