{"id":30212,"date":"2015-05-13T18:24:18","date_gmt":"2015-05-13T18:24:18","guid":{"rendered":"https:\/\/shop.metal-badge.ch\/?product=boker-mars"},"modified":"2023-08-11T18:25:37","modified_gmt":"2023-08-11T16:25:37","slug":"boker-mars","status":"publish","type":"product","link":"https:\/\/metal-badge.ch\/fr\/product\/30212\/boker-mars\/","title":{"rendered":"B\u00f6ker Mars"},"content":{"rendered":"<h3>B\u00f6ker Mars<\/h3>\n<p>Marque : B\u00f6ker<br \/>\nType : Couteau pliant<br \/>\nCouleur : noir<br \/>\nLongueur totale : 21.0 cm<br \/>\nLongueur de la poign\u00e9e :  12.5 cm<br \/>\n\u00c9paisseur de la poign\u00e9e : 1.5 cm<br \/>\nLongueur de la poign\u00e9e : 8,5 cm avec scie<br \/>\n\u00c9paisseur de la lame : 0.4 cm<br \/>\nLargeur de la lame : 3.2 cm au point le plus large<br \/>\nPoids : 200 g. <br \/>\nCoque de poign\u00e9e : acier inoxydable<br \/>\nLame : acier inoxydable 440 C<br \/>\n\u00c9paisseur de la lame : 57H<br \/>\nSurface : noir titane<\/p>\n<p>Compact, ce couteau de poche peut \u00eatre fix\u00e9 facilement \u00e0 la ceinture gr\u00e2ce \u00e0 un clip. Le blocage Frame Lock peut \u00eatre d\u00e9bloqu\u00e9 en appuyant sur la partie inf\u00e9rieure de la poign\u00e9e. Les coques noires de la poign\u00e9e en acier inoxydable se pr\u00e9sentent dans un look moderne.<\/p>\n","protected":false},"excerpt":{"rendered":"<p>B\u00f6ker Mars Marque : B\u00f6ker Type : Couteau pliant Couleur : noir Longueur totale : 21.0 cm Longueur de la poign\u00e9e : 12.5 cm \u00c9paisseur de la poign\u00e9e : 1.5 cm Longueur de la poign\u00e9e : 8,5 cm avec scie \u00c9paisseur de la lame : 0.4 cm Largeur de la lame : 3.2 cm au [&hellip;]<\/p>\n","protected":false},"featured_media":90887,"comment_status":"open","ping_status":"closed","template":"","meta":{"inline_featured_image":false},"product_brand":[],"product_cat":[1347,1035],"product_tag":[1769,1842,1773,1765],"class_list":{"0":"post-30212","1":"product","2":"type-product","3":"status-publish","4":"has-post-thumbnail","6":"product_cat-accessoires-militaires-de-chasse","7":"product_cat-couteaux-machettes","8":"product_tag-army-survival-fr","9":"product_tag-boker-fr","10":"product_tag-chasse-peche","11":"product_tag-sport-outdoor-fr","13":"first","14":"instock","15":"taxable","16":"shipping-taxable","17":"purchasable","18":"product-type-simple"},"_links":{"self":[{"href":"https:\/\/metal-badge.ch\/fr\/wp-json\/wp\/v2\/product\/30212","targetHints":{"allow":["GET"]}}],"collection":[{"href":"https:\/\/metal-badge.ch\/fr\/wp-json\/wp\/v2\/product"}],"about":[{"href":"https:\/\/metal-badge.ch\/fr\/wp-json\/wp\/v2\/types\/product"}],"replies":[{"embeddable":true,"href":"https:\/\/metal-badge.ch\/fr\/wp-json\/wp\/v2\/comments?post=30212"}],"wp:featuredmedia":[{"embeddable":true,"href":"https:\/\/metal-badge.ch\/fr\/wp-json\/wp\/v2\/media\/90887"}],"wp:attachment":[{"href":"https:\/\/metal-badge.ch\/fr\/wp-json\/wp\/v2\/media?parent=30212"}],"wp:term":[{"taxonomy":"product_brand","embeddable":true,"href":"https:\/\/metal-badge.ch\/fr\/wp-json\/wp\/v2\/product_brand?post=30212"},{"taxonomy":"product_cat","embeddable":true,"href":"https:\/\/metal-badge.ch\/fr\/wp-json\/wp\/v2\/product_cat?post=30212"},{"taxonomy":"product_tag","embeddable":true,"href":"https:\/\/metal-badge.ch\/fr\/wp-json\/wp\/v2\/product_tag?post=30212"}],"curies":[{"name":"wp","href":"https:\/\/api.w.org\/{rel}","templated":true}]}}