{"id":30204,"date":"2015-05-13T16:27:07","date_gmt":"2015-05-13T16:27:07","guid":{"rendered":"https:\/\/shop.metal-badge.ch\/?product=boker-hunting-knife"},"modified":"2015-05-13T16:29:59","modified_gmt":"2015-05-13T16:29:59","slug":"boker-hunting-knife","status":"publish","type":"product","link":"https:\/\/metal-badge.ch\/fr\/product\/30204\/boker-hunting-knife\/","title":{"rendered":"B\u00f6ker Hunting knife"},"content":{"rendered":"<p>Marque : B\u00f6ker<br \/>\nType : Couteau \u00e0 lame fixe<br \/>\nCouleur : bois marron<br \/>\nLongueur totale : 18.5 cm<br \/>\nLongueur de la poign\u00e9e :  10.5 cm<br \/>\n\u00c9paisseur de la poign\u00e9e : 1.3 cm<br \/>\nLongueur de la poign\u00e9e : 8.0 cm <br \/>\n\u00c9paisseur de la lame : 2.5 mm<br \/>\nLargeur de la lame : 2.8 cm<br \/>\nPoids : 128 g. <br \/>\nLame : acier inoxydable 440<br \/>\n\u00c9paisseur de la lame :  58 HRC<\/p>\n<p>Ce couteau \u00e0 lame fixe, id\u00e9al en ext\u00e9rieur pour les chasseurs et les p\u00eacheurs, avec poign\u00e9e en bois, est fourni avec un fourreau en cuir avec un passant de ceinture.<\/p>\n","protected":false},"excerpt":{"rendered":"<p>Marque : B\u00f6ker Type : Couteau \u00e0 lame fixe Couleur : bois marron Longueur totale : 18.5 cm Longueur de la poign\u00e9e : 10.5 cm \u00c9paisseur de la poign\u00e9e : 1.3 cm Longueur de la poign\u00e9e : 8.0 cm \u00c9paisseur de la lame : 2.5 mm Largeur de la lame : 2.8 cm Poids : [&hellip;]<\/p>\n","protected":false},"featured_media":90889,"comment_status":"open","ping_status":"closed","template":"","meta":{"inline_featured_image":false},"product_brand":[],"product_cat":[1347,1035],"product_tag":[1769,1842,1773,1765],"class_list":{"0":"post-30204","1":"product","2":"type-product","3":"status-publish","4":"has-post-thumbnail","6":"product_cat-accessoires-militaires-de-chasse","7":"product_cat-couteaux-machettes","8":"product_tag-army-survival-fr","9":"product_tag-boker-fr","10":"product_tag-chasse-peche","11":"product_tag-sport-outdoor-fr","13":"first","14":"instock","15":"taxable","16":"shipping-taxable","17":"purchasable","18":"product-type-simple"},"_links":{"self":[{"href":"https:\/\/metal-badge.ch\/fr\/wp-json\/wp\/v2\/product\/30204","targetHints":{"allow":["GET"]}}],"collection":[{"href":"https:\/\/metal-badge.ch\/fr\/wp-json\/wp\/v2\/product"}],"about":[{"href":"https:\/\/metal-badge.ch\/fr\/wp-json\/wp\/v2\/types\/product"}],"replies":[{"embeddable":true,"href":"https:\/\/metal-badge.ch\/fr\/wp-json\/wp\/v2\/comments?post=30204"}],"wp:featuredmedia":[{"embeddable":true,"href":"https:\/\/metal-badge.ch\/fr\/wp-json\/wp\/v2\/media\/90889"}],"wp:attachment":[{"href":"https:\/\/metal-badge.ch\/fr\/wp-json\/wp\/v2\/media?parent=30204"}],"wp:term":[{"taxonomy":"product_brand","embeddable":true,"href":"https:\/\/metal-badge.ch\/fr\/wp-json\/wp\/v2\/product_brand?post=30204"},{"taxonomy":"product_cat","embeddable":true,"href":"https:\/\/metal-badge.ch\/fr\/wp-json\/wp\/v2\/product_cat?post=30204"},{"taxonomy":"product_tag","embeddable":true,"href":"https:\/\/metal-badge.ch\/fr\/wp-json\/wp\/v2\/product_tag?post=30204"}],"curies":[{"name":"wp","href":"https:\/\/api.w.org\/{rel}","templated":true}]}}