{"id":30188,"date":"2015-05-13T14:48:35","date_gmt":"2015-05-13T14:48:35","guid":{"rendered":"https:\/\/shop.metal-badge.ch\/?product=boker-609bs-tactics-folding-knife"},"modified":"2020-08-02T01:10:17","modified_gmt":"2020-08-02T01:10:17","slug":"boker-609bs-tactics-folding-knife","status":"publish","type":"product","link":"https:\/\/metal-badge.ch\/fr\/product\/30188\/boker-609bs-tactics-folding-knife\/","title":{"rendered":"B\u00f6ker 609BS tactics folding knife"},"content":{"rendered":"<p>Marque : B\u00f6ker<br \/>\nType : Couteau pliant<br \/>\nCouleur : Camouflage<br \/>\nLongueur totale : 19.6 cm<br \/>\nLongueur de la poign\u00e9e : 11.5 cm<br \/>\n\u00c9paisseur de la poign\u00e9e : 1.1 cm<br \/>\nLongueur de la lame : 8.1 cm<br \/>\n\u00c9paisseur de la lame : 0.28 cm<br \/>\nLargeur de la lame : 2.4 cm au point le plus large<br \/>\nPoids : 160 g <br \/>\nCoque de la poign\u00e9e : Plastique couleur camouflage et acier inoxydable<br \/>\nLame : acier inoxydable 3CR13<\/p>\n<p>Ce couteau de poche couleur camouflage est id\u00e9al pour les chasseurs et l&rsquo;ext\u00e9rieur. Il peut \u00eatre fix\u00e9 \u00e0 la ceinture gr\u00e2ce \u00e0 un clip. Le blocage Frame Lock peut \u00eatre d\u00e9bloqu\u00e9 en appuyant sur la partie inf\u00e9rieure de la poign\u00e9e.<\/p>\n","protected":false},"excerpt":{"rendered":"<p>Marque : B\u00f6ker Type : Couteau pliant Couleur : Camouflage Longueur totale : 19.6 cm Longueur de la poign\u00e9e : 11.5 cm \u00c9paisseur de la poign\u00e9e : 1.1 cm Longueur de la lame : 8.1 cm \u00c9paisseur de la lame : 0.28 cm Largeur de la lame : 2.4 cm au point le plus large [&hellip;]<\/p>\n","protected":false},"featured_media":90893,"comment_status":"open","ping_status":"closed","template":"","meta":{"inline_featured_image":false},"product_brand":[],"product_cat":[1347,1035],"product_tag":[1769,1842,1773,1765],"class_list":{"0":"post-30188","1":"product","2":"type-product","3":"status-publish","4":"has-post-thumbnail","6":"product_cat-accessoires-militaires-de-chasse","7":"product_cat-couteaux-machettes","8":"product_tag-army-survival-fr","9":"product_tag-boker-fr","10":"product_tag-chasse-peche","11":"product_tag-sport-outdoor-fr","13":"first","14":"instock","15":"taxable","16":"shipping-taxable","17":"purchasable","18":"product-type-simple"},"_links":{"self":[{"href":"https:\/\/metal-badge.ch\/fr\/wp-json\/wp\/v2\/product\/30188","targetHints":{"allow":["GET"]}}],"collection":[{"href":"https:\/\/metal-badge.ch\/fr\/wp-json\/wp\/v2\/product"}],"about":[{"href":"https:\/\/metal-badge.ch\/fr\/wp-json\/wp\/v2\/types\/product"}],"replies":[{"embeddable":true,"href":"https:\/\/metal-badge.ch\/fr\/wp-json\/wp\/v2\/comments?post=30188"}],"wp:featuredmedia":[{"embeddable":true,"href":"https:\/\/metal-badge.ch\/fr\/wp-json\/wp\/v2\/media\/90893"}],"wp:attachment":[{"href":"https:\/\/metal-badge.ch\/fr\/wp-json\/wp\/v2\/media?parent=30188"}],"wp:term":[{"taxonomy":"product_brand","embeddable":true,"href":"https:\/\/metal-badge.ch\/fr\/wp-json\/wp\/v2\/product_brand?post=30188"},{"taxonomy":"product_cat","embeddable":true,"href":"https:\/\/metal-badge.ch\/fr\/wp-json\/wp\/v2\/product_cat?post=30188"},{"taxonomy":"product_tag","embeddable":true,"href":"https:\/\/metal-badge.ch\/fr\/wp-json\/wp\/v2\/product_tag?post=30188"}],"curies":[{"name":"wp","href":"https:\/\/api.w.org\/{rel}","templated":true}]}}