{"id":30180,"date":"2015-05-13T14:07:37","date_gmt":"2015-05-13T14:07:37","guid":{"rendered":"https:\/\/shop.metal-badge.ch\/?product=boker-440-stainless-steel"},"modified":"2023-08-11T19:16:40","modified_gmt":"2023-08-11T17:16:40","slug":"boker-440-stainless-steel","status":"publish","type":"product","link":"https:\/\/metal-badge.ch\/fr\/product\/30180\/boker-440-stainless-steel\/","title":{"rendered":"B\u00f6ker 440 Stainless Steel"},"content":{"rendered":"<ul>\n<li>Marque : B\u00f6ker<\/li>\n<li>Type : Couteau pliant<\/li>\n<li>Couleur : noir<\/li>\n<li>Longueur totale : 22.3 cm<\/li>\n<li>Longueur de la poign\u00e9e : 12.5 cm<\/li>\n<li>\u00c9paisseur de la poign\u00e9e : 1.7 cm<\/li>\n<li>Longueur de la poign\u00e9e : 9.8 cm avec scie<\/li>\n<li>\u00c9paisseur de la lame : 0.37 cm<\/li>\n<li>Largeur de la lame : 2.8 cm au point le plus large<\/li>\n<li>Poids : 200 g.<\/li>\n<li>Coque de la poign\u00e9e : Aluminium<\/li>\n<li>Lame : acier inoxydable 440<\/li>\n<li>\u00c9paisseur de la lame : 57 HRC<\/li>\n<li>Surface : noir<\/li>\n<\/ul>\n<p>Compact, ce couteau de poche peut \u00eatre fix\u00e9 facilement \u00e0 la ceinture gr\u00e2ce \u00e0 un clip. Le blocage Frame Lock peut \u00eatre d\u00e9bloqu\u00e9 en appuyant sur la partie inf\u00e9rieure de la poign\u00e9e. Les coques noires de la poign\u00e9e en aluminium se pr\u00e9sentent dans un look moderne. Un sachet en velours est fourni avec le produit.<\/p>\n","protected":false},"excerpt":{"rendered":"<p>Marque : B\u00f6ker Type : Couteau pliant Couleur : noir Longueur totale : 22.3 cm Longueur de la poign\u00e9e : 12.5 cm \u00c9paisseur de la poign\u00e9e : 1.7 cm Longueur de la poign\u00e9e : 9.8 cm avec scie \u00c9paisseur de la lame : 0.37 cm Largeur de la lame : 2.8 cm au point le [&hellip;]<\/p>\n","protected":false},"featured_media":90895,"comment_status":"open","ping_status":"closed","template":"","meta":{"inline_featured_image":false},"product_brand":[],"product_cat":[1347,1035],"product_tag":[1769,1842,1773,1765],"class_list":{"0":"post-30180","1":"product","2":"type-product","3":"status-publish","4":"has-post-thumbnail","6":"product_cat-accessoires-militaires-de-chasse","7":"product_cat-couteaux-machettes","8":"product_tag-army-survival-fr","9":"product_tag-boker-fr","10":"product_tag-chasse-peche","11":"product_tag-sport-outdoor-fr","13":"first","14":"instock","15":"taxable","16":"shipping-taxable","17":"purchasable","18":"product-type-simple"},"_links":{"self":[{"href":"https:\/\/metal-badge.ch\/fr\/wp-json\/wp\/v2\/product\/30180","targetHints":{"allow":["GET"]}}],"collection":[{"href":"https:\/\/metal-badge.ch\/fr\/wp-json\/wp\/v2\/product"}],"about":[{"href":"https:\/\/metal-badge.ch\/fr\/wp-json\/wp\/v2\/types\/product"}],"replies":[{"embeddable":true,"href":"https:\/\/metal-badge.ch\/fr\/wp-json\/wp\/v2\/comments?post=30180"}],"wp:featuredmedia":[{"embeddable":true,"href":"https:\/\/metal-badge.ch\/fr\/wp-json\/wp\/v2\/media\/90895"}],"wp:attachment":[{"href":"https:\/\/metal-badge.ch\/fr\/wp-json\/wp\/v2\/media?parent=30180"}],"wp:term":[{"taxonomy":"product_brand","embeddable":true,"href":"https:\/\/metal-badge.ch\/fr\/wp-json\/wp\/v2\/product_brand?post=30180"},{"taxonomy":"product_cat","embeddable":true,"href":"https:\/\/metal-badge.ch\/fr\/wp-json\/wp\/v2\/product_cat?post=30180"},{"taxonomy":"product_tag","embeddable":true,"href":"https:\/\/metal-badge.ch\/fr\/wp-json\/wp\/v2\/product_tag?post=30180"}],"curies":[{"name":"wp","href":"https:\/\/api.w.org\/{rel}","templated":true}]}}