{"id":30163,"date":"2015-05-12T17:20:14","date_gmt":"2015-05-12T17:20:14","guid":{"rendered":"https:\/\/shop.metal-badge.ch\/?product=gants-dintervention-traffic"},"modified":"2015-05-18T09:45:56","modified_gmt":"2015-05-18T09:45:56","slug":"gants-dintervention-traffic","status":"publish","type":"product","link":"https:\/\/metal-badge.ch\/fr\/product\/30163\/gants-dintervention-traffic\/","title":{"rendered":"Gants d&rsquo;intervention Traffic"},"content":{"rendered":"<p>Gants d&rsquo;intervention d&rsquo;une excellente qualit\u00e9. Fabriqu\u00e9 en similicuir, softshell, int\u00e9rieur en microfleece. Les paumes de main sont en similicuir Amara ind\u00e9chirable. Fermeture du poignet avec bande autogrippante. Respirant et coupe id\u00e9ale. Gants polyvalents et confortables pour une utilisation quotidienne. <\/p>\n<div class=\"handschuhe-add\">\n<img decoding=\"async\" src=\"https:\/\/metal-badge.ch\/wp-content\/uploads\/content\/spritze_2nd.jpg\" alt=\"Spritze\" class=\"spritze\" \/><br \/>\n<img decoding=\"async\" src=\"\nhttps:\/\/metal-badge.ch\/wp-content\/uploads\/products-inline-content\/Einsatzhandschuhe_Gun.jpg\" alt=\"Gun\" class=\"gun\" \/><br \/>\n<img decoding=\"async\" src=\"\nhttps:\/\/metal-badge.ch\/wp-content\/uploads\/products-inline-content\/checked.png\" alt=\"checked\" class=\"checked\" \/>\n<\/div>\n<p><img decoding=\"async\" src=\"https:\/\/metal-badge.ch\/wp-content\/uploads\/content\/Size_Chart_2nd.jpg\" alt=\"Size Chart\" class=\"size-chart\" \/><br \/>\nDescription du produit:<br \/>\nMat\u00e9riau : Similicuir, Amara, polyester, softshell<br \/>\nCouleur : Jaune lumineux \/ noir<br \/>\nTailles :  S \u2013 XXL<br \/>\nInt\u00e9rieur : Micro-Fleece<br \/>\nFermeture du poignet avec bande autogrippante.<br \/>\nRespirant et coupe id\u00e9ale.<\/p>\n","protected":false},"excerpt":{"rendered":"<p>Gants d&rsquo;intervention d&rsquo;une excellente qualit\u00e9. Fabriqu\u00e9 en similicuir, softshell, int\u00e9rieur en microfleece. Les paumes de main sont en similicuir Amara ind\u00e9chirable. Fermeture du poignet avec bande autogrippante. Respirant et coupe id\u00e9ale. Gants polyvalents et confortables pour une utilisation quotidienne. Description du produit: Mat\u00e9riau : Similicuir, Amara, polyester, softshell Couleur : Jaune lumineux \/ noir Tailles [&hellip;]<\/p>\n","protected":false},"featured_media":90897,"comment_status":"open","ping_status":"closed","template":"","meta":{"inline_featured_image":false},"product_brand":[],"product_cat":[1606,1643],"product_tag":[1781,1765],"class_list":{"0":"post-30163","1":"product","2":"type-product","3":"status-publish","4":"has-post-thumbnail","6":"product_cat-vetements-haute-visibilite-et-lumineux","7":"product_cat-gants-gants-dintervention","8":"product_tag-police-securite","9":"product_tag-sport-outdoor-fr","11":"first","12":"instock","13":"taxable","14":"shipping-taxable","15":"purchasable","16":"product-type-simple"},"_links":{"self":[{"href":"https:\/\/metal-badge.ch\/fr\/wp-json\/wp\/v2\/product\/30163","targetHints":{"allow":["GET"]}}],"collection":[{"href":"https:\/\/metal-badge.ch\/fr\/wp-json\/wp\/v2\/product"}],"about":[{"href":"https:\/\/metal-badge.ch\/fr\/wp-json\/wp\/v2\/types\/product"}],"replies":[{"embeddable":true,"href":"https:\/\/metal-badge.ch\/fr\/wp-json\/wp\/v2\/comments?post=30163"}],"wp:featuredmedia":[{"embeddable":true,"href":"https:\/\/metal-badge.ch\/fr\/wp-json\/wp\/v2\/media\/90897"}],"wp:attachment":[{"href":"https:\/\/metal-badge.ch\/fr\/wp-json\/wp\/v2\/media?parent=30163"}],"wp:term":[{"taxonomy":"product_brand","embeddable":true,"href":"https:\/\/metal-badge.ch\/fr\/wp-json\/wp\/v2\/product_brand?post=30163"},{"taxonomy":"product_cat","embeddable":true,"href":"https:\/\/metal-badge.ch\/fr\/wp-json\/wp\/v2\/product_cat?post=30163"},{"taxonomy":"product_tag","embeddable":true,"href":"https:\/\/metal-badge.ch\/fr\/wp-json\/wp\/v2\/product_tag?post=30163"}],"curies":[{"name":"wp","href":"https:\/\/api.w.org\/{rel}","templated":true}]}}