{"id":30143,"date":"2015-05-12T16:09:48","date_gmt":"2015-05-12T16:09:48","guid":{"rendered":"https:\/\/shop.metal-badge.ch\/?product=gants-dintervention-tactique-pec-2"},"modified":"2024-12-26T18:51:40","modified_gmt":"2024-12-26T17:51:40","slug":"gants-dintervention-tactique-pec-2","status":"publish","type":"product","link":"https:\/\/metal-badge.ch\/fr\/product\/30143\/gants-dintervention-tactique-pec-2\/","title":{"rendered":"Gants d&rsquo;intervention tactique PEC 2"},"content":{"rendered":"<p>Gants d&rsquo;intervention en cuir de vachette. Ce gant ignifug\u00e9 est en Kevlar r\u00e9sistant aux coupures. Protection renforc\u00e9e des doigts. Gants polyvalents et confortables pour une utilisation quotidienne.<\/p>\n<p><img decoding=\"async\" class=\"spritze\" src=\"https:\/\/metal-badge.ch\/wp-content\/uploads\/content\/spritze_2nd.jpg\" alt=\"Spritze\" \/><br \/>\n<img decoding=\"async\" class=\"checked\" src=\" https:\/\/metal-badge.ch\/wp-content\/uploads\/products-inline-content\/checked.png\" alt=\"checked\" \/><\/p>\n<p><img decoding=\"async\" class=\"size-chart\" src=\"https:\/\/metal-badge.ch\/wp-content\/uploads\/content\/Size_Chart_2nd.jpg\" alt=\"Size Chart\" \/><\/p>\n<h3>Description du produit :<\/h3>\n<p>Mat\u00e9riau : Cuir de vachette<br \/>\nCouleur : noir<br \/>\nIgnifuge<br \/>\nAvec protection contre les coupures en Kevlar<br \/>\nTailles : S \u2013 2XL<\/p>\n","protected":false},"excerpt":{"rendered":"<p>Gants d&rsquo;intervention en cuir de vachette. Ce gant ignifug\u00e9 est en Kevlar r\u00e9sistant aux coupures. Protection renforc\u00e9e des doigts. Gants polyvalents et confortables pour une utilisation quotidienne. Description du produit : Mat\u00e9riau : Cuir de vachette Couleur : noir Ignifuge Avec protection contre les coupures en Kevlar Tailles : S \u2013 2XL<\/p>\n","protected":false},"featured_media":90905,"comment_status":"open","ping_status":"closed","template":"","meta":{"inline_featured_image":false},"product_brand":[],"product_cat":[1643],"product_tag":[1781,1765],"class_list":{"0":"post-30143","1":"product","2":"type-product","3":"status-publish","4":"has-post-thumbnail","6":"product_cat-gants-gants-dintervention","7":"product_tag-police-securite","8":"product_tag-sport-outdoor-fr","10":"first","11":"instock","12":"taxable","13":"shipping-taxable","14":"purchasable","15":"product-type-simple"},"_links":{"self":[{"href":"https:\/\/metal-badge.ch\/fr\/wp-json\/wp\/v2\/product\/30143","targetHints":{"allow":["GET"]}}],"collection":[{"href":"https:\/\/metal-badge.ch\/fr\/wp-json\/wp\/v2\/product"}],"about":[{"href":"https:\/\/metal-badge.ch\/fr\/wp-json\/wp\/v2\/types\/product"}],"replies":[{"embeddable":true,"href":"https:\/\/metal-badge.ch\/fr\/wp-json\/wp\/v2\/comments?post=30143"}],"wp:featuredmedia":[{"embeddable":true,"href":"https:\/\/metal-badge.ch\/fr\/wp-json\/wp\/v2\/media\/90905"}],"wp:attachment":[{"href":"https:\/\/metal-badge.ch\/fr\/wp-json\/wp\/v2\/media?parent=30143"}],"wp:term":[{"taxonomy":"product_brand","embeddable":true,"href":"https:\/\/metal-badge.ch\/fr\/wp-json\/wp\/v2\/product_brand?post=30143"},{"taxonomy":"product_cat","embeddable":true,"href":"https:\/\/metal-badge.ch\/fr\/wp-json\/wp\/v2\/product_cat?post=30143"},{"taxonomy":"product_tag","embeddable":true,"href":"https:\/\/metal-badge.ch\/fr\/wp-json\/wp\/v2\/product_tag?post=30143"}],"curies":[{"name":"wp","href":"https:\/\/api.w.org\/{rel}","templated":true}]}}