{"id":30138,"date":"2015-05-12T15:51:50","date_gmt":"2015-05-12T15:51:50","guid":{"rendered":"https:\/\/shop.metal-badge.ch\/?product=gants-dintervention-tactique-pec-3"},"modified":"2015-05-18T09:49:55","modified_gmt":"2015-05-18T09:49:55","slug":"gants-dintervention-tactique-pec-3","status":"publish","type":"product","link":"https:\/\/metal-badge.ch\/fr\/product\/30138\/gants-dintervention-tactique-pec-3\/","title":{"rendered":"Gants d&rsquo;intervention tactique PEC 3"},"content":{"rendered":"<p>Gants d&rsquo;intervention tactique d&rsquo;une qualit\u00e9 excellente. Fabriqu\u00e9s en similicuir, \u00e9lasthanne et n\u00e9opr\u00e8ne. Ce gant ignifug\u00e9 est en Kevlar r\u00e9sistant aux coupures. Les paumes des mains sont renforc\u00e9es avec du nylon ind\u00e9chirable avec un rev\u00eatement en caoutchouc. Protection renforc\u00e9e des doigts. Fermeture du poignet avec bande autogrippante. Respirant gr\u00e2ce \u00e0 l&rsquo;\u00e9lasthanne au dos des mains. Gants polyvalents et confortables pour une utilisation quotidienne. <\/p>\n<p><img decoding=\"async\" src=\"https:\/\/metal-badge.ch\/wp-content\/uploads\/content\/spritze_2nd.jpg\" alt=\"Spritze\" class=\"spritze\" \/><br \/>\n<img decoding=\"async\" src=\"\nhttps:\/\/metal-badge.ch\/wp-content\/uploads\/products-inline-content\/checked.png\" alt=\"checked\" class=\"checked\" \/><\/p>\n<p><img decoding=\"async\" src=\"https:\/\/metal-badge.ch\/wp-content\/uploads\/content\/Size_Chart_2nd.jpg\" alt=\"Size Chart\" class=\"size-chart\" \/><\/p>\n<h3>Description du produit :<\/h3>\n<p>Mat\u00e9riau : Similicuir, \u00e9lasthanne, n\u00e9opr\u00e8ne<br \/>\nCouleur : noir <br \/>\nTailles :  S \u2013 XL <br \/>\nProtection renforc\u00e9e des doigts.<br \/>\nRenfort sur les pouces et la paume de main.<br \/>\nFermeture du poignet avec bande autogrippante.<br \/>\nIgnifuge<br \/>\nAvec protection contre les coupures en Kevlar<\/p>\n","protected":false},"excerpt":{"rendered":"<p>Gants d&rsquo;intervention tactique d&rsquo;une qualit\u00e9 excellente. Fabriqu\u00e9s en similicuir, \u00e9lasthanne et n\u00e9opr\u00e8ne. Ce gant ignifug\u00e9 est en Kevlar r\u00e9sistant aux coupures. Les paumes des mains sont renforc\u00e9es avec du nylon ind\u00e9chirable avec un rev\u00eatement en caoutchouc. Protection renforc\u00e9e des doigts. Fermeture du poignet avec bande autogrippante. Respirant gr\u00e2ce \u00e0 l&rsquo;\u00e9lasthanne au dos des mains. Gants [&hellip;]<\/p>\n","protected":false},"featured_media":90907,"comment_status":"open","ping_status":"closed","template":"","meta":{"inline_featured_image":false},"product_brand":[],"product_cat":[1643],"product_tag":[1781,1765],"class_list":{"0":"post-30138","1":"product","2":"type-product","3":"status-publish","4":"has-post-thumbnail","6":"product_cat-gants-gants-dintervention","7":"product_tag-police-securite","8":"product_tag-sport-outdoor-fr","10":"first","11":"instock","12":"taxable","13":"shipping-taxable","14":"purchasable","15":"product-type-simple"},"_links":{"self":[{"href":"https:\/\/metal-badge.ch\/fr\/wp-json\/wp\/v2\/product\/30138","targetHints":{"allow":["GET"]}}],"collection":[{"href":"https:\/\/metal-badge.ch\/fr\/wp-json\/wp\/v2\/product"}],"about":[{"href":"https:\/\/metal-badge.ch\/fr\/wp-json\/wp\/v2\/types\/product"}],"replies":[{"embeddable":true,"href":"https:\/\/metal-badge.ch\/fr\/wp-json\/wp\/v2\/comments?post=30138"}],"wp:featuredmedia":[{"embeddable":true,"href":"https:\/\/metal-badge.ch\/fr\/wp-json\/wp\/v2\/media\/90907"}],"wp:attachment":[{"href":"https:\/\/metal-badge.ch\/fr\/wp-json\/wp\/v2\/media?parent=30138"}],"wp:term":[{"taxonomy":"product_brand","embeddable":true,"href":"https:\/\/metal-badge.ch\/fr\/wp-json\/wp\/v2\/product_brand?post=30138"},{"taxonomy":"product_cat","embeddable":true,"href":"https:\/\/metal-badge.ch\/fr\/wp-json\/wp\/v2\/product_cat?post=30138"},{"taxonomy":"product_tag","embeddable":true,"href":"https:\/\/metal-badge.ch\/fr\/wp-json\/wp\/v2\/product_tag?post=30138"}],"curies":[{"name":"wp","href":"https:\/\/api.w.org\/{rel}","templated":true}]}}