{"id":30133,"date":"2015-05-12T15:23:17","date_gmt":"2015-05-12T15:23:17","guid":{"rendered":"https:\/\/shop.metal-badge.ch\/?product=gants-dintervention-tactique-sha-2"},"modified":"2019-04-16T08:54:54","modified_gmt":"2019-04-16T08:54:54","slug":"gants-dintervention-tactique-sha-2","status":"publish","type":"product","link":"https:\/\/metal-badge.ch\/fr\/product\/30133\/gants-dintervention-tactique-sha-2\/","title":{"rendered":"Gants d&rsquo;intervention tactique SHA 2"},"content":{"rendered":"<p>Gants d&rsquo;intervention tactique d&rsquo;une qualit\u00e9 excellente. Fabriqu\u00e9s en similicuir, nylon, n\u00e9opr\u00e8ne. Les paumes de main ext\u00e9rieures sont en similicuir ind\u00e9chirable avec rev\u00eatement en caoutchouc. Renfort des bouts de doigts Fermeture du poignet avec bande autogrippante. Dos des mains en n\u00e9opr\u00e8ne. Forme id\u00e9ale. Gants polyvalents et confortables pour une utilisation quotidienne.<\/p>\n<p><img decoding=\"async\" alt=\"Spritze\" class=\"spritze\" src=\"https:\/\/metal-badge.ch\/wp-content\/uploads\/content\/spritze_2nd.jpg\" \/> <img decoding=\"async\" alt=\"Gun\" class=\"gun\" src=\"\nhttps:\/\/metal-badge.ch\/wp-content\/uploads\/products-inline-content\/Einsatzhandschuhe_Gun.jpg\" \/> <img decoding=\"async\" alt=\"checked\" class=\"checked\" src=\"\nhttps:\/\/metal-badge.ch\/wp-content\/uploads\/products-inline-content\/checked.png\" \/><\/p>\n<p><img decoding=\"async\" alt=\"Size Chart\" class=\"size-chart\" src=\"https:\/\/metal-badge.ch\/wp-content\/uploads\/content\/Size_Chart_2nd.jpg\" \/><\/p>\n<h3>Description du produit :<\/h3>\n<p>Mat\u00e9riau : Similicuir, n\u00e9opr\u00e8ne<br \/>\nCouleur : noir<br \/>\nTailles : S \u2013 XL<br \/>\nProtection renforc\u00e9e et ind\u00e9chirable des doigts.<br \/>\nRenfort des index<br \/>\nProtection ind\u00e9chirable du c\u00f4t\u00e9 ext\u00e9rieur des paumes<br \/>\nFermeture du poignet avec bande autogrippante.<br \/>\nDos des mains en n\u00e9opr\u00e8ne.<br \/>\nForme id\u00e9ale.<\/p>\n","protected":false},"excerpt":{"rendered":"<p>Gants d&rsquo;intervention tactique d&rsquo;une qualit\u00e9 excellente. Fabriqu\u00e9s en similicuir, nylon, n\u00e9opr\u00e8ne. Les paumes de main ext\u00e9rieures sont en similicuir ind\u00e9chirable avec rev\u00eatement en caoutchouc. Renfort des bouts de doigts Fermeture du poignet avec bande autogrippante. Dos des mains en n\u00e9opr\u00e8ne. Forme id\u00e9ale. Gants polyvalents et confortables pour une utilisation quotidienne. Description du produit : Mat\u00e9riau [&hellip;]<\/p>\n","protected":false},"featured_media":90909,"comment_status":"open","ping_status":"closed","template":"","meta":{"inline_featured_image":false},"product_brand":[],"product_cat":[1643],"product_tag":[1781,1765],"class_list":{"0":"post-30133","1":"product","2":"type-product","3":"status-publish","4":"has-post-thumbnail","6":"product_cat-gants-gants-dintervention","7":"product_tag-police-securite","8":"product_tag-sport-outdoor-fr","10":"first","11":"instock","12":"taxable","13":"shipping-taxable","14":"purchasable","15":"product-type-simple"},"_links":{"self":[{"href":"https:\/\/metal-badge.ch\/fr\/wp-json\/wp\/v2\/product\/30133","targetHints":{"allow":["GET"]}}],"collection":[{"href":"https:\/\/metal-badge.ch\/fr\/wp-json\/wp\/v2\/product"}],"about":[{"href":"https:\/\/metal-badge.ch\/fr\/wp-json\/wp\/v2\/types\/product"}],"replies":[{"embeddable":true,"href":"https:\/\/metal-badge.ch\/fr\/wp-json\/wp\/v2\/comments?post=30133"}],"wp:featuredmedia":[{"embeddable":true,"href":"https:\/\/metal-badge.ch\/fr\/wp-json\/wp\/v2\/media\/90909"}],"wp:attachment":[{"href":"https:\/\/metal-badge.ch\/fr\/wp-json\/wp\/v2\/media?parent=30133"}],"wp:term":[{"taxonomy":"product_brand","embeddable":true,"href":"https:\/\/metal-badge.ch\/fr\/wp-json\/wp\/v2\/product_brand?post=30133"},{"taxonomy":"product_cat","embeddable":true,"href":"https:\/\/metal-badge.ch\/fr\/wp-json\/wp\/v2\/product_cat?post=30133"},{"taxonomy":"product_tag","embeddable":true,"href":"https:\/\/metal-badge.ch\/fr\/wp-json\/wp\/v2\/product_tag?post=30133"}],"curies":[{"name":"wp","href":"https:\/\/api.w.org\/{rel}","templated":true}]}}