{"id":30128,"date":"2015-05-12T14:45:06","date_gmt":"2015-05-12T14:45:06","guid":{"rendered":"https:\/\/shop.metal-badge.ch\/?product=gants-dintervention-tactique-sha-1"},"modified":"2015-05-13T10:19:18","modified_gmt":"2015-05-13T10:19:18","slug":"gants-dintervention-tactique-sha-1","status":"publish","type":"product","link":"https:\/\/metal-badge.ch\/fr\/product\/30128\/gants-dintervention-tactique-sha-1\/","title":{"rendered":"Gants d&rsquo;intervention tactique SHA 1"},"content":{"rendered":"<p>Gants d&rsquo;intervention tactique d&rsquo;une qualit\u00e9 excellente. Fabriqu\u00e9s en similicuir, Kevlar, \u00e9lasthanne et n\u00e9opr\u00e8ne. Les paumes de main sont en Kevlar r\u00e9sistant aux coupures, les pouces et les index sont renforc\u00e9s avec un rev\u00eatement en nylon et en caoutchouc ind\u00e9chirable. Dos des mains en n\u00e9opr\u00e8ne et \u00e9lasthanne respirant. Fermeture du poignet avec bande autogrippante. Forme id\u00e9ale. Gants polyvalents et confortables pour une utilisation quotidienne.  <\/p>\n<p><img decoding=\"async\" src=\"https:\/\/metal-badge.ch\/wp-content\/uploads\/content\/Size_Chart_2nd.jpg\" alt=\"Size Chart\" class=\"size-chart\" \/> <\/p>\n<h3>Description du produit :<\/h3>\n<p>Mat\u00e9riau : Similicuir, Kevlar, \u00e9lasthanne, n\u00e9opr\u00e8ne<br \/>\nCouleur : noir <br \/>\nTailles :  S \u2013 XL <br \/>\nRenfort sur les pouces et les index protection contre les d\u00e9chirures. <br \/>\nFermeture du poignet avec bande autogrippante.<br \/>\nAvec protection contre les coupures en Kevlar<br \/> <br \/>\nForme id\u00e9ale.<\/p>\n","protected":false},"excerpt":{"rendered":"<p>Gants d&rsquo;intervention tactique d&rsquo;une qualit\u00e9 excellente. Fabriqu\u00e9s en similicuir, Kevlar, \u00e9lasthanne et n\u00e9opr\u00e8ne. Les paumes de main sont en Kevlar r\u00e9sistant aux coupures, les pouces et les index sont renforc\u00e9s avec un rev\u00eatement en nylon et en caoutchouc ind\u00e9chirable. Dos des mains en n\u00e9opr\u00e8ne et \u00e9lasthanne respirant. Fermeture du poignet avec bande autogrippante. Forme id\u00e9ale. [&hellip;]<\/p>\n","protected":false},"featured_media":90911,"comment_status":"open","ping_status":"closed","template":"","meta":{"inline_featured_image":false},"product_brand":[],"product_cat":[1643],"product_tag":[1781,1765],"class_list":{"0":"post-30128","1":"product","2":"type-product","3":"status-publish","4":"has-post-thumbnail","6":"product_cat-gants-gants-dintervention","7":"product_tag-police-securite","8":"product_tag-sport-outdoor-fr","10":"first","11":"instock","12":"taxable","13":"shipping-taxable","14":"purchasable","15":"product-type-simple"},"_links":{"self":[{"href":"https:\/\/metal-badge.ch\/fr\/wp-json\/wp\/v2\/product\/30128","targetHints":{"allow":["GET"]}}],"collection":[{"href":"https:\/\/metal-badge.ch\/fr\/wp-json\/wp\/v2\/product"}],"about":[{"href":"https:\/\/metal-badge.ch\/fr\/wp-json\/wp\/v2\/types\/product"}],"replies":[{"embeddable":true,"href":"https:\/\/metal-badge.ch\/fr\/wp-json\/wp\/v2\/comments?post=30128"}],"wp:featuredmedia":[{"embeddable":true,"href":"https:\/\/metal-badge.ch\/fr\/wp-json\/wp\/v2\/media\/90911"}],"wp:attachment":[{"href":"https:\/\/metal-badge.ch\/fr\/wp-json\/wp\/v2\/media?parent=30128"}],"wp:term":[{"taxonomy":"product_brand","embeddable":true,"href":"https:\/\/metal-badge.ch\/fr\/wp-json\/wp\/v2\/product_brand?post=30128"},{"taxonomy":"product_cat","embeddable":true,"href":"https:\/\/metal-badge.ch\/fr\/wp-json\/wp\/v2\/product_cat?post=30128"},{"taxonomy":"product_tag","embeddable":true,"href":"https:\/\/metal-badge.ch\/fr\/wp-json\/wp\/v2\/product_tag?post=30128"}],"curies":[{"name":"wp","href":"https:\/\/api.w.org\/{rel}","templated":true}]}}