{"id":30123,"date":"2015-05-12T10:35:18","date_gmt":"2015-05-12T10:35:18","guid":{"rendered":"https:\/\/shop.metal-badge.ch\/?product=gants-dintervention-tactique-spectra-pec-4"},"modified":"2015-05-13T10:18:08","modified_gmt":"2015-05-13T10:18:08","slug":"gants-dintervention-tactique-spectra-pec-4","status":"publish","type":"product","link":"https:\/\/metal-badge.ch\/fr\/product\/30123\/gants-dintervention-tactique-spectra-pec-4\/","title":{"rendered":"Gants d&rsquo;intervention tactique Spectra PEC 4"},"content":{"rendered":"<p>Gants d&rsquo;intervention tactique d&rsquo;une qualit\u00e9 excellente. Fabriqu\u00e9s en cuir de vachette, \u00e9lasthanne et similicuir. Les paumes sont en cuir de vachette. Renfort sur les pouces et les doigts. Fermeture du poignet avec bande autogrippante. Respirant gr\u00e2ce \u00e0 l&rsquo;\u00e9lasthanne sur le dos des mains et la protection de l&rsquo;articulation au dos. Forme id\u00e9ale. Gants polyvalents et confortables pour une utilisation quotidienne. Avec protection Spectra contre les coupures<\/p>\n<p><img decoding=\"async\" src=\"https:\/\/metal-badge.ch\/wp-content\/uploads\/content\/Size_Chart_2nd.jpg\" alt=\"Size Chart\" class=\"size-chart\" \/><\/p>\n<h3>Description du produit :<\/h3>\n<p>Mat\u00e9riau : Similicuir, \u00e9lasthanne, n\u00e9opr\u00e8ne<br \/>\nCouleur : noir <br \/>\nTailles :  S \u2013 XL <br \/>\nRenfort sur les pouces et les doigts.<br \/>\nProtection optimale des articulations<br \/>\nBande autogrippante r\u00e9glable sur l&rsquo;articulation de la main. <br \/>\nAvec protection Spectra contre les coupures <br \/>\nForme id\u00e9ale.<\/p>\n","protected":false},"excerpt":{"rendered":"<p>Gants d&rsquo;intervention tactique d&rsquo;une qualit\u00e9 excellente. Fabriqu\u00e9s en cuir de vachette, \u00e9lasthanne et similicuir. Les paumes sont en cuir de vachette. Renfort sur les pouces et les doigts. Fermeture du poignet avec bande autogrippante. Respirant gr\u00e2ce \u00e0 l&rsquo;\u00e9lasthanne sur le dos des mains et la protection de l&rsquo;articulation au dos. Forme id\u00e9ale. Gants polyvalents et [&hellip;]<\/p>\n","protected":false},"featured_media":90913,"comment_status":"open","ping_status":"closed","template":"","meta":{"inline_featured_image":false},"product_brand":[],"product_cat":[1643],"product_tag":[1781,1765],"class_list":{"0":"post-30123","1":"product","2":"type-product","3":"status-publish","4":"has-post-thumbnail","6":"product_cat-gants-gants-dintervention","7":"product_tag-police-securite","8":"product_tag-sport-outdoor-fr","10":"first","11":"instock","12":"taxable","13":"shipping-taxable","14":"purchasable","15":"product-type-simple"},"_links":{"self":[{"href":"https:\/\/metal-badge.ch\/fr\/wp-json\/wp\/v2\/product\/30123","targetHints":{"allow":["GET"]}}],"collection":[{"href":"https:\/\/metal-badge.ch\/fr\/wp-json\/wp\/v2\/product"}],"about":[{"href":"https:\/\/metal-badge.ch\/fr\/wp-json\/wp\/v2\/types\/product"}],"replies":[{"embeddable":true,"href":"https:\/\/metal-badge.ch\/fr\/wp-json\/wp\/v2\/comments?post=30123"}],"wp:featuredmedia":[{"embeddable":true,"href":"https:\/\/metal-badge.ch\/fr\/wp-json\/wp\/v2\/media\/90913"}],"wp:attachment":[{"href":"https:\/\/metal-badge.ch\/fr\/wp-json\/wp\/v2\/media?parent=30123"}],"wp:term":[{"taxonomy":"product_brand","embeddable":true,"href":"https:\/\/metal-badge.ch\/fr\/wp-json\/wp\/v2\/product_brand?post=30123"},{"taxonomy":"product_cat","embeddable":true,"href":"https:\/\/metal-badge.ch\/fr\/wp-json\/wp\/v2\/product_cat?post=30123"},{"taxonomy":"product_tag","embeddable":true,"href":"https:\/\/metal-badge.ch\/fr\/wp-json\/wp\/v2\/product_tag?post=30123"}],"curies":[{"name":"wp","href":"https:\/\/api.w.org\/{rel}","templated":true}]}}