{"id":30118,"date":"2015-05-12T09:05:07","date_gmt":"2015-05-12T09:05:07","guid":{"rendered":"https:\/\/shop.metal-badge.ch\/?product=gants-dintervention-tactique-pec-1"},"modified":"2015-05-18T09:49:05","modified_gmt":"2015-05-18T09:49:05","slug":"gants-dintervention-tactique-pec-1","status":"publish","type":"product","link":"https:\/\/metal-badge.ch\/fr\/product\/30118\/gants-dintervention-tactique-pec-1\/","title":{"rendered":"Gants d&rsquo;intervention tactique PEC 1"},"content":{"rendered":"<p><img decoding=\"async\" src=\"https:\/\/metal-badge.ch\/wp-content\/uploads\/content\/spritze_2nd.jpg\" alt=\"Spritze\" class=\"spritze\" \/><br \/>\n<img decoding=\"async\" src=\"\nhttps:\/\/metal-badge.ch\/wp-content\/uploads\/products-inline-content\/checked.png\" alt=\"checked\" class=\"checked\" \/><\/p>\n<p><img decoding=\"async\" src=\"https:\/\/metal-badge.ch\/wp-content\/uploads\/content\/Size_Chart_2nd.jpg\" alt=\"Size Chart\" class=\"size-chart\" \/><\/p>\n<h3>Description du produit:<\/h3>\n<p>Mat\u00e9riau : cuir de vachette, n\u00e9opr\u00e8ne<br \/> <br \/>\nCouleur : noir<br \/> <br \/>\nTailles : S \u2013 XL<br \/> <br \/>\nProtection ind\u00e9chirable du c\u00f4t\u00e9 ext\u00e9rieur des paumes<br \/> <br \/>\nFermeture du poignet avec bande autogrippante.<br \/> <br \/>\nDos des mains en n\u00e9opr\u00e8ne.<br \/> <br \/>\nInt\u00e9rieur avec fil Dynema, classe de protection contre les coupures de classe 5<br \/> <br \/>\nForme id\u00e9ale.<\/p>\n","protected":false},"excerpt":{"rendered":"<p>Description du produit: Mat\u00e9riau : cuir de vachette, n\u00e9opr\u00e8ne Couleur : noir Tailles : S \u2013 XL Protection ind\u00e9chirable du c\u00f4t\u00e9 ext\u00e9rieur des paumes Fermeture du poignet avec bande autogrippante. Dos des mains en n\u00e9opr\u00e8ne. Int\u00e9rieur avec fil Dynema, classe de protection contre les coupures de classe 5 Forme id\u00e9ale.<\/p>\n","protected":false},"featured_media":90915,"comment_status":"open","ping_status":"closed","template":"","meta":{"inline_featured_image":false},"product_brand":[],"product_cat":[1643],"product_tag":[1781,1765],"class_list":{"0":"post-30118","1":"product","2":"type-product","3":"status-publish","4":"has-post-thumbnail","6":"product_cat-gants-gants-dintervention","7":"product_tag-police-securite","8":"product_tag-sport-outdoor-fr","10":"first","11":"instock","12":"taxable","13":"shipping-taxable","14":"purchasable","15":"product-type-simple"},"_links":{"self":[{"href":"https:\/\/metal-badge.ch\/fr\/wp-json\/wp\/v2\/product\/30118","targetHints":{"allow":["GET"]}}],"collection":[{"href":"https:\/\/metal-badge.ch\/fr\/wp-json\/wp\/v2\/product"}],"about":[{"href":"https:\/\/metal-badge.ch\/fr\/wp-json\/wp\/v2\/types\/product"}],"replies":[{"embeddable":true,"href":"https:\/\/metal-badge.ch\/fr\/wp-json\/wp\/v2\/comments?post=30118"}],"wp:featuredmedia":[{"embeddable":true,"href":"https:\/\/metal-badge.ch\/fr\/wp-json\/wp\/v2\/media\/90915"}],"wp:attachment":[{"href":"https:\/\/metal-badge.ch\/fr\/wp-json\/wp\/v2\/media?parent=30118"}],"wp:term":[{"taxonomy":"product_brand","embeddable":true,"href":"https:\/\/metal-badge.ch\/fr\/wp-json\/wp\/v2\/product_brand?post=30118"},{"taxonomy":"product_cat","embeddable":true,"href":"https:\/\/metal-badge.ch\/fr\/wp-json\/wp\/v2\/product_cat?post=30118"},{"taxonomy":"product_tag","embeddable":true,"href":"https:\/\/metal-badge.ch\/fr\/wp-json\/wp\/v2\/product_tag?post=30118"}],"curies":[{"name":"wp","href":"https:\/\/api.w.org\/{rel}","templated":true}]}}