{"id":29849,"date":"2015-02-05T01:06:14","date_gmt":"2015-02-05T01:06:14","guid":{"rendered":"https:\/\/shop.metal-badge.ch\/?product=bois-a-suspendre-ipa-lituanie"},"modified":"2023-12-20T15:58:22","modified_gmt":"2023-12-20T14:58:22","slug":"bois-a-suspendre-ipa-lituanie","status":"publish","type":"product","link":"https:\/\/metal-badge.ch\/fr\/product\/29849\/bois-a-suspendre-ipa-lituanie\/","title":{"rendered":"Bois \u00e0 suspendre IPA Lituanie"},"content":{"rendered":"<p>Id\u00e9al comme cadeau ou comme distinction. 100% bois suisse, \u00e0 suspendre. Vous avez le choix entre un badge en argent ou en or ainsi qu&rsquo;entre du bois d&rsquo;\u00e9rable, d&rsquo;h\u00eatre ou de noyer.<\/p>\n<ul>\n<li>Hauteur: 16,5 cm<\/li>\n<li>Largeur: 12 cm<\/li>\n<\/ul>\n","protected":false},"excerpt":{"rendered":"<p>Id\u00e9al comme cadeau ou comme distinction. 100% bois suisse, \u00e0 suspendre. Vous avez le choix entre un badge en argent ou en or ainsi qu&rsquo;entre du bois d&rsquo;\u00e9rable, d&rsquo;h\u00eatre ou de noyer.<\/p>\n<ul>\n<li>Hauteur: 16,5 cm<\/li>\n<li>Largeur: 12 cm<\/li>\n<\/ul>\n","protected":false},"featured_media":91537,"comment_status":"open","ping_status":"closed","template":"","meta":{"inline_featured_image":false},"product_brand":[],"product_cat":[1239],"product_tag":[],"class_list":{"0":"post-29849","1":"product","2":"type-product","3":"status-publish","4":"has-post-thumbnail","6":"product_cat-lituanie","8":"first","9":"instock","10":"taxable","11":"shipping-taxable","12":"purchasable","13":"product-type-simple"},"_links":{"self":[{"href":"https:\/\/metal-badge.ch\/fr\/wp-json\/wp\/v2\/product\/29849","targetHints":{"allow":["GET"]}}],"collection":[{"href":"https:\/\/metal-badge.ch\/fr\/wp-json\/wp\/v2\/product"}],"about":[{"href":"https:\/\/metal-badge.ch\/fr\/wp-json\/wp\/v2\/types\/product"}],"replies":[{"embeddable":true,"href":"https:\/\/metal-badge.ch\/fr\/wp-json\/wp\/v2\/comments?post=29849"}],"wp:featuredmedia":[{"embeddable":true,"href":"https:\/\/metal-badge.ch\/fr\/wp-json\/wp\/v2\/media\/91537"}],"wp:attachment":[{"href":"https:\/\/metal-badge.ch\/fr\/wp-json\/wp\/v2\/media?parent=29849"}],"wp:term":[{"taxonomy":"product_brand","embeddable":true,"href":"https:\/\/metal-badge.ch\/fr\/wp-json\/wp\/v2\/product_brand?post=29849"},{"taxonomy":"product_cat","embeddable":true,"href":"https:\/\/metal-badge.ch\/fr\/wp-json\/wp\/v2\/product_cat?post=29849"},{"taxonomy":"product_tag","embeddable":true,"href":"https:\/\/metal-badge.ch\/fr\/wp-json\/wp\/v2\/product_tag?post=29849"}],"curies":[{"name":"wp","href":"https:\/\/api.w.org\/{rel}","templated":true}]}}