{"id":29276,"date":"2015-02-03T22:53:42","date_gmt":"2015-02-03T22:53:42","guid":{"rendered":"https:\/\/shop.metal-badge.ch\/?product=badge-ipa-austriche-sans-etui"},"modified":"2025-06-11T20:46:15","modified_gmt":"2025-06-11T18:46:15","slug":"badge-ipa-austriche-sans-etui","status":"publish","type":"product","link":"https:\/\/metal-badge.ch\/fr\/product\/29276\/badge-ipa-austriche-sans-etui\/","title":{"rendered":"Badge IPA Austriche (sans \u00e9tui)"},"content":{"rendered":"<p>IPA Badge Austriche , sans \u00e9tui ni bois. Au choix en argent ou en or.<\/p>\n<p>Badge Taille: 82,5 mm x 55,5 mm \/ insigne poids avec clip: 58 gr.<\/p>\n<p>Attention: badge uniquement disponible pour les membres IPA!<\/p>\n<p>Cette jolie bo\u00eete cadeau en alu argent\u00e9 avec fen\u00eatre est comprise dans le prix.<\/p>\n","protected":false},"excerpt":{"rendered":"<p>IPA Badge Austriche , sans \u00e9tui ni bois. Au choix en argent ou en or. Badge Taille: 82,5 mm x 55,5 mm \/ insigne poids avec clip: 58 gr. Attention: badge uniquement disponible pour les membres IPA! Cette jolie bo\u00eete cadeau en alu argent\u00e9 avec fen\u00eatre est comprise dans le prix.<\/p>\n","protected":false},"featured_media":77892,"comment_status":"open","ping_status":"closed","template":"","meta":{"inline_featured_image":false},"product_brand":[],"product_cat":[1223],"product_tag":[],"class_list":{"0":"post-29276","1":"product","2":"type-product","3":"status-publish","4":"has-post-thumbnail","6":"product_cat-austriche","8":"first","9":"instock","10":"taxable","11":"shipping-taxable","12":"purchasable","13":"product-type-simple"},"_links":{"self":[{"href":"https:\/\/metal-badge.ch\/fr\/wp-json\/wp\/v2\/product\/29276","targetHints":{"allow":["GET"]}}],"collection":[{"href":"https:\/\/metal-badge.ch\/fr\/wp-json\/wp\/v2\/product"}],"about":[{"href":"https:\/\/metal-badge.ch\/fr\/wp-json\/wp\/v2\/types\/product"}],"replies":[{"embeddable":true,"href":"https:\/\/metal-badge.ch\/fr\/wp-json\/wp\/v2\/comments?post=29276"}],"wp:featuredmedia":[{"embeddable":true,"href":"https:\/\/metal-badge.ch\/fr\/wp-json\/wp\/v2\/media\/77892"}],"wp:attachment":[{"href":"https:\/\/metal-badge.ch\/fr\/wp-json\/wp\/v2\/media?parent=29276"}],"wp:term":[{"taxonomy":"product_brand","embeddable":true,"href":"https:\/\/metal-badge.ch\/fr\/wp-json\/wp\/v2\/product_brand?post=29276"},{"taxonomy":"product_cat","embeddable":true,"href":"https:\/\/metal-badge.ch\/fr\/wp-json\/wp\/v2\/product_cat?post=29276"},{"taxonomy":"product_tag","embeddable":true,"href":"https:\/\/metal-badge.ch\/fr\/wp-json\/wp\/v2\/product_tag?post=29276"}],"curies":[{"name":"wp","href":"https:\/\/api.w.org\/{rel}","templated":true}]}}