{"id":29064,"date":"2015-02-10T02:24:20","date_gmt":"2015-02-10T02:24:20","guid":{"rendered":"https:\/\/shop.metal-badge.ch\/?product=etui-en-cuir-allround-sans-badge"},"modified":"2023-07-31T20:53:56","modified_gmt":"2023-07-31T18:53:56","slug":"etui-en-cuir-porte-badge-allroundsans-badge","status":"publish","type":"product","link":"https:\/\/metal-badge.ch\/fr\/product\/29064\/etui-en-cuir-porte-badge-allroundsans-badge\/","title":{"rendered":"\u00c9tui en cuir porte-badge \u201cAllround\u201d(sans badge)"},"content":{"rendered":"<p><strong>Metal Badge propose ce nouvel \u00e9tui innovant et de haute qualit\u00e9 en cuir de boeuf noir<\/strong><\/p>\n<p>Cet \u00e9tui porte-badge en cuir pratique, avec une poche ext\u00e9rieure pour votre smartphone <strong>iPhone 5S \/ iPhone 4<\/strong> et pour tous les autres smartphones indiqu\u00e9s ci-dessous, dans la taille correspondante. La poche ext\u00e9rieure, qui est ferm\u00e9e par un bouton pression, est con\u00e7ue pour que le smartphone puisse \u00eatre sorti facilement.<\/p>\n<p>L&rsquo;\u00e9tui est \u00e9quip\u00e9 d&rsquo;une fermeture \u00e9clair qui en fait le tour. Les deux parties int\u00e9rieures peuvent \u00eatre ouvertes confortablement. Dans la partie int\u00e9rieure de gauche, on trouve 3 compartiments pour carte de cr\u00e9dit ainsi qu&rsquo;une fen\u00eatre pour la carte d&rsquo;identit\u00e9. Du c\u00f4t\u00e9 oppos\u00e9, vous trouverez 3 autres compartiments pour carte de cr\u00e9dit ainsi que le support du badge. En rabattant sur le deuxi\u00e8me c\u00f4t\u00e9, vous trouverez 3 autres compartiments de carte de cr\u00e9dit et 1 fen\u00eatre pour carte d&rsquo;identit\u00e9. Du c\u00f4t\u00e9 oppos\u00e9, on trouve le compartiment pour la monnaie, petit mais spacieux, ainsi que 3 autres compartiments pour carte de cr\u00e9dit.<\/p>\n<p>Une dragonne \u00e9lastique se trouve \u00e9galement \u00e0 l&rsquo;ext\u00e9rieur. \u00c0 l&rsquo;arri\u00e8re se trouve la sangle pour ceinture doublement s\u00e9curis\u00e9e avec le bouton pression et le velcro.<\/p>\n<p>Adapt\u00e9 pour une ceinture jusqu&rsquo;\u00e0 5,5 cm. \u00c0 l&rsquo;avant se trouve le ruban \u00e9lastique pour fixer le badge \u00e0 la poche ext\u00e9rieure. Pour d&rsquo;autres modes de ports et de fixations, un mousqueton en m\u00e9tal est pr\u00e9sent sur le haut. Cet \u00e9tui en cuir ne propose pas seulement une protection parfaite, mais il est aussi maniable et se tient bien en main.<\/p>\n<p>La livraison comprend \u00e9galement un stylo en m\u00e9tal de qualit\u00e9 avec fonction stylet pour \u00e9cran tactile.<\/p>\n<p>Taille \/ Mesures de l&rsquo;\u00e9tui : Hauteur 13 cm \/ Largeur 8.5 cm \/ \u00c9paisseur env. 3.0 cm<\/p>\n<p>Poids : 140 g<\/p>\n<p>Dimension de la poche ext\u00e9rieure pour smartphone : Hauteur 118 mm \/ Largeur 65 mm \/ Profondeur 10 mm pour <strong>iPhone 5\/5s<\/strong> ainsi que pour <strong>iPhone 4\/4S.<\/strong><\/p>\n<p><strong>\u00c9tui seul sans badge et sans stylo.<\/strong><\/p>\n","protected":false},"excerpt":{"rendered":"<p>\u00c9tui porte-badge innovant et de haute qualit\u00e9 : en cuir de boeuf noir, pratique avec une poche ext\u00e9rieure pour smartphone, dragonne \u00e9lastique et sangle pour ceinture.<\/p>\n","protected":false},"featured_media":91021,"comment_status":"open","ping_status":"closed","template":"","meta":{"inline_featured_image":false},"product_brand":[],"product_cat":[907,947],"product_tag":[],"class_list":{"0":"post-29064","1":"product","2":"type-product","3":"status-publish","4":"has-post-thumbnail","6":"product_cat-etuis-en-cuir-sans-badge","7":"product_cat-portemonnaies-etuis-en-cuir","9":"first","10":"instock","11":"taxable","12":"shipping-taxable","13":"purchasable","14":"product-type-simple"},"_links":{"self":[{"href":"https:\/\/metal-badge.ch\/fr\/wp-json\/wp\/v2\/product\/29064","targetHints":{"allow":["GET"]}}],"collection":[{"href":"https:\/\/metal-badge.ch\/fr\/wp-json\/wp\/v2\/product"}],"about":[{"href":"https:\/\/metal-badge.ch\/fr\/wp-json\/wp\/v2\/types\/product"}],"replies":[{"embeddable":true,"href":"https:\/\/metal-badge.ch\/fr\/wp-json\/wp\/v2\/comments?post=29064"}],"wp:featuredmedia":[{"embeddable":true,"href":"https:\/\/metal-badge.ch\/fr\/wp-json\/wp\/v2\/media\/91021"}],"wp:attachment":[{"href":"https:\/\/metal-badge.ch\/fr\/wp-json\/wp\/v2\/media?parent=29064"}],"wp:term":[{"taxonomy":"product_brand","embeddable":true,"href":"https:\/\/metal-badge.ch\/fr\/wp-json\/wp\/v2\/product_brand?post=29064"},{"taxonomy":"product_cat","embeddable":true,"href":"https:\/\/metal-badge.ch\/fr\/wp-json\/wp\/v2\/product_cat?post=29064"},{"taxonomy":"product_tag","embeddable":true,"href":"https:\/\/metal-badge.ch\/fr\/wp-json\/wp\/v2\/product_tag?post=29064"}],"curies":[{"name":"wp","href":"https:\/\/api.w.org\/{rel}","templated":true}]}}