{"id":28769,"date":"2015-02-05T17:00:23","date_gmt":"2015-02-05T17:00:23","guid":{"rendered":"https:\/\/shop.metal-badge.ch\/?product=casquette-de-baseball-avec-logo-ipa"},"modified":"2020-08-02T00:54:05","modified_gmt":"2020-08-02T00:54:05","slug":"casquette-de-baseball-avec-logo-ipa","status":"publish","type":"product","link":"https:\/\/metal-badge.ch\/fr\/product\/28769\/casquette-de-baseball-avec-logo-ipa\/","title":{"rendered":"Casquette de baseball avec logo IPA"},"content":{"rendered":"<p>Prot\u00e8ge du soleil. Garde la t\u00eate au frais.<br \/>\nLa casquette de baseball classique, monochrome, avec le logo IPA brod\u00e9, prot\u00e8ge du soleil et garde la t\u00eate au frais. Taille Taille unique env. 56 r\u00e9glable.  Tissu mixte, 70 % polyester et 30 % coton. Tr\u00e8s bonne qualit\u00e9 Coupe optimale.  Dans les couleurs bleu et gris. Visi\u00e8re bomb\u00e9e et bandeau anti-sueur int\u00e9gr\u00e9.<\/p>\n","protected":false},"excerpt":{"rendered":"<p>Prot\u00e8ge du soleil. Garde la t\u00eate au frais. La casquette de baseball classique, monochrome, avec le logo IPA brod\u00e9, prot\u00e8ge du soleil et garde la t\u00eate au frais. Taille Taille unique env. 56 r\u00e9glable. Tissu mixte, 70 % polyester et 30 % coton. Tr\u00e8s bonne qualit\u00e9 Coupe optimale. Dans les couleurs bleu et gris. Visi\u00e8re [&hellip;]<\/p>\n","protected":false},"featured_media":91253,"comment_status":"open","ping_status":"closed","template":"","meta":{"inline_featured_image":false},"product_brand":[],"product_cat":[1622,1263],"product_tag":[1773,1761,1765],"class_list":{"0":"post-28769","1":"product","2":"type-product","3":"status-publish","4":"has-post-thumbnail","6":"product_cat-cappes","7":"product_cat-ipa-casual-wear-fr","8":"product_tag-chasse-peche","9":"product_tag-ipa-casual-wear-gadgets-fr","10":"product_tag-sport-outdoor-fr","12":"first","13":"instock","14":"taxable","15":"shipping-taxable","16":"purchasable","17":"product-type-simple"},"_links":{"self":[{"href":"https:\/\/metal-badge.ch\/fr\/wp-json\/wp\/v2\/product\/28769","targetHints":{"allow":["GET"]}}],"collection":[{"href":"https:\/\/metal-badge.ch\/fr\/wp-json\/wp\/v2\/product"}],"about":[{"href":"https:\/\/metal-badge.ch\/fr\/wp-json\/wp\/v2\/types\/product"}],"replies":[{"embeddable":true,"href":"https:\/\/metal-badge.ch\/fr\/wp-json\/wp\/v2\/comments?post=28769"}],"wp:featuredmedia":[{"embeddable":true,"href":"https:\/\/metal-badge.ch\/fr\/wp-json\/wp\/v2\/media\/91253"}],"wp:attachment":[{"href":"https:\/\/metal-badge.ch\/fr\/wp-json\/wp\/v2\/media?parent=28769"}],"wp:term":[{"taxonomy":"product_brand","embeddable":true,"href":"https:\/\/metal-badge.ch\/fr\/wp-json\/wp\/v2\/product_brand?post=28769"},{"taxonomy":"product_cat","embeddable":true,"href":"https:\/\/metal-badge.ch\/fr\/wp-json\/wp\/v2\/product_cat?post=28769"},{"taxonomy":"product_tag","embeddable":true,"href":"https:\/\/metal-badge.ch\/fr\/wp-json\/wp\/v2\/product_tag?post=28769"}],"curies":[{"name":"wp","href":"https:\/\/api.w.org\/{rel}","templated":true}]}}