{"id":28464,"date":"2015-02-03T22:21:15","date_gmt":"2015-02-03T22:21:15","guid":{"rendered":"https:\/\/shop.metal-badge.ch\/?product=etui-en-cuir-business-ipa-nouvelle-zelande"},"modified":"2017-04-14T15:07:58","modified_gmt":"2017-04-14T15:07:58","slug":"etui-en-cuir-business-ipa-nouvelle-zelande","status":"publish","type":"product","link":"https:\/\/metal-badge.ch\/fr\/product\/28464\/etui-en-cuir-business-ipa-nouvelle-zelande\/","title":{"rendered":"Etui en cuir \u00ab\u00a0Business\u00a0\u00bb IPA Nouvelle-Z\u00e9lande"},"content":{"rendered":"<p>Etui en cuir noir avec 2 fen\u00eatres pour carte d&rsquo;identit\u00e9, compartiments cartes de cr\u00e9dit et billets.<\/p>\n","protected":false},"excerpt":{"rendered":"<p>Etui en cuir noir avec 2 fen\u00eatres pour carte d&rsquo;identit\u00e9, compartiments cartes de cr\u00e9dit et billets.<\/p>\n","protected":false},"featured_media":91659,"comment_status":"open","ping_status":"closed","template":"","meta":{"inline_featured_image":false},"product_brand":[],"product_cat":[1215],"product_tag":[],"class_list":{"0":"post-28464","1":"product","2":"type-product","3":"status-publish","4":"has-post-thumbnail","6":"product_cat-nouvelle-zelande","8":"first","9":"instock","10":"taxable","11":"shipping-taxable","12":"purchasable","13":"product-type-simple"},"_links":{"self":[{"href":"https:\/\/metal-badge.ch\/fr\/wp-json\/wp\/v2\/product\/28464","targetHints":{"allow":["GET"]}}],"collection":[{"href":"https:\/\/metal-badge.ch\/fr\/wp-json\/wp\/v2\/product"}],"about":[{"href":"https:\/\/metal-badge.ch\/fr\/wp-json\/wp\/v2\/types\/product"}],"replies":[{"embeddable":true,"href":"https:\/\/metal-badge.ch\/fr\/wp-json\/wp\/v2\/comments?post=28464"}],"wp:featuredmedia":[{"embeddable":true,"href":"https:\/\/metal-badge.ch\/fr\/wp-json\/wp\/v2\/media\/91659"}],"wp:attachment":[{"href":"https:\/\/metal-badge.ch\/fr\/wp-json\/wp\/v2\/media?parent=28464"}],"wp:term":[{"taxonomy":"product_brand","embeddable":true,"href":"https:\/\/metal-badge.ch\/fr\/wp-json\/wp\/v2\/product_brand?post=28464"},{"taxonomy":"product_cat","embeddable":true,"href":"https:\/\/metal-badge.ch\/fr\/wp-json\/wp\/v2\/product_cat?post=28464"},{"taxonomy":"product_tag","embeddable":true,"href":"https:\/\/metal-badge.ch\/fr\/wp-json\/wp\/v2\/product_tag?post=28464"}],"curies":[{"name":"wp","href":"https:\/\/api.w.org\/{rel}","templated":true}]}}