{"id":28368,"date":"2015-01-28T14:09:06","date_gmt":"2015-01-28T14:09:06","guid":{"rendered":"https:\/\/shop.metal-badge.ch\/?product=pierre-a-feu-de-survie-3-en-1-pour-usage-en-exterieur"},"modified":"2015-02-04T13:01:46","modified_gmt":"2015-02-04T13:01:46","slug":"pierre-a-feu-de-survie-3-en-1-pour-usage-en-exterieur","status":"publish","type":"product","link":"https:\/\/metal-badge.ch\/fr\/product\/28368\/pierre-a-feu-de-survie-3-en-1-pour-usage-en-exterieur\/","title":{"rendered":"Pierre \u00e0 feu de survie 3 en 1 pour usage en ext\u00e9rieur"},"content":{"rendered":"<p>Camping, chasse, arm\u00e9e, p\u00eache, survie <\/p>\n<p>Particuli\u00e8rement facile \u00e0 allumer,<br \/>\nles \u00e9tincelles permettent d&rsquo;allumer des feux de camp, des barbecues, des r\u00e9chauds, etc.<br \/>\nBarre de magn\u00e9sium &#8211; 1500 allumages<br \/>\nBonus : ouvre-bouteille + r\u00e8gle<\/p>\n<p>Allume-feu pratique en magn\u00e9sium pour jusqu&rsquo;\u00e0 1500 allumages possibles. Cr\u00e9e des \u00e9tincelles jusqu&rsquo;\u00e0 3 000 \u00b0C et permet d&rsquo;allumer facilement votre barbecue, feu de camp ou m\u00eame r\u00e9chaud. La mini pierre \u00e0 feu est tr\u00e8s facile et s\u00fbre \u00e0 transporter en raison de sa taille compacte et de sa r\u00e9sistance \u00e0 l&rsquo;humidit\u00e9. Montez cet allume-feu sur un porte-cl\u00e9 pour l&rsquo;avoir toujours \u00e0 la main et \u00eatre pr\u00eat \u00e0 l&rsquo;utiliser d\u00e8s que vous en aurez besoin ! Parfait pour les voyages, le camping en ext\u00e9rieur ou les barbecues dans le jardin.<br \/>\nM\u00eame si la pierre \u00e0 feu est totalement mouill\u00e9e, on peut tout de m\u00eame l&rsquo;utiliser. C&rsquo;est tr\u00e8s pratique !<br \/>\nUne pierre \u00e0 feu et une pipe sont comprises dans la livraison.<br \/>\nIndication : pour utiliser la pierre \u00e0 feu, grattez un peu de poudre de magn\u00e9sium sur les mat\u00e9riaux inflammables, et pour allumer, frottez les mat\u00e9riaux contre la rayure de l&rsquo;endroit o\u00f9 vous avez gratt\u00e9.<\/p>\n<h3>Compris dans la livraison : <\/h3>\n<p>1 pierre \u00e0 feu, 1 pipe<br \/>\nCouleur : noir<\/p>\n","protected":false},"excerpt":{"rendered":"<p>Camping, chasse, arm\u00e9e, p\u00eache, survie Particuli\u00e8rement facile \u00e0 allumer, les \u00e9tincelles permettent d&rsquo;allumer des feux de camp, des barbecues, des r\u00e9chauds, etc. Barre de magn\u00e9sium &#8211; 1500 allumages Bonus : ouvre-bouteille + r\u00e8gle Allume-feu pratique en magn\u00e9sium pour jusqu&rsquo;\u00e0 1500 allumages possibles. Cr\u00e9e des \u00e9tincelles jusqu&rsquo;\u00e0 3 000 \u00b0C et permet d&rsquo;allumer facilement votre barbecue, [&hellip;]<\/p>\n","protected":false},"featured_media":91687,"comment_status":"open","ping_status":"closed","template":"","meta":{"inline_featured_image":false},"product_brand":[],"product_cat":[1347,1279,1435],"product_tag":[1769,1777,1773,1765],"class_list":{"0":"post-28368","1":"product","2":"type-product","3":"status-publish","4":"has-post-thumbnail","6":"product_cat-accessoires-militaires-de-chasse","7":"product_cat-briquets-au-gaz","8":"product_cat-camping-voyage","9":"product_tag-army-survival-fr","10":"product_tag-camping-voyage","11":"product_tag-chasse-peche","12":"product_tag-sport-outdoor-fr","14":"first","15":"instock","16":"taxable","17":"shipping-taxable","18":"purchasable","19":"product-type-simple"},"_links":{"self":[{"href":"https:\/\/metal-badge.ch\/fr\/wp-json\/wp\/v2\/product\/28368","targetHints":{"allow":["GET"]}}],"collection":[{"href":"https:\/\/metal-badge.ch\/fr\/wp-json\/wp\/v2\/product"}],"about":[{"href":"https:\/\/metal-badge.ch\/fr\/wp-json\/wp\/v2\/types\/product"}],"replies":[{"embeddable":true,"href":"https:\/\/metal-badge.ch\/fr\/wp-json\/wp\/v2\/comments?post=28368"}],"wp:featuredmedia":[{"embeddable":true,"href":"https:\/\/metal-badge.ch\/fr\/wp-json\/wp\/v2\/media\/91687"}],"wp:attachment":[{"href":"https:\/\/metal-badge.ch\/fr\/wp-json\/wp\/v2\/media?parent=28368"}],"wp:term":[{"taxonomy":"product_brand","embeddable":true,"href":"https:\/\/metal-badge.ch\/fr\/wp-json\/wp\/v2\/product_brand?post=28368"},{"taxonomy":"product_cat","embeddable":true,"href":"https:\/\/metal-badge.ch\/fr\/wp-json\/wp\/v2\/product_cat?post=28368"},{"taxonomy":"product_tag","embeddable":true,"href":"https:\/\/metal-badge.ch\/fr\/wp-json\/wp\/v2\/product_tag?post=28368"}],"curies":[{"name":"wp","href":"https:\/\/api.w.org\/{rel}","templated":true}]}}