{"id":28353,"date":"2015-01-28T11:59:04","date_gmt":"2015-01-28T11:59:04","guid":{"rendered":"https:\/\/shop.metal-badge.ch\/?product=bracelet-de-survie-paracorde-tresse-en-corde-de-parachute"},"modified":"2015-01-28T13:27:16","modified_gmt":"2015-01-28T13:27:16","slug":"bracelet-de-survie-paracorde-tresse-en-corde-de-parachute","status":"publish","type":"product","link":"https:\/\/metal-badge.ch\/fr\/product\/28353\/bracelet-de-survie-paracorde-tresse-en-corde-de-parachute\/","title":{"rendered":"Bracelet de survie paracorde : tress\u00e9 en corde de parachute"},"content":{"rendered":"<p>Les bracelets de survie en paracorde sont des bracelets tr\u00e8s solide et r\u00e9sistants aux tractions en corde de parachute 550.<br \/> <br \/>\nLes bracelets de survie, souvent appel\u00e9s \u00e9galement bracelets de secours, peuvent \u00eatre d\u00e9nou\u00e9s facilement afin d&rsquo;obtenir trois m\u00e8tres de corde longue et solide qui peut \u00eatre utilis\u00e9e pour plusieurs travaux de fixation ou de s\u00e9curisation (par ex. remplacement de lacet). Attention : la paracorde n&rsquo;est pas adapt\u00e9e pour faire de l&rsquo;escalade, du rappel ou pour la s\u00e9curisation de personnes, m\u00eame si l&rsquo;on croit souvent le contraire.<br \/> <br \/>\nMat\u00e9riau : paracorde 550 en nylin, corde de parachute, fermeture rapide en plastique<br \/>\nFermeture : fermeture \u00e0 d\u00e9clic en plastique<\/p>\n<p>Paracorde \/ longueur de la corde : 3 m<br \/> <br \/>\nCirconf\u00e9rence : 22 cm<br \/> <br \/>\nLargeur de la bande : 2 cm<br \/> <br \/>\nCouleurs : brun, vert olive<\/p>\n","protected":false},"excerpt":{"rendered":"<p>Les bracelets de survie en paracorde sont des bracelets tr\u00e8s solide et r\u00e9sistants aux tractions en corde de parachute 550. Les bracelets de survie, souvent appel\u00e9s \u00e9galement bracelets de secours, peuvent \u00eatre d\u00e9nou\u00e9s facilement afin d&rsquo;obtenir trois m\u00e8tres de corde longue et solide qui peut \u00eatre utilis\u00e9e pour plusieurs travaux de fixation ou de s\u00e9curisation [&hellip;]<\/p>\n","protected":false},"featured_media":91691,"comment_status":"open","ping_status":"closed","template":"","meta":{"inline_featured_image":false},"product_brand":[],"product_cat":[1347,1435],"product_tag":[1769,1777,1773],"class_list":{"0":"post-28353","1":"product","2":"type-product","3":"status-publish","4":"has-post-thumbnail","6":"product_cat-accessoires-militaires-de-chasse","7":"product_cat-camping-voyage","8":"product_tag-army-survival-fr","9":"product_tag-camping-voyage","10":"product_tag-chasse-peche","12":"first","13":"instock","14":"taxable","15":"shipping-taxable","16":"purchasable","17":"product-type-simple"},"_links":{"self":[{"href":"https:\/\/metal-badge.ch\/fr\/wp-json\/wp\/v2\/product\/28353","targetHints":{"allow":["GET"]}}],"collection":[{"href":"https:\/\/metal-badge.ch\/fr\/wp-json\/wp\/v2\/product"}],"about":[{"href":"https:\/\/metal-badge.ch\/fr\/wp-json\/wp\/v2\/types\/product"}],"replies":[{"embeddable":true,"href":"https:\/\/metal-badge.ch\/fr\/wp-json\/wp\/v2\/comments?post=28353"}],"wp:featuredmedia":[{"embeddable":true,"href":"https:\/\/metal-badge.ch\/fr\/wp-json\/wp\/v2\/media\/91691"}],"wp:attachment":[{"href":"https:\/\/metal-badge.ch\/fr\/wp-json\/wp\/v2\/media?parent=28353"}],"wp:term":[{"taxonomy":"product_brand","embeddable":true,"href":"https:\/\/metal-badge.ch\/fr\/wp-json\/wp\/v2\/product_brand?post=28353"},{"taxonomy":"product_cat","embeddable":true,"href":"https:\/\/metal-badge.ch\/fr\/wp-json\/wp\/v2\/product_cat?post=28353"},{"taxonomy":"product_tag","embeddable":true,"href":"https:\/\/metal-badge.ch\/fr\/wp-json\/wp\/v2\/product_tag?post=28353"}],"curies":[{"name":"wp","href":"https:\/\/api.w.org\/{rel}","templated":true}]}}