{"id":28328,"date":"2015-01-28T10:26:42","date_gmt":"2015-01-28T10:26:42","guid":{"rendered":"https:\/\/shop.metal-badge.ch\/?product=couvert-de-camping-avec-lampe-de-poche-integree"},"modified":"2015-01-28T10:59:25","modified_gmt":"2015-01-28T10:59:25","slug":"couvert-de-camping-avec-lampe-de-poche-integree","status":"publish","type":"product","link":"https:\/\/metal-badge.ch\/fr\/product\/28328\/couvert-de-camping-avec-lampe-de-poche-integree\/","title":{"rendered":"Couvert de camping avec lampe de poche int\u00e9gr\u00e9e"},"content":{"rendered":"<p>Ce couvert de camping comprend : couteau, cuill\u00e8re, fourchette, ouvre-bo\u00eete, tire-bouchon, ainsi qu&rsquo;une petite lampe de poche int\u00e9gr\u00e9e d\u00e9pliable.<br \/>\nCe couvert malin et bien con\u00e7u pour le camping \u00e0 5 parties est id\u00e9al<br \/>\npour les campeurs, les amateurs de trekking, les fans de la vie \u00e0 l&rsquo;ext\u00e9rieur, les randonneurs, les p\u00eacheurs, les chasseurs, ou encore les alpinistes. Vite d\u00e9mont\u00e9 et r\u00e9assembl\u00e9. Livr\u00e9 dans un sac banane pratique. Un couvert l\u00e9ger et maniable, mais robuste, pour l&rsquo;ext\u00e9rieur et de qualit\u00e9 sup\u00e9rieure. Le couteau r\u00e9sistant aux coupures est int\u00e9gr\u00e9 dans le corps du couvert. La cuill\u00e8re et la fourchette peuvent \u00eatre s\u00e9par\u00e9es de l&rsquo;ensemble. Le corps du couvert et constitu\u00e9 de plastique stable r\u00e9sistant \u00e0 l&rsquo;eau. Le couteau, la fourchette, la cuill\u00e8re, le tire-bouchon et l&rsquo;ouvre-bo\u00eete sont en acier.<\/p>\n<h2>Description du produit :<\/h2>\n<p>Couvert de camping avec une lampe de poche int\u00e9gr\u00e9e<br \/>\nCuill\u00e8re s\u00e9parable<br \/>\nFourchette s\u00e9parable<br \/>\nLe poids, \u00e9tui en nylon inclus, n&rsquo;est que d&rsquo;environ : 145 g<br \/>\nTaille : Longueur 11 cm, largeur 3,5 cm, profondeur 3 cm<br \/>\nCouteau, ouvre-bouteilles et tire-bouchon int\u00e9gr\u00e9s<br \/>\nCouleur : vert, argent\u00e9 acier<br \/>\nPassant de ceinture<\/p>\n","protected":false},"excerpt":{"rendered":"<p>Ce couvert de camping comprend : couteau, cuill\u00e8re, fourchette, ouvre-bo\u00eete, tire-bouchon, ainsi qu&rsquo;une petite lampe de poche int\u00e9gr\u00e9e d\u00e9pliable. Ce couvert malin et bien con\u00e7u pour le camping \u00e0 5 parties est id\u00e9al pour les campeurs, les amateurs de trekking, les fans de la vie \u00e0 l&rsquo;ext\u00e9rieur, les randonneurs, les p\u00eacheurs, les chasseurs, ou encore [&hellip;]<\/p>\n","protected":false},"featured_media":91697,"comment_status":"open","ping_status":"closed","template":"","meta":{"inline_featured_image":false},"product_brand":[],"product_cat":[1347,1435],"product_tag":[1769,1777,1773],"class_list":{"0":"post-28328","1":"product","2":"type-product","3":"status-publish","4":"has-post-thumbnail","6":"product_cat-accessoires-militaires-de-chasse","7":"product_cat-camping-voyage","8":"product_tag-army-survival-fr","9":"product_tag-camping-voyage","10":"product_tag-chasse-peche","12":"first","13":"instock","14":"taxable","15":"shipping-taxable","16":"purchasable","17":"product-type-simple"},"_links":{"self":[{"href":"https:\/\/metal-badge.ch\/fr\/wp-json\/wp\/v2\/product\/28328","targetHints":{"allow":["GET"]}}],"collection":[{"href":"https:\/\/metal-badge.ch\/fr\/wp-json\/wp\/v2\/product"}],"about":[{"href":"https:\/\/metal-badge.ch\/fr\/wp-json\/wp\/v2\/types\/product"}],"replies":[{"embeddable":true,"href":"https:\/\/metal-badge.ch\/fr\/wp-json\/wp\/v2\/comments?post=28328"}],"wp:featuredmedia":[{"embeddable":true,"href":"https:\/\/metal-badge.ch\/fr\/wp-json\/wp\/v2\/media\/91697"}],"wp:attachment":[{"href":"https:\/\/metal-badge.ch\/fr\/wp-json\/wp\/v2\/media?parent=28328"}],"wp:term":[{"taxonomy":"product_brand","embeddable":true,"href":"https:\/\/metal-badge.ch\/fr\/wp-json\/wp\/v2\/product_brand?post=28328"},{"taxonomy":"product_cat","embeddable":true,"href":"https:\/\/metal-badge.ch\/fr\/wp-json\/wp\/v2\/product_cat?post=28328"},{"taxonomy":"product_tag","embeddable":true,"href":"https:\/\/metal-badge.ch\/fr\/wp-json\/wp\/v2\/product_tag?post=28328"}],"curies":[{"name":"wp","href":"https:\/\/api.w.org\/{rel}","templated":true}]}}