{"id":28314,"date":"2015-01-28T08:57:43","date_gmt":"2015-01-28T08:57:43","guid":{"rendered":"https:\/\/shop.metal-badge.ch\/?product=bouteille-isolante-en-acier-inoxydable"},"modified":"2015-01-28T09:02:10","modified_gmt":"2015-01-28T09:02:10","slug":"bouteille-isolante-en-acier-inoxydable","status":"publish","type":"product","link":"https:\/\/metal-badge.ch\/fr\/product\/28314\/bouteille-isolante-en-acier-inoxydable\/","title":{"rendered":"Bouteille isolante en acier inoxydable"},"content":{"rendered":"<p>Voil\u00e0 un rapport qualit\u00e9-prix qui vaut le d\u00e9tour ! <br \/>\nBouteille thermo isolante \u00e0 double paroi en acier inoxydable poudr\u00e9 avec une fermeture rapide et un gobelet\/bouchon combin\u00e9.<br \/>\nBouteille thermos incassable en acier inoxydable. Le couvercle d\u00e9vissable sert de gobelet. La fermeture rapide One Touch permet une prise en main facile. La r\u00e9alisation \u00e0 double paroi en acier n&rsquo;a pas d&rsquo;influence sur le go\u00fbt et maintient votre th\u00e9, votre caf\u00e9 ou votre vin chaud \u00e0 sa temp\u00e9rature durant 24 heures. La bouteille est \u00e9galement adapt\u00e9e pour maintenir le froid de boissons. Elle est \u00e9quip\u00e9e d&rsquo;une dragonne amovible.<\/p>\n<h3>Description du produit :<\/h3>\n<p>Capacit\u00e9 : 1 litre <br \/>\nIsolation de 12 \u00e0 24 heures <br \/>\nDimensions : 275 x 93 mm<br \/>\nCouleur : Argent\u00e9 <br \/>\nPoids : 510 g<\/p>\n","protected":false},"excerpt":{"rendered":"<p>Voil\u00e0 un rapport qualit\u00e9-prix qui vaut le d\u00e9tour ! Bouteille thermo isolante \u00e0 double paroi en acier inoxydable poudr\u00e9 avec une fermeture rapide et un gobelet\/bouchon combin\u00e9. Bouteille thermos incassable en acier inoxydable. Le couvercle d\u00e9vissable sert de gobelet. La fermeture rapide One Touch permet une prise en main facile. La r\u00e9alisation \u00e0 double paroi [&hellip;]<\/p>\n","protected":false},"featured_media":91701,"comment_status":"open","ping_status":"closed","template":"","meta":{"inline_featured_image":false},"product_brand":[],"product_cat":[1347,1275,1435],"product_tag":[1769,1777,1773,1765],"class_list":{"0":"post-28314","1":"product","2":"type-product","3":"status-publish","4":"has-post-thumbnail","6":"product_cat-accessoires-militaires-de-chasse","7":"product_cat-bouteilles-poele-recipient","8":"product_cat-camping-voyage","9":"product_tag-army-survival-fr","10":"product_tag-camping-voyage","11":"product_tag-chasse-peche","12":"product_tag-sport-outdoor-fr","14":"first","15":"instock","16":"taxable","17":"shipping-taxable","18":"purchasable","19":"product-type-simple"},"_links":{"self":[{"href":"https:\/\/metal-badge.ch\/fr\/wp-json\/wp\/v2\/product\/28314","targetHints":{"allow":["GET"]}}],"collection":[{"href":"https:\/\/metal-badge.ch\/fr\/wp-json\/wp\/v2\/product"}],"about":[{"href":"https:\/\/metal-badge.ch\/fr\/wp-json\/wp\/v2\/types\/product"}],"replies":[{"embeddable":true,"href":"https:\/\/metal-badge.ch\/fr\/wp-json\/wp\/v2\/comments?post=28314"}],"wp:featuredmedia":[{"embeddable":true,"href":"https:\/\/metal-badge.ch\/fr\/wp-json\/wp\/v2\/media\/91701"}],"wp:attachment":[{"href":"https:\/\/metal-badge.ch\/fr\/wp-json\/wp\/v2\/media?parent=28314"}],"wp:term":[{"taxonomy":"product_brand","embeddable":true,"href":"https:\/\/metal-badge.ch\/fr\/wp-json\/wp\/v2\/product_brand?post=28314"},{"taxonomy":"product_cat","embeddable":true,"href":"https:\/\/metal-badge.ch\/fr\/wp-json\/wp\/v2\/product_cat?post=28314"},{"taxonomy":"product_tag","embeddable":true,"href":"https:\/\/metal-badge.ch\/fr\/wp-json\/wp\/v2\/product_tag?post=28314"}],"curies":[{"name":"wp","href":"https:\/\/api.w.org\/{rel}","templated":true}]}}