{"id":28304,"date":"2015-01-27T11:31:04","date_gmt":"2015-01-27T11:31:04","guid":{"rendered":"https:\/\/shop.metal-badge.ch\/?product=lumiere-stroboscopique-avec-un-cable-en-spirale-et-une-prise"},"modified":"2015-01-28T08:45:51","modified_gmt":"2015-01-28T08:45:51","slug":"lumiere-stroboscopique-avec-un-cable-en-spirale-et-une-prise","status":"publish","type":"product","link":"https:\/\/metal-badge.ch\/fr\/product\/28304\/lumiere-stroboscopique-avec-un-cable-en-spirale-et-une-prise\/","title":{"rendered":"Lumi\u00e8re stroboscopique avec un c\u00e2ble en spirale et une prise"},"content":{"rendered":"<p>lumi\u00e8re stroboscopique bleue, orange et rouge.<br \/>\nCette lumi\u00e8re rouge, bleu ou orange magn\u00e9tique est d\u00e9j\u00e0 pr\u00eate \u00e0 l&#8217;emploi et est fournie avec un c\u00e2ble en spirale pour brancher sur l&rsquo;allume-cigare.  Lumi\u00e8re bleue, rouge ou orange avec effet stroboscopique, Technique robuste, Pr\u00eat \u00e0 brancher. Il suffit de mettre la prise dans l&rsquo;allume-cigare, et c&rsquo;est parti. Cette lampe de signalisation fonctionnant avec un tube U produit 120 illuminations par minute avec une intensit\u00e9 lumineuse \u00e9lev\u00e9e. \u00c9tant donn\u00e9 que nos lampes, au contraire des gyrophares classiques, ne fonctionnent pas avec une ampoule mais avec un tube en U, les effets lumineux sont beaucoup plus aboutis.<br \/>\nL&rsquo;appareil fonctionne avec 12 V ou, branch\u00e9e sur r\u00e9seau de mani\u00e8re appropri\u00e9e, \u00e0 230 V. Toute utilisation priv\u00e9e sur les voies de circulation publiques (routes, chemins, places, etc.) est interdite ! Veuillez vous informer sur l&rsquo;utilisation de l&rsquo;appareil en consultant les directives l\u00e9gales en vigueur sur place.<\/p>\n<h3>Propri\u00e9t\u00e9s du produit :<\/h3>\n<p> Pied magn\u00e9tique avec un film de protection noir<br \/>\n inclut un long c\u00e2ble de raccordement en spirale pour allume-cigare de 12<br \/> Consommation \u00e9lectrique : env. 900 mA \u00e0 12 V<br \/>\n Test\u00e9 pour une utilisation ext\u00e9rieure<br \/>\n Bo\u00eetier en plastique r\u00e9sistant aux impacts<br \/>\n Tube en U avec 120 illuminations par minute<br \/>\n Hauteur de 90 mm<br \/>\n Diam\u00e8tre du pied : 130 mm<br \/>\n Diam\u00e8tre de la t\u00eate :  80 mm<br \/>\nPoids : 0,3 kg<\/p>\n<h3>Contenu de la livraison :<\/h3>\n<p>1 lumi\u00e8re stroboscopique avec un c\u00e2ble en spirale et une prise<\/p>\n","protected":false},"excerpt":{"rendered":"<p>lumi\u00e8re stroboscopique bleue, orange et rouge. Cette lumi\u00e8re rouge, bleu ou orange magn\u00e9tique est d\u00e9j\u00e0 pr\u00eate \u00e0 l&#8217;emploi et est fournie avec un c\u00e2ble en spirale pour brancher sur l&rsquo;allume-cigare. Lumi\u00e8re bleue, rouge ou orange avec effet stroboscopique, Technique robuste, Pr\u00eat \u00e0 brancher. Il suffit de mettre la prise dans l&rsquo;allume-cigare, et c&rsquo;est parti. Cette [&hellip;]<\/p>\n","protected":false},"featured_media":54783,"comment_status":"open","ping_status":"closed","template":"","meta":{"inline_featured_image":false},"product_brand":[],"product_cat":[1347,1343,1946],"product_tag":[1769,1773,1765],"class_list":{"0":"post-28304","1":"product","2":"type-product","3":"status-publish","4":"has-post-thumbnail","6":"product_cat-accessoires-militaires-de-chasse","7":"product_cat-lampes-lampes-de-poche","8":"product_cat-organisations-lumiere-bleue-securite","9":"product_tag-army-survival-fr","10":"product_tag-chasse-peche","11":"product_tag-sport-outdoor-fr","13":"first","14":"instock","15":"taxable","16":"shipping-taxable","17":"purchasable","18":"product-type-simple"},"_links":{"self":[{"href":"https:\/\/metal-badge.ch\/fr\/wp-json\/wp\/v2\/product\/28304","targetHints":{"allow":["GET"]}}],"collection":[{"href":"https:\/\/metal-badge.ch\/fr\/wp-json\/wp\/v2\/product"}],"about":[{"href":"https:\/\/metal-badge.ch\/fr\/wp-json\/wp\/v2\/types\/product"}],"replies":[{"embeddable":true,"href":"https:\/\/metal-badge.ch\/fr\/wp-json\/wp\/v2\/comments?post=28304"}],"wp:featuredmedia":[{"embeddable":true,"href":"https:\/\/metal-badge.ch\/fr\/wp-json\/wp\/v2\/media\/54783"}],"wp:attachment":[{"href":"https:\/\/metal-badge.ch\/fr\/wp-json\/wp\/v2\/media?parent=28304"}],"wp:term":[{"taxonomy":"product_brand","embeddable":true,"href":"https:\/\/metal-badge.ch\/fr\/wp-json\/wp\/v2\/product_brand?post=28304"},{"taxonomy":"product_cat","embeddable":true,"href":"https:\/\/metal-badge.ch\/fr\/wp-json\/wp\/v2\/product_cat?post=28304"},{"taxonomy":"product_tag","embeddable":true,"href":"https:\/\/metal-badge.ch\/fr\/wp-json\/wp\/v2\/product_tag?post=28304"}],"curies":[{"name":"wp","href":"https:\/\/api.w.org\/{rel}","templated":true}]}}